{"id":13610,"date":"2026-02-06T07:51:22","date_gmt":"2026-02-06T12:51:22","guid":{"rendered":"https:\/\/expedicionglobal.com.co\/?post_type=product&#038;p=13610"},"modified":"2026-02-06T07:52:11","modified_gmt":"2026-02-06T12:52:11","slug":"apartamento-turistico","status":"publish","type":"product","link":"https:\/\/expedicionglobal.com.co\/en\/product\/apartamento-turistico\/","title":{"rendered":"Tourist apartment."},"content":{"rendered":"<p>A modern and comfortable space for a good rest at the gateway to Colombia\u2019s Coffee Region.<\/p>\n<p>Comfortable and modern accommodation, ideal for tourists, families, and travelers seeking rest and tranquility at the gateway to Quind\u00edo.<\/p>\n<p>It features a cozy, fully equipped setting: a living-dining area, refrigerator, sofa bed, coffee maker, sandwich maker, rice cooker, juicer, one double bed, one single bed, a private bathroom, and a hot-water shower.<\/p>\n<p>It\u2019s the perfect place to relax and enjoy a pleasant stay, with easy access to the region\u2019s main tourist destinations.<\/p>\n<p data-start=\"110\" data-end=\"153\"><strong data-start=\"110\" data-end=\"153\">Modern and comfortable setting \u2013 Amenities and comforts.<\/strong><\/p>\n<p data-start=\"155\" data-end=\"186\">\ud83d\udecb\ufe0f <strong data-start=\"159\" data-end=\"184\">Furniture and rest.<\/strong><\/p>\n<ul data-start=\"187\" data-end=\"258\">\n<li data-start=\"187\" data-end=\"202\">\n<p data-start=\"189\" data-end=\"202\">1 sofa bed.<\/p>\n<\/li>\n<li data-start=\"203\" data-end=\"223\">\n<p data-start=\"205\" data-end=\"223\">1 bed (1.40 m wide).<\/p>\n<\/li>\n<li data-start=\"224\" data-end=\"244\">\n<p data-start=\"226\" data-end=\"244\">1 bed (1.20 m wide).<\/p>\n<\/li>\n<li data-start=\"245\" data-end=\"258\">\n<p data-start=\"247\" data-end=\"258\">1 dining table.<\/p>\n<\/li>\n<\/ul>\n<p data-start=\"260\" data-end=\"296\">\ud83c\udf7d\ufe0f <strong data-start=\"264\" data-end=\"294\">Kitchen and appliances.<\/strong><\/p>\n<ul data-start=\"297\" data-end=\"372\">\n<li data-start=\"297\" data-end=\"307\">\n<p data-start=\"299\" data-end=\"307\">Refrigerator.<\/p>\n<\/li>\n<li data-start=\"308\" data-end=\"320\">\n<p data-start=\"310\" data-end=\"320\">Coffee maker.<\/p>\n<\/li>\n<li data-start=\"321\" data-end=\"336\">\n<p data-start=\"323\" data-end=\"336\">Sandwich maker.<\/p>\n<\/li>\n<li data-start=\"337\" data-end=\"349\">\n<p data-start=\"339\" data-end=\"349\">Rice cooker.<\/p>\n<\/li>\n<li data-start=\"350\" data-end=\"372\">\n<p data-start=\"352\" data-end=\"372\">Juicer.<\/p>\n<\/li>\n<\/ul>\n<p data-start=\"374\" data-end=\"387\">\ud83d\udebf <strong data-start=\"377\" data-end=\"385\">Bathroom.<\/strong><\/p>\n<ul data-start=\"388\" data-end=\"426\">\n<li data-start=\"388\" data-end=\"398\">\n<p data-start=\"390\" data-end=\"398\">1 bathroom<\/p>\n<\/li>\n<li data-start=\"399\" data-end=\"426\">\n<p data-start=\"401\" data-end=\"426\">Hot-water shower.<\/p>\n<\/li>\n<\/ul>\n<p>Address: Calle 6 #5-43, Apartment 102, Cajamarca, Tolima.<\/p>\n<p>\u2705Contact: +57 3118320246.<\/p>","protected":false},"excerpt":{"rendered":"<p>Espacio moderno y c\u00f3modo para tener un buen descanso en la puerta de entrada al eje cafetero. Alojamiento c\u00f3modo y moderno, ideal para turistas, familias y viajeros que buscan descanso y tranquilidad en la puerta de entrada al Quind\u00edo. Cuenta con un ambiente acogedor y totalmente equipado: sala-comedor, nevera, sof\u00e1 cama, cafetera, sandwichera, arrocera, extractor [&hellip;]<\/p>","protected":false},"featured_media":13611,"comment_status":"open","ping_status":"closed","template":"","meta":{"_acf_changed":false,"_monsterinsights_skip_tracking":false,"_monsterinsights_sitenote_active":false,"_monsterinsights_sitenote_note":"","_monsterinsights_sitenote_category":0,"_joinchat":[]},"product_brand":[],"product_cat":[104,96,95],"product_tag":[],"class_list":{"0":"post-13610","1":"product","2":"type-product","3":"status-publish","4":"has-post-thumbnail","6":"product_cat-alojamiento","7":"product_cat-cajamarca-empresas","8":"product_cat-empresas","10":"first","11":"instock","12":"shipping-taxable","13":"product-type-simple"},"acf":[],"aioseo_notices":[],"yoast_head":"<!-- This site is optimized with the Yoast SEO plugin v25.3.1 - https:\/\/yoast.com\/wordpress\/plugins\/seo\/ -->\n<title>Apartamento Tur\u00edstico - Expedici\u00f3n global, operadora de turismo<\/title>\n<meta name=\"robots\" content=\"index, follow, max-snippet:-1, max-image-preview:large, max-video-preview:-1\" \/>\n<link rel=\"canonical\" href=\"https:\/\/expedicionglobal.com.co\/en\/product\/apartamento-turistico\/\" \/>\n<meta property=\"og:locale\" content=\"en_US\" \/>\n<meta property=\"og:type\" content=\"article\" \/>\n<meta property=\"og:title\" content=\"Apartamento Tur\u00edstico - Expedici\u00f3n global, operadora de turismo\" \/>\n<meta property=\"og:description\" content=\"Espacio moderno y c\u00f3modo para tener un buen descanso en la puerta de entrada al eje cafetero. Alojamiento c\u00f3modo y moderno, ideal para turistas, familias y viajeros que buscan descanso y tranquilidad en la puerta de entrada al Quind\u00edo. Cuenta con un ambiente acogedor y totalmente equipado: sala-comedor, nevera, sof\u00e1 cama, cafetera, sandwichera, arrocera, extractor [&hellip;]\" \/>\n<meta property=\"og:url\" content=\"https:\/\/expedicionglobal.com.co\/en\/product\/apartamento-turistico\/\" \/>\n<meta property=\"og:site_name\" content=\"Expedici\u00f3n global, operadora de turismo\" \/>\n<meta property=\"article:modified_time\" content=\"2026-02-06T12:52:11+00:00\" \/>\n<meta property=\"og:image\" content=\"https:\/\/expedicionglobal.com.co\/wp-content\/uploads\/2026\/02\/2.png\" \/>\n\t<meta property=\"og:image:width\" content=\"1920\" \/>\n\t<meta property=\"og:image:height\" content=\"1080\" \/>\n\t<meta property=\"og:image:type\" content=\"image\/png\" \/>\n<meta name=\"twitter:card\" content=\"summary_large_image\" \/>\n<meta name=\"twitter:label1\" content=\"Est. reading time\" \/>\n\t<meta name=\"twitter:data1\" content=\"1 minute\" \/>\n<script type=\"application\/ld+json\" class=\"yoast-schema-graph\">{\"@context\":\"https:\/\/schema.org\",\"@graph\":[{\"@type\":\"WebPage\",\"@id\":\"https:\/\/expedicionglobal.com.co\/producto\/apartamento-turistico\/\",\"url\":\"https:\/\/expedicionglobal.com.co\/producto\/apartamento-turistico\/\",\"name\":\"Apartamento Tur\u00edstico - Expedici\u00f3n global, operadora de turismo\",\"isPartOf\":{\"@id\":\"https:\/\/expedicionglobal.com.co\/#website\"},\"primaryImageOfPage\":{\"@id\":\"https:\/\/expedicionglobal.com.co\/producto\/apartamento-turistico\/#primaryimage\"},\"image\":{\"@id\":\"https:\/\/expedicionglobal.com.co\/producto\/apartamento-turistico\/#primaryimage\"},\"thumbnailUrl\":\"https:\/\/expedicionglobal.com.co\/wp-content\/uploads\/2026\/02\/2.png\",\"datePublished\":\"2026-02-06T12:51:22+00:00\",\"dateModified\":\"2026-02-06T12:52:11+00:00\",\"breadcrumb\":{\"@id\":\"https:\/\/expedicionglobal.com.co\/producto\/apartamento-turistico\/#breadcrumb\"},\"inLanguage\":\"en-US\",\"potentialAction\":[{\"@type\":\"ReadAction\",\"target\":[\"https:\/\/expedicionglobal.com.co\/producto\/apartamento-turistico\/\"]}]},{\"@type\":\"ImageObject\",\"inLanguage\":\"en-US\",\"@id\":\"https:\/\/expedicionglobal.com.co\/producto\/apartamento-turistico\/#primaryimage\",\"url\":\"https:\/\/expedicionglobal.com.co\/wp-content\/uploads\/2026\/02\/2.png\",\"contentUrl\":\"https:\/\/expedicionglobal.com.co\/wp-content\/uploads\/2026\/02\/2.png\",\"width\":1920,\"height\":1080},{\"@type\":\"BreadcrumbList\",\"@id\":\"https:\/\/expedicionglobal.com.co\/producto\/apartamento-turistico\/#breadcrumb\",\"itemListElement\":[{\"@type\":\"ListItem\",\"position\":1,\"name\":\"Inicio\",\"item\":\"https:\/\/expedicionglobal.com.co\/\"},{\"@type\":\"ListItem\",\"position\":2,\"name\":\"Products\",\"item\":\"https:\/\/expedicionglobal.com.co\/en\/shop__trashed\/\"},{\"@type\":\"ListItem\",\"position\":3,\"name\":\"Apartamento Tur\u00edstico\"}]},{\"@type\":\"WebSite\",\"@id\":\"https:\/\/expedicionglobal.com.co\/#website\",\"url\":\"https:\/\/expedicionglobal.com.co\/\",\"name\":\"Expedici\u00f3n global, operadora de turismo\",\"description\":\"Expedici\u00f3n Global ofrece viajes sostenibles y aut\u00e9nticos que conectan con la esencia natural, cultural y gastron\u00f3mica de Colombia y el mundo. Explora con prop\u00f3sito, preserva su esencia.\",\"potentialAction\":[{\"@type\":\"SearchAction\",\"target\":{\"@type\":\"EntryPoint\",\"urlTemplate\":\"https:\/\/expedicionglobal.com.co\/?s={search_term_string}\"},\"query-input\":{\"@type\":\"PropertyValueSpecification\",\"valueRequired\":true,\"valueName\":\"search_term_string\"}}],\"inLanguage\":\"en-US\"}]}<\/script>\n<!-- \/ Yoast SEO plugin. -->","yoast_head_json":{"title":"Apartamento Tur\u00edstico - Expedici\u00f3n global, operadora de turismo","robots":{"index":"index","follow":"follow","max-snippet":"max-snippet:-1","max-image-preview":"max-image-preview:large","max-video-preview":"max-video-preview:-1"},"canonical":"https:\/\/expedicionglobal.com.co\/en\/product\/apartamento-turistico\/","og_locale":"en_US","og_type":"article","og_title":"Apartamento Tur\u00edstico - Expedici\u00f3n global, operadora de turismo","og_description":"Espacio moderno y c\u00f3modo para tener un buen descanso en la puerta de entrada al eje cafetero. Alojamiento c\u00f3modo y moderno, ideal para turistas, familias y viajeros que buscan descanso y tranquilidad en la puerta de entrada al Quind\u00edo. Cuenta con un ambiente acogedor y totalmente equipado: sala-comedor, nevera, sof\u00e1 cama, cafetera, sandwichera, arrocera, extractor [&hellip;]","og_url":"https:\/\/expedicionglobal.com.co\/en\/product\/apartamento-turistico\/","og_site_name":"Expedici\u00f3n global, operadora de turismo","article_modified_time":"2026-02-06T12:52:11+00:00","og_image":[{"width":1920,"height":1080,"url":"https:\/\/expedicionglobal.com.co\/wp-content\/uploads\/2026\/02\/2.png","type":"image\/png"}],"twitter_card":"summary_large_image","twitter_misc":{"Est. reading time":"1 minute"},"schema":{"@context":"https:\/\/schema.org","@graph":[{"@type":"WebPage","@id":"https:\/\/expedicionglobal.com.co\/producto\/apartamento-turistico\/","url":"https:\/\/expedicionglobal.com.co\/producto\/apartamento-turistico\/","name":"Apartamento Tur\u00edstico - Expedici\u00f3n global, operadora de turismo","isPartOf":{"@id":"https:\/\/expedicionglobal.com.co\/#website"},"primaryImageOfPage":{"@id":"https:\/\/expedicionglobal.com.co\/producto\/apartamento-turistico\/#primaryimage"},"image":{"@id":"https:\/\/expedicionglobal.com.co\/producto\/apartamento-turistico\/#primaryimage"},"thumbnailUrl":"https:\/\/expedicionglobal.com.co\/wp-content\/uploads\/2026\/02\/2.png","datePublished":"2026-02-06T12:51:22+00:00","dateModified":"2026-02-06T12:52:11+00:00","breadcrumb":{"@id":"https:\/\/expedicionglobal.com.co\/producto\/apartamento-turistico\/#breadcrumb"},"inLanguage":"en-US","potentialAction":[{"@type":"ReadAction","target":["https:\/\/expedicionglobal.com.co\/producto\/apartamento-turistico\/"]}]},{"@type":"ImageObject","inLanguage":"en-US","@id":"https:\/\/expedicionglobal.com.co\/producto\/apartamento-turistico\/#primaryimage","url":"https:\/\/expedicionglobal.com.co\/wp-content\/uploads\/2026\/02\/2.png","contentUrl":"https:\/\/expedicionglobal.com.co\/wp-content\/uploads\/2026\/02\/2.png","width":1920,"height":1080},{"@type":"BreadcrumbList","@id":"https:\/\/expedicionglobal.com.co\/producto\/apartamento-turistico\/#breadcrumb","itemListElement":[{"@type":"ListItem","position":1,"name":"Inicio","item":"https:\/\/expedicionglobal.com.co\/"},{"@type":"ListItem","position":2,"name":"Products","item":"https:\/\/expedicionglobal.com.co\/en\/shop__trashed\/"},{"@type":"ListItem","position":3,"name":"Apartamento Tur\u00edstico"}]},{"@type":"WebSite","@id":"https:\/\/expedicionglobal.com.co\/#website","url":"https:\/\/expedicionglobal.com.co\/","name":"Expedici\u00f3n global, operadora de turismo","description":"Expedici\u00f3n Global ofrece viajes sostenibles y aut\u00e9nticos que conectan con la esencia natural, cultural y gastron\u00f3mica de Colombia y el mundo. Explora con prop\u00f3sito, preserva su esencia.","potentialAction":[{"@type":"SearchAction","target":{"@type":"EntryPoint","urlTemplate":"https:\/\/expedicionglobal.com.co\/?s={search_term_string}"},"query-input":{"@type":"PropertyValueSpecification","valueRequired":true,"valueName":"search_term_string"}}],"inLanguage":"en-US"}]}},"_links":{"self":[{"href":"https:\/\/expedicionglobal.com.co\/en\/wp-json\/wp\/v2\/product\/13610","targetHints":{"allow":["GET"]}}],"collection":[{"href":"https:\/\/expedicionglobal.com.co\/en\/wp-json\/wp\/v2\/product"}],"about":[{"href":"https:\/\/expedicionglobal.com.co\/en\/wp-json\/wp\/v2\/types\/product"}],"replies":[{"embeddable":true,"href":"https:\/\/expedicionglobal.com.co\/en\/wp-json\/wp\/v2\/comments?post=13610"}],"version-history":[{"count":1,"href":"https:\/\/expedicionglobal.com.co\/en\/wp-json\/wp\/v2\/product\/13610\/revisions"}],"predecessor-version":[{"id":13623,"href":"https:\/\/expedicionglobal.com.co\/en\/wp-json\/wp\/v2\/product\/13610\/revisions\/13623"}],"wp:featuredmedia":[{"embeddable":true,"href":"https:\/\/expedicionglobal.com.co\/en\/wp-json\/wp\/v2\/media\/13611"}],"wp:attachment":[{"href":"https:\/\/expedicionglobal.com.co\/en\/wp-json\/wp\/v2\/media?parent=13610"}],"wp:term":[{"taxonomy":"product_brand","embeddable":true,"href":"https:\/\/expedicionglobal.com.co\/en\/wp-json\/wp\/v2\/product_brand?post=13610"},{"taxonomy":"product_cat","embeddable":true,"href":"https:\/\/expedicionglobal.com.co\/en\/wp-json\/wp\/v2\/product_cat?post=13610"},{"taxonomy":"product_tag","embeddable":true,"href":"https:\/\/expedicionglobal.com.co\/en\/wp-json\/wp\/v2\/product_tag?post=13610"}],"curies":[{"name":"wp","href":"https:\/\/api.w.org\/{rel}","templated":true}]}}