{"id":13529,"date":"2026-01-09T09:39:53","date_gmt":"2026-01-09T14:39:53","guid":{"rendered":"https:\/\/expedicionglobal.com.co\/?post_type=product&#038;p=13529"},"modified":"2026-01-15T15:52:50","modified_gmt":"2026-01-15T20:52:50","slug":"dulce-maria","status":"publish","type":"product","link":"https:\/\/expedicionglobal.com.co\/en\/product\/dulce-maria\/","title":{"rendered":"Dulce Mar\u00eda"},"content":{"rendered":"<p>The Heart of Flavors in Cajamarca, Tolima.<\/p>\n<p>Discover the perfect place to sweeten your days at Dulce Mar\u00eda, where the freshness of our land and tradition come together to offer you unforgettable moments. Located in the beautiful municipality of Cajamarca, Tolima, we are the ideal destination for those seeking quality and variety all in one place.<br \/>\nLet yourself be tempted by our generous fruit salads, refreshing cholados and shaved-ice slushies, or enjoy the sweet touch of our obleas, strawberries with cream, and irresistible chocolate-covered strawberries. We also offer the best of our culture to go with your afternoons: an authentic tinto, pintado, Milo, or a comforting herbal tea, as well as freshly made natural juices and lemonades. We invite you to enjoy a warm, family-friendly atmosphere, where every product is served with the warmth and hospitality that define us. Come to Dulce Mar\u00eda and enjoy an experience full of freshness and flavor!<\/p>\n<p><strong>Cell phone: 313 3838631<\/strong><\/p>","protected":false},"excerpt":{"rendered":"<p>El Coraz\u00f3n de los Sabores en Cajamarca, Tolima Descubre el lugar perfecto para endulzar tus d\u00edas en Dulce Mar\u00eda, donde la frescura de nuestra tierra y la tradici\u00f3n se unen para ofrecerte momentos inolvidables. Ubicados en el hermoso municipio de Cajamarca, Tolima, somos el destino ideal para quienes buscan calidad y variedad en un solo [&hellip;]<\/p>","protected":false},"featured_media":13531,"comment_status":"open","ping_status":"closed","template":"","meta":{"_acf_changed":false,"_monsterinsights_skip_tracking":false,"_monsterinsights_sitenote_active":false,"_monsterinsights_sitenote_note":"","_monsterinsights_sitenote_category":0,"_joinchat":[]},"product_brand":[],"product_cat":[96,56,95,105],"product_tag":[],"class_list":{"0":"post-13529","1":"product","2":"type-product","3":"status-publish","4":"has-post-thumbnail","6":"product_cat-cajamarca-empresas","7":"product_cat-cajamarca-tolima","8":"product_cat-empresas","9":"product_cat-gastronomia","11":"first","12":"instock","13":"shipping-taxable","14":"product-type-simple"},"acf":[],"aioseo_notices":[],"yoast_head":"<!-- This site is optimized with the Yoast SEO plugin v25.3.1 - https:\/\/yoast.com\/wordpress\/plugins\/seo\/ -->\n<title>Dulce Mar\u00eda - Expedici\u00f3n global, operadora de turismo<\/title>\n<meta name=\"robots\" content=\"index, follow, max-snippet:-1, max-image-preview:large, max-video-preview:-1\" \/>\n<link rel=\"canonical\" href=\"https:\/\/expedicionglobal.com.co\/en\/product\/dulce-maria\/\" \/>\n<meta property=\"og:locale\" content=\"en_US\" \/>\n<meta property=\"og:type\" content=\"article\" \/>\n<meta property=\"og:title\" content=\"Dulce Mar\u00eda - Expedici\u00f3n global, operadora de turismo\" \/>\n<meta property=\"og:description\" content=\"El Coraz\u00f3n de los Sabores en Cajamarca, Tolima Descubre el lugar perfecto para endulzar tus d\u00edas en Dulce Mar\u00eda, donde la frescura de nuestra tierra y la tradici\u00f3n se unen para ofrecerte momentos inolvidables. Ubicados en el hermoso municipio de Cajamarca, Tolima, somos el destino ideal para quienes buscan calidad y variedad en un solo [&hellip;]\" \/>\n<meta property=\"og:url\" content=\"https:\/\/expedicionglobal.com.co\/en\/product\/dulce-maria\/\" \/>\n<meta property=\"og:site_name\" content=\"Expedici\u00f3n global, operadora de turismo\" \/>\n<meta property=\"article:modified_time\" content=\"2026-01-15T20:52:50+00:00\" \/>\n<meta property=\"og:image\" content=\"https:\/\/expedicionglobal.com.co\/wp-content\/uploads\/2026\/01\/Dulcemaria-1-1024x576.png\" \/>\n\t<meta property=\"og:image:width\" content=\"1024\" \/>\n\t<meta property=\"og:image:height\" content=\"576\" \/>\n\t<meta property=\"og:image:type\" content=\"image\/png\" \/>\n<meta name=\"twitter:card\" content=\"summary_large_image\" \/>\n<meta name=\"twitter:label1\" content=\"Est. reading time\" \/>\n\t<meta name=\"twitter:data1\" content=\"1 minute\" \/>\n<script type=\"application\/ld+json\" class=\"yoast-schema-graph\">{\"@context\":\"https:\/\/schema.org\",\"@graph\":[{\"@type\":\"WebPage\",\"@id\":\"https:\/\/expedicionglobal.com.co\/producto\/dulce-maria\/\",\"url\":\"https:\/\/expedicionglobal.com.co\/producto\/dulce-maria\/\",\"name\":\"Dulce Mar\u00eda - Expedici\u00f3n global, operadora de turismo\",\"isPartOf\":{\"@id\":\"https:\/\/expedicionglobal.com.co\/#website\"},\"primaryImageOfPage\":{\"@id\":\"https:\/\/expedicionglobal.com.co\/producto\/dulce-maria\/#primaryimage\"},\"image\":{\"@id\":\"https:\/\/expedicionglobal.com.co\/producto\/dulce-maria\/#primaryimage\"},\"thumbnailUrl\":\"https:\/\/expedicionglobal.com.co\/wp-content\/uploads\/2026\/01\/Dulcemaria-1.png\",\"datePublished\":\"2026-01-09T14:39:53+00:00\",\"dateModified\":\"2026-01-15T20:52:50+00:00\",\"breadcrumb\":{\"@id\":\"https:\/\/expedicionglobal.com.co\/producto\/dulce-maria\/#breadcrumb\"},\"inLanguage\":\"en-US\",\"potentialAction\":[{\"@type\":\"ReadAction\",\"target\":[\"https:\/\/expedicionglobal.com.co\/producto\/dulce-maria\/\"]}]},{\"@type\":\"ImageObject\",\"inLanguage\":\"en-US\",\"@id\":\"https:\/\/expedicionglobal.com.co\/producto\/dulce-maria\/#primaryimage\",\"url\":\"https:\/\/expedicionglobal.com.co\/wp-content\/uploads\/2026\/01\/Dulcemaria-1.png\",\"contentUrl\":\"https:\/\/expedicionglobal.com.co\/wp-content\/uploads\/2026\/01\/Dulcemaria-1.png\",\"width\":1920,\"height\":1080},{\"@type\":\"BreadcrumbList\",\"@id\":\"https:\/\/expedicionglobal.com.co\/producto\/dulce-maria\/#breadcrumb\",\"itemListElement\":[{\"@type\":\"ListItem\",\"position\":1,\"name\":\"Inicio\",\"item\":\"https:\/\/expedicionglobal.com.co\/\"},{\"@type\":\"ListItem\",\"position\":2,\"name\":\"Products\",\"item\":\"https:\/\/expedicionglobal.com.co\/en\/shop__trashed\/\"},{\"@type\":\"ListItem\",\"position\":3,\"name\":\"Dulce Mar\u00eda\"}]},{\"@type\":\"WebSite\",\"@id\":\"https:\/\/expedicionglobal.com.co\/#website\",\"url\":\"https:\/\/expedicionglobal.com.co\/\",\"name\":\"Expedici\u00f3n global, operadora de turismo\",\"description\":\"Expedici\u00f3n Global ofrece viajes sostenibles y aut\u00e9nticos que conectan con la esencia natural, cultural y gastron\u00f3mica de Colombia y el mundo. Explora con prop\u00f3sito, preserva su esencia.\",\"potentialAction\":[{\"@type\":\"SearchAction\",\"target\":{\"@type\":\"EntryPoint\",\"urlTemplate\":\"https:\/\/expedicionglobal.com.co\/?s={search_term_string}\"},\"query-input\":{\"@type\":\"PropertyValueSpecification\",\"valueRequired\":true,\"valueName\":\"search_term_string\"}}],\"inLanguage\":\"en-US\"}]}<\/script>\n<!-- \/ Yoast SEO plugin. -->","yoast_head_json":{"title":"Dulce Mar\u00eda - Expedici\u00f3n global, operadora de turismo","robots":{"index":"index","follow":"follow","max-snippet":"max-snippet:-1","max-image-preview":"max-image-preview:large","max-video-preview":"max-video-preview:-1"},"canonical":"https:\/\/expedicionglobal.com.co\/en\/product\/dulce-maria\/","og_locale":"en_US","og_type":"article","og_title":"Dulce Mar\u00eda - Expedici\u00f3n global, operadora de turismo","og_description":"El Coraz\u00f3n de los Sabores en Cajamarca, Tolima Descubre el lugar perfecto para endulzar tus d\u00edas en Dulce Mar\u00eda, donde la frescura de nuestra tierra y la tradici\u00f3n se unen para ofrecerte momentos inolvidables. Ubicados en el hermoso municipio de Cajamarca, Tolima, somos el destino ideal para quienes buscan calidad y variedad en un solo [&hellip;]","og_url":"https:\/\/expedicionglobal.com.co\/en\/product\/dulce-maria\/","og_site_name":"Expedici\u00f3n global, operadora de turismo","article_modified_time":"2026-01-15T20:52:50+00:00","og_image":[{"width":1024,"height":576,"url":"https:\/\/expedicionglobal.com.co\/wp-content\/uploads\/2026\/01\/Dulcemaria-1-1024x576.png","type":"image\/png"}],"twitter_card":"summary_large_image","twitter_misc":{"Est. reading time":"1 minute"},"schema":{"@context":"https:\/\/schema.org","@graph":[{"@type":"WebPage","@id":"https:\/\/expedicionglobal.com.co\/producto\/dulce-maria\/","url":"https:\/\/expedicionglobal.com.co\/producto\/dulce-maria\/","name":"Dulce Mar\u00eda - Expedici\u00f3n global, operadora de turismo","isPartOf":{"@id":"https:\/\/expedicionglobal.com.co\/#website"},"primaryImageOfPage":{"@id":"https:\/\/expedicionglobal.com.co\/producto\/dulce-maria\/#primaryimage"},"image":{"@id":"https:\/\/expedicionglobal.com.co\/producto\/dulce-maria\/#primaryimage"},"thumbnailUrl":"https:\/\/expedicionglobal.com.co\/wp-content\/uploads\/2026\/01\/Dulcemaria-1.png","datePublished":"2026-01-09T14:39:53+00:00","dateModified":"2026-01-15T20:52:50+00:00","breadcrumb":{"@id":"https:\/\/expedicionglobal.com.co\/producto\/dulce-maria\/#breadcrumb"},"inLanguage":"en-US","potentialAction":[{"@type":"ReadAction","target":["https:\/\/expedicionglobal.com.co\/producto\/dulce-maria\/"]}]},{"@type":"ImageObject","inLanguage":"en-US","@id":"https:\/\/expedicionglobal.com.co\/producto\/dulce-maria\/#primaryimage","url":"https:\/\/expedicionglobal.com.co\/wp-content\/uploads\/2026\/01\/Dulcemaria-1.png","contentUrl":"https:\/\/expedicionglobal.com.co\/wp-content\/uploads\/2026\/01\/Dulcemaria-1.png","width":1920,"height":1080},{"@type":"BreadcrumbList","@id":"https:\/\/expedicionglobal.com.co\/producto\/dulce-maria\/#breadcrumb","itemListElement":[{"@type":"ListItem","position":1,"name":"Inicio","item":"https:\/\/expedicionglobal.com.co\/"},{"@type":"ListItem","position":2,"name":"Products","item":"https:\/\/expedicionglobal.com.co\/en\/shop__trashed\/"},{"@type":"ListItem","position":3,"name":"Dulce Mar\u00eda"}]},{"@type":"WebSite","@id":"https:\/\/expedicionglobal.com.co\/#website","url":"https:\/\/expedicionglobal.com.co\/","name":"Expedici\u00f3n global, operadora de turismo","description":"Expedici\u00f3n Global ofrece viajes sostenibles y aut\u00e9nticos que conectan con la esencia natural, cultural y gastron\u00f3mica de Colombia y el mundo. Explora con prop\u00f3sito, preserva su esencia.","potentialAction":[{"@type":"SearchAction","target":{"@type":"EntryPoint","urlTemplate":"https:\/\/expedicionglobal.com.co\/?s={search_term_string}"},"query-input":{"@type":"PropertyValueSpecification","valueRequired":true,"valueName":"search_term_string"}}],"inLanguage":"en-US"}]}},"_links":{"self":[{"href":"https:\/\/expedicionglobal.com.co\/en\/wp-json\/wp\/v2\/product\/13529","targetHints":{"allow":["GET"]}}],"collection":[{"href":"https:\/\/expedicionglobal.com.co\/en\/wp-json\/wp\/v2\/product"}],"about":[{"href":"https:\/\/expedicionglobal.com.co\/en\/wp-json\/wp\/v2\/types\/product"}],"replies":[{"embeddable":true,"href":"https:\/\/expedicionglobal.com.co\/en\/wp-json\/wp\/v2\/comments?post=13529"}],"version-history":[{"count":1,"href":"https:\/\/expedicionglobal.com.co\/en\/wp-json\/wp\/v2\/product\/13529\/revisions"}],"predecessor-version":[{"id":13557,"href":"https:\/\/expedicionglobal.com.co\/en\/wp-json\/wp\/v2\/product\/13529\/revisions\/13557"}],"wp:featuredmedia":[{"embeddable":true,"href":"https:\/\/expedicionglobal.com.co\/en\/wp-json\/wp\/v2\/media\/13531"}],"wp:attachment":[{"href":"https:\/\/expedicionglobal.com.co\/en\/wp-json\/wp\/v2\/media?parent=13529"}],"wp:term":[{"taxonomy":"product_brand","embeddable":true,"href":"https:\/\/expedicionglobal.com.co\/en\/wp-json\/wp\/v2\/product_brand?post=13529"},{"taxonomy":"product_cat","embeddable":true,"href":"https:\/\/expedicionglobal.com.co\/en\/wp-json\/wp\/v2\/product_cat?post=13529"},{"taxonomy":"product_tag","embeddable":true,"href":"https:\/\/expedicionglobal.com.co\/en\/wp-json\/wp\/v2\/product_tag?post=13529"}],"curies":[{"name":"wp","href":"https:\/\/api.w.org\/{rel}","templated":true}]}}