{"id":13454,"date":"2025-12-26T09:54:08","date_gmt":"2025-12-26T14:54:08","guid":{"rendered":"https:\/\/expedicionglobal.com.co\/?post_type=product&#038;p=13454"},"modified":"2025-12-26T10:17:15","modified_gmt":"2025-12-26T15:17:15","slug":"urapanes-del-bosque","status":"publish","type":"product","link":"https:\/\/expedicionglobal.com.co\/en\/product\/urapanes-del-bosque\/","title":{"rendered":"Urapanes del bosque"},"content":{"rendered":"<p><span class=\"inline-flex\" data-state=\"closed\">We offer all-inclusive lodging plans surrounded by nature: a rest plan and a special couples\u2019 plan in one of our treehouse cabins, which are self-sustaining with solar power, a hot-water shower, and an eco-friendly roof. We also offer a rest plan for a group of friends or a family in the main cabin.\n\nBecause we\u2019re in Colombia\u2019s agricultural pantry, most of our food is made with the best-quality local products\u2014free-range eggs, specialty coffee, organic chocolate, organic panela, produce from our garden, and more. Service is personalized and capacity is limited to ensure our guests\u2019 peace and tranquility.<\/span><\/p>","protected":false},"excerpt":{"rendered":"<p>Tenemos planes de hospedaje en medio de la naturaleza todo inclu\u00eddo, plan descanso y plan especial para pareja en una de las casitas entre los \u00e1rboles, que son autosostenible, con energ\u00eda solar, ducha con agua caliente, techo ecol\u00f3gico. \u200cO plan descanso para grupo de amigos o familia en la caba\u00f1a principal. La alimentaci\u00f3n que manejamos, [&hellip;]<\/p>","protected":false},"featured_media":13459,"comment_status":"open","ping_status":"closed","template":"","meta":{"_acf_changed":false,"_monsterinsights_skip_tracking":false,"_monsterinsights_sitenote_active":false,"_monsterinsights_sitenote_note":"","_monsterinsights_sitenote_category":0,"_joinchat":[]},"product_brand":[],"product_cat":[104,96,95],"product_tag":[],"class_list":{"0":"post-13454","1":"product","2":"type-product","3":"status-publish","4":"has-post-thumbnail","6":"product_cat-alojamiento","7":"product_cat-cajamarca-empresas","8":"product_cat-empresas","10":"first","11":"instock","12":"shipping-taxable","13":"product-type-simple"},"acf":[],"aioseo_notices":[],"yoast_head":"<!-- This site is optimized with the Yoast SEO plugin v25.3.1 - https:\/\/yoast.com\/wordpress\/plugins\/seo\/ -->\n<title>Urapanes del bosque - Expedici\u00f3n global, operadora de turismo<\/title>\n<meta name=\"robots\" content=\"index, follow, max-snippet:-1, max-image-preview:large, max-video-preview:-1\" \/>\n<link rel=\"canonical\" href=\"https:\/\/expedicionglobal.com.co\/en\/product\/urapanes-del-bosque\/\" \/>\n<meta property=\"og:locale\" content=\"en_US\" \/>\n<meta property=\"og:type\" content=\"article\" \/>\n<meta property=\"og:title\" content=\"Urapanes del bosque - Expedici\u00f3n global, operadora de turismo\" \/>\n<meta property=\"og:description\" content=\"Tenemos planes de hospedaje en medio de la naturaleza todo inclu\u00eddo, plan descanso y plan especial para pareja en una de las casitas entre los \u00e1rboles, que son autosostenible, con energ\u00eda solar, ducha con agua caliente, techo ecol\u00f3gico. \u200cO plan descanso para grupo de amigos o familia en la caba\u00f1a principal. La alimentaci\u00f3n que manejamos, [&hellip;]\" \/>\n<meta property=\"og:url\" content=\"https:\/\/expedicionglobal.com.co\/en\/product\/urapanes-del-bosque\/\" \/>\n<meta property=\"og:site_name\" content=\"Expedici\u00f3n global, operadora de turismo\" \/>\n<meta property=\"article:modified_time\" content=\"2025-12-26T15:17:15+00:00\" \/>\n<meta property=\"og:image\" content=\"https:\/\/expedicionglobal.com.co\/wp-content\/uploads\/2025\/12\/urapanes4-1024x576.png\" \/>\n\t<meta property=\"og:image:width\" content=\"1024\" \/>\n\t<meta property=\"og:image:height\" content=\"576\" \/>\n\t<meta property=\"og:image:type\" content=\"image\/png\" \/>\n<meta name=\"twitter:card\" content=\"summary_large_image\" \/>\n<meta name=\"twitter:label1\" content=\"Est. reading time\" \/>\n\t<meta name=\"twitter:data1\" content=\"1 minute\" \/>\n<script type=\"application\/ld+json\" class=\"yoast-schema-graph\">{\"@context\":\"https:\/\/schema.org\",\"@graph\":[{\"@type\":\"WebPage\",\"@id\":\"https:\/\/expedicionglobal.com.co\/producto\/urapanes-del-bosque\/\",\"url\":\"https:\/\/expedicionglobal.com.co\/producto\/urapanes-del-bosque\/\",\"name\":\"Urapanes del bosque - Expedici\u00f3n global, operadora de turismo\",\"isPartOf\":{\"@id\":\"https:\/\/expedicionglobal.com.co\/#website\"},\"primaryImageOfPage\":{\"@id\":\"https:\/\/expedicionglobal.com.co\/producto\/urapanes-del-bosque\/#primaryimage\"},\"image\":{\"@id\":\"https:\/\/expedicionglobal.com.co\/producto\/urapanes-del-bosque\/#primaryimage\"},\"thumbnailUrl\":\"https:\/\/expedicionglobal.com.co\/wp-content\/uploads\/2025\/12\/urapanes4.png\",\"datePublished\":\"2025-12-26T14:54:08+00:00\",\"dateModified\":\"2025-12-26T15:17:15+00:00\",\"breadcrumb\":{\"@id\":\"https:\/\/expedicionglobal.com.co\/producto\/urapanes-del-bosque\/#breadcrumb\"},\"inLanguage\":\"en-US\",\"potentialAction\":[{\"@type\":\"ReadAction\",\"target\":[\"https:\/\/expedicionglobal.com.co\/producto\/urapanes-del-bosque\/\"]}]},{\"@type\":\"ImageObject\",\"inLanguage\":\"en-US\",\"@id\":\"https:\/\/expedicionglobal.com.co\/producto\/urapanes-del-bosque\/#primaryimage\",\"url\":\"https:\/\/expedicionglobal.com.co\/wp-content\/uploads\/2025\/12\/urapanes4.png\",\"contentUrl\":\"https:\/\/expedicionglobal.com.co\/wp-content\/uploads\/2025\/12\/urapanes4.png\",\"width\":1920,\"height\":1080},{\"@type\":\"BreadcrumbList\",\"@id\":\"https:\/\/expedicionglobal.com.co\/producto\/urapanes-del-bosque\/#breadcrumb\",\"itemListElement\":[{\"@type\":\"ListItem\",\"position\":1,\"name\":\"Inicio\",\"item\":\"https:\/\/expedicionglobal.com.co\/\"},{\"@type\":\"ListItem\",\"position\":2,\"name\":\"Products\",\"item\":\"https:\/\/expedicionglobal.com.co\/en\/shop__trashed\/\"},{\"@type\":\"ListItem\",\"position\":3,\"name\":\"Urapanes del bosque\"}]},{\"@type\":\"WebSite\",\"@id\":\"https:\/\/expedicionglobal.com.co\/#website\",\"url\":\"https:\/\/expedicionglobal.com.co\/\",\"name\":\"Expedici\u00f3n global, operadora de turismo\",\"description\":\"Expedici\u00f3n Global ofrece viajes sostenibles y aut\u00e9nticos que conectan con la esencia natural, cultural y gastron\u00f3mica de Colombia y el mundo. Explora con prop\u00f3sito, preserva su esencia.\",\"potentialAction\":[{\"@type\":\"SearchAction\",\"target\":{\"@type\":\"EntryPoint\",\"urlTemplate\":\"https:\/\/expedicionglobal.com.co\/?s={search_term_string}\"},\"query-input\":{\"@type\":\"PropertyValueSpecification\",\"valueRequired\":true,\"valueName\":\"search_term_string\"}}],\"inLanguage\":\"en-US\"}]}<\/script>\n<!-- \/ Yoast SEO plugin. -->","yoast_head_json":{"title":"Urapanes del bosque - Expedici\u00f3n global, operadora de turismo","robots":{"index":"index","follow":"follow","max-snippet":"max-snippet:-1","max-image-preview":"max-image-preview:large","max-video-preview":"max-video-preview:-1"},"canonical":"https:\/\/expedicionglobal.com.co\/en\/product\/urapanes-del-bosque\/","og_locale":"en_US","og_type":"article","og_title":"Urapanes del bosque - Expedici\u00f3n global, operadora de turismo","og_description":"Tenemos planes de hospedaje en medio de la naturaleza todo inclu\u00eddo, plan descanso y plan especial para pareja en una de las casitas entre los \u00e1rboles, que son autosostenible, con energ\u00eda solar, ducha con agua caliente, techo ecol\u00f3gico. \u200cO plan descanso para grupo de amigos o familia en la caba\u00f1a principal. La alimentaci\u00f3n que manejamos, [&hellip;]","og_url":"https:\/\/expedicionglobal.com.co\/en\/product\/urapanes-del-bosque\/","og_site_name":"Expedici\u00f3n global, operadora de turismo","article_modified_time":"2025-12-26T15:17:15+00:00","og_image":[{"width":1024,"height":576,"url":"https:\/\/expedicionglobal.com.co\/wp-content\/uploads\/2025\/12\/urapanes4-1024x576.png","type":"image\/png"}],"twitter_card":"summary_large_image","twitter_misc":{"Est. reading time":"1 minute"},"schema":{"@context":"https:\/\/schema.org","@graph":[{"@type":"WebPage","@id":"https:\/\/expedicionglobal.com.co\/producto\/urapanes-del-bosque\/","url":"https:\/\/expedicionglobal.com.co\/producto\/urapanes-del-bosque\/","name":"Urapanes del bosque - Expedici\u00f3n global, operadora de turismo","isPartOf":{"@id":"https:\/\/expedicionglobal.com.co\/#website"},"primaryImageOfPage":{"@id":"https:\/\/expedicionglobal.com.co\/producto\/urapanes-del-bosque\/#primaryimage"},"image":{"@id":"https:\/\/expedicionglobal.com.co\/producto\/urapanes-del-bosque\/#primaryimage"},"thumbnailUrl":"https:\/\/expedicionglobal.com.co\/wp-content\/uploads\/2025\/12\/urapanes4.png","datePublished":"2025-12-26T14:54:08+00:00","dateModified":"2025-12-26T15:17:15+00:00","breadcrumb":{"@id":"https:\/\/expedicionglobal.com.co\/producto\/urapanes-del-bosque\/#breadcrumb"},"inLanguage":"en-US","potentialAction":[{"@type":"ReadAction","target":["https:\/\/expedicionglobal.com.co\/producto\/urapanes-del-bosque\/"]}]},{"@type":"ImageObject","inLanguage":"en-US","@id":"https:\/\/expedicionglobal.com.co\/producto\/urapanes-del-bosque\/#primaryimage","url":"https:\/\/expedicionglobal.com.co\/wp-content\/uploads\/2025\/12\/urapanes4.png","contentUrl":"https:\/\/expedicionglobal.com.co\/wp-content\/uploads\/2025\/12\/urapanes4.png","width":1920,"height":1080},{"@type":"BreadcrumbList","@id":"https:\/\/expedicionglobal.com.co\/producto\/urapanes-del-bosque\/#breadcrumb","itemListElement":[{"@type":"ListItem","position":1,"name":"Inicio","item":"https:\/\/expedicionglobal.com.co\/"},{"@type":"ListItem","position":2,"name":"Products","item":"https:\/\/expedicionglobal.com.co\/en\/shop__trashed\/"},{"@type":"ListItem","position":3,"name":"Urapanes del bosque"}]},{"@type":"WebSite","@id":"https:\/\/expedicionglobal.com.co\/#website","url":"https:\/\/expedicionglobal.com.co\/","name":"Expedici\u00f3n global, operadora de turismo","description":"Expedici\u00f3n Global ofrece viajes sostenibles y aut\u00e9nticos que conectan con la esencia natural, cultural y gastron\u00f3mica de Colombia y el mundo. Explora con prop\u00f3sito, preserva su esencia.","potentialAction":[{"@type":"SearchAction","target":{"@type":"EntryPoint","urlTemplate":"https:\/\/expedicionglobal.com.co\/?s={search_term_string}"},"query-input":{"@type":"PropertyValueSpecification","valueRequired":true,"valueName":"search_term_string"}}],"inLanguage":"en-US"}]}},"_links":{"self":[{"href":"https:\/\/expedicionglobal.com.co\/en\/wp-json\/wp\/v2\/product\/13454","targetHints":{"allow":["GET"]}}],"collection":[{"href":"https:\/\/expedicionglobal.com.co\/en\/wp-json\/wp\/v2\/product"}],"about":[{"href":"https:\/\/expedicionglobal.com.co\/en\/wp-json\/wp\/v2\/types\/product"}],"replies":[{"embeddable":true,"href":"https:\/\/expedicionglobal.com.co\/en\/wp-json\/wp\/v2\/comments?post=13454"}],"version-history":[{"count":1,"href":"https:\/\/expedicionglobal.com.co\/en\/wp-json\/wp\/v2\/product\/13454\/revisions"}],"predecessor-version":[{"id":13460,"href":"https:\/\/expedicionglobal.com.co\/en\/wp-json\/wp\/v2\/product\/13454\/revisions\/13460"}],"wp:featuredmedia":[{"embeddable":true,"href":"https:\/\/expedicionglobal.com.co\/en\/wp-json\/wp\/v2\/media\/13459"}],"wp:attachment":[{"href":"https:\/\/expedicionglobal.com.co\/en\/wp-json\/wp\/v2\/media?parent=13454"}],"wp:term":[{"taxonomy":"product_brand","embeddable":true,"href":"https:\/\/expedicionglobal.com.co\/en\/wp-json\/wp\/v2\/product_brand?post=13454"},{"taxonomy":"product_cat","embeddable":true,"href":"https:\/\/expedicionglobal.com.co\/en\/wp-json\/wp\/v2\/product_cat?post=13454"},{"taxonomy":"product_tag","embeddable":true,"href":"https:\/\/expedicionglobal.com.co\/en\/wp-json\/wp\/v2\/product_tag?post=13454"}],"curies":[{"name":"wp","href":"https:\/\/api.w.org\/{rel}","templated":true}]}}