{"id":13250,"date":"2025-12-19T00:34:55","date_gmt":"2025-12-19T05:34:55","guid":{"rendered":"https:\/\/expedicionglobal.com.co\/?post_type=product&#038;p=13250"},"modified":"2026-01-06T14:49:07","modified_gmt":"2026-01-06T19:49:07","slug":"cootracaime-ltda","status":"publish","type":"product","link":"https:\/\/expedicionglobal.com.co\/en\/product\/cootracaime-ltda\/","title":{"rendered":"Cootracaime LTDA"},"content":{"rendered":"<p class=\"translation-block\">At Cootracaime LTDA, we work to connect people and territories in Tolima through safe, efficient, and reliable transportation services, backed by a trajectory that since 1964 has become a regional benchmark in passenger transport. From Cajamarca, the company supports the daily mobility of the communities of Cajamarca, Anaime, and surrounding areas, offering urban, rural, and inter-municipal routes that integrate everyday life, tourism, and the economic development of the municipality.<\/p>\n<p class=\"translation-block\">Cootracaime LTDA is a passenger transport cooperative that operates in the department of Tolima, specifically in the municipalities of Cajamarca and Anaime. We are a solidarity-based organization that provides rural, municipal, and inter-municipal transport services.<\/p>\n<p><strong>Transport services:<\/strong><\/p>\n<p><strong>Tourist \u2013 urban \u2013 rural.<\/strong><\/p>\n<h3 class=\"uagb-heading-text\">Taquilla Cajamarca<\/h3>\n<p class=\"uagb-desc-text\">Busetas Cl. 7 #6-41 Tel: 3203230716<\/p>\n<h3 class=\"uagb-heading-text\">Taquilla Ibagu\u00e9<\/h3>\n<p class=\"uagb-desc-text\">Terminal de Transportes \u00a0Of 183-1 Tel: 3203230719<\/p>\n<h3 class=\"uagb-heading-text\">Taquilla Ibagu\u00e9<\/h3>\n<p class=\"uagb-desc-text\">Camperos y Camionetas Cl 21 No 3-109 Tel: 3213107056<\/p>\n<h3 class=\"uagb-heading-text\">Taquilla Armenia<\/h3>\n<p class=\"uagb-desc-text\">Terminal de Transporte de Armenia oficina 11 Tel: 320 414 4165<\/p>","protected":false},"excerpt":{"rendered":"<p>En Cootracaime LTDA trabajamos para conectar a las personas y los territorios del Tolima mediante un servicio de transporte seguro, eficiente y confiable, respaldado por una trayectoria que desde 1964 se ha consolidado como un referente regional en el traslado de pasajeros y en la movilidad diaria de las comunidades de Cajamarca, Anaime y sus [&hellip;]<\/p>","protected":false},"featured_media":13254,"comment_status":"open","ping_status":"closed","template":"","meta":{"_acf_changed":false,"_monsterinsights_skip_tracking":false,"_monsterinsights_sitenote_active":false,"_monsterinsights_sitenote_note":"","_monsterinsights_sitenote_category":0,"_joinchat":[]},"product_brand":[],"product_cat":[96,95,108],"product_tag":[],"class_list":{"0":"post-13250","1":"product","2":"type-product","3":"status-publish","4":"has-post-thumbnail","6":"product_cat-cajamarca-empresas","7":"product_cat-empresas","8":"product_cat-servicios","10":"first","11":"instock","12":"shipping-taxable","13":"product-type-simple"},"acf":[],"aioseo_notices":[],"yoast_head":"<!-- This site is optimized with the Yoast SEO plugin v25.3.1 - https:\/\/yoast.com\/wordpress\/plugins\/seo\/ -->\n<title>Cootracaime LTDA - Expedici\u00f3n global, operadora de turismo<\/title>\n<meta name=\"robots\" content=\"index, follow, max-snippet:-1, max-image-preview:large, max-video-preview:-1\" \/>\n<link rel=\"canonical\" href=\"https:\/\/expedicionglobal.com.co\/en\/product\/cootracaime-ltda\/\" \/>\n<meta property=\"og:locale\" content=\"en_US\" \/>\n<meta property=\"og:type\" content=\"article\" \/>\n<meta property=\"og:title\" content=\"Cootracaime LTDA - Expedici\u00f3n global, operadora de turismo\" \/>\n<meta property=\"og:description\" content=\"En Cootracaime LTDA trabajamos para conectar a las personas y los territorios del Tolima mediante un servicio de transporte seguro, eficiente y confiable, respaldado por una trayectoria que desde 1964 se ha consolidado como un referente regional en el traslado de pasajeros y en la movilidad diaria de las comunidades de Cajamarca, Anaime y sus [&hellip;]\" \/>\n<meta property=\"og:url\" content=\"https:\/\/expedicionglobal.com.co\/en\/product\/cootracaime-ltda\/\" \/>\n<meta property=\"og:site_name\" content=\"Expedici\u00f3n global, operadora de turismo\" \/>\n<meta property=\"article:modified_time\" content=\"2026-01-06T19:49:07+00:00\" \/>\n<meta property=\"og:image\" content=\"https:\/\/expedicionglobal.com.co\/wp-content\/uploads\/2025\/12\/Cootracaime-2.png\" \/>\n\t<meta property=\"og:image:width\" content=\"1920\" \/>\n\t<meta property=\"og:image:height\" content=\"1080\" \/>\n\t<meta property=\"og:image:type\" content=\"image\/png\" \/>\n<meta name=\"twitter:card\" content=\"summary_large_image\" \/>\n<meta name=\"twitter:label1\" content=\"Est. reading time\" \/>\n\t<meta name=\"twitter:data1\" content=\"1 minute\" \/>\n<script type=\"application\/ld+json\" class=\"yoast-schema-graph\">{\"@context\":\"https:\/\/schema.org\",\"@graph\":[{\"@type\":\"WebPage\",\"@id\":\"https:\/\/expedicionglobal.com.co\/producto\/cootracaime-ltda\/\",\"url\":\"https:\/\/expedicionglobal.com.co\/producto\/cootracaime-ltda\/\",\"name\":\"Cootracaime LTDA - Expedici\u00f3n global, operadora de turismo\",\"isPartOf\":{\"@id\":\"https:\/\/expedicionglobal.com.co\/#website\"},\"primaryImageOfPage\":{\"@id\":\"https:\/\/expedicionglobal.com.co\/producto\/cootracaime-ltda\/#primaryimage\"},\"image\":{\"@id\":\"https:\/\/expedicionglobal.com.co\/producto\/cootracaime-ltda\/#primaryimage\"},\"thumbnailUrl\":\"https:\/\/expedicionglobal.com.co\/wp-content\/uploads\/2025\/12\/Cootracaime-2.png\",\"datePublished\":\"2025-12-19T05:34:55+00:00\",\"dateModified\":\"2026-01-06T19:49:07+00:00\",\"breadcrumb\":{\"@id\":\"https:\/\/expedicionglobal.com.co\/producto\/cootracaime-ltda\/#breadcrumb\"},\"inLanguage\":\"en-US\",\"potentialAction\":[{\"@type\":\"ReadAction\",\"target\":[\"https:\/\/expedicionglobal.com.co\/producto\/cootracaime-ltda\/\"]}]},{\"@type\":\"ImageObject\",\"inLanguage\":\"en-US\",\"@id\":\"https:\/\/expedicionglobal.com.co\/producto\/cootracaime-ltda\/#primaryimage\",\"url\":\"https:\/\/expedicionglobal.com.co\/wp-content\/uploads\/2025\/12\/Cootracaime-2.png\",\"contentUrl\":\"https:\/\/expedicionglobal.com.co\/wp-content\/uploads\/2025\/12\/Cootracaime-2.png\",\"width\":1920,\"height\":1080},{\"@type\":\"BreadcrumbList\",\"@id\":\"https:\/\/expedicionglobal.com.co\/producto\/cootracaime-ltda\/#breadcrumb\",\"itemListElement\":[{\"@type\":\"ListItem\",\"position\":1,\"name\":\"Inicio\",\"item\":\"https:\/\/expedicionglobal.com.co\/\"},{\"@type\":\"ListItem\",\"position\":2,\"name\":\"Products\",\"item\":\"https:\/\/expedicionglobal.com.co\/en\/shop__trashed\/\"},{\"@type\":\"ListItem\",\"position\":3,\"name\":\"Cootracaime LTDA\"}]},{\"@type\":\"WebSite\",\"@id\":\"https:\/\/expedicionglobal.com.co\/#website\",\"url\":\"https:\/\/expedicionglobal.com.co\/\",\"name\":\"Expedici\u00f3n global, operadora de turismo\",\"description\":\"Expedici\u00f3n Global ofrece viajes sostenibles y aut\u00e9nticos que conectan con la esencia natural, cultural y gastron\u00f3mica de Colombia y el mundo. Explora con prop\u00f3sito, preserva su esencia.\",\"potentialAction\":[{\"@type\":\"SearchAction\",\"target\":{\"@type\":\"EntryPoint\",\"urlTemplate\":\"https:\/\/expedicionglobal.com.co\/?s={search_term_string}\"},\"query-input\":{\"@type\":\"PropertyValueSpecification\",\"valueRequired\":true,\"valueName\":\"search_term_string\"}}],\"inLanguage\":\"en-US\"}]}<\/script>\n<!-- \/ Yoast SEO plugin. -->","yoast_head_json":{"title":"Cootracaime LTDA - Expedici\u00f3n global, operadora de turismo","robots":{"index":"index","follow":"follow","max-snippet":"max-snippet:-1","max-image-preview":"max-image-preview:large","max-video-preview":"max-video-preview:-1"},"canonical":"https:\/\/expedicionglobal.com.co\/en\/product\/cootracaime-ltda\/","og_locale":"en_US","og_type":"article","og_title":"Cootracaime LTDA - Expedici\u00f3n global, operadora de turismo","og_description":"En Cootracaime LTDA trabajamos para conectar a las personas y los territorios del Tolima mediante un servicio de transporte seguro, eficiente y confiable, respaldado por una trayectoria que desde 1964 se ha consolidado como un referente regional en el traslado de pasajeros y en la movilidad diaria de las comunidades de Cajamarca, Anaime y sus [&hellip;]","og_url":"https:\/\/expedicionglobal.com.co\/en\/product\/cootracaime-ltda\/","og_site_name":"Expedici\u00f3n global, operadora de turismo","article_modified_time":"2026-01-06T19:49:07+00:00","og_image":[{"width":1920,"height":1080,"url":"https:\/\/expedicionglobal.com.co\/wp-content\/uploads\/2025\/12\/Cootracaime-2.png","type":"image\/png"}],"twitter_card":"summary_large_image","twitter_misc":{"Est. reading time":"1 minute"},"schema":{"@context":"https:\/\/schema.org","@graph":[{"@type":"WebPage","@id":"https:\/\/expedicionglobal.com.co\/producto\/cootracaime-ltda\/","url":"https:\/\/expedicionglobal.com.co\/producto\/cootracaime-ltda\/","name":"Cootracaime LTDA - Expedici\u00f3n global, operadora de turismo","isPartOf":{"@id":"https:\/\/expedicionglobal.com.co\/#website"},"primaryImageOfPage":{"@id":"https:\/\/expedicionglobal.com.co\/producto\/cootracaime-ltda\/#primaryimage"},"image":{"@id":"https:\/\/expedicionglobal.com.co\/producto\/cootracaime-ltda\/#primaryimage"},"thumbnailUrl":"https:\/\/expedicionglobal.com.co\/wp-content\/uploads\/2025\/12\/Cootracaime-2.png","datePublished":"2025-12-19T05:34:55+00:00","dateModified":"2026-01-06T19:49:07+00:00","breadcrumb":{"@id":"https:\/\/expedicionglobal.com.co\/producto\/cootracaime-ltda\/#breadcrumb"},"inLanguage":"en-US","potentialAction":[{"@type":"ReadAction","target":["https:\/\/expedicionglobal.com.co\/producto\/cootracaime-ltda\/"]}]},{"@type":"ImageObject","inLanguage":"en-US","@id":"https:\/\/expedicionglobal.com.co\/producto\/cootracaime-ltda\/#primaryimage","url":"https:\/\/expedicionglobal.com.co\/wp-content\/uploads\/2025\/12\/Cootracaime-2.png","contentUrl":"https:\/\/expedicionglobal.com.co\/wp-content\/uploads\/2025\/12\/Cootracaime-2.png","width":1920,"height":1080},{"@type":"BreadcrumbList","@id":"https:\/\/expedicionglobal.com.co\/producto\/cootracaime-ltda\/#breadcrumb","itemListElement":[{"@type":"ListItem","position":1,"name":"Inicio","item":"https:\/\/expedicionglobal.com.co\/"},{"@type":"ListItem","position":2,"name":"Products","item":"https:\/\/expedicionglobal.com.co\/en\/shop__trashed\/"},{"@type":"ListItem","position":3,"name":"Cootracaime LTDA"}]},{"@type":"WebSite","@id":"https:\/\/expedicionglobal.com.co\/#website","url":"https:\/\/expedicionglobal.com.co\/","name":"Expedici\u00f3n global, operadora de turismo","description":"Expedici\u00f3n Global ofrece viajes sostenibles y aut\u00e9nticos que conectan con la esencia natural, cultural y gastron\u00f3mica de Colombia y el mundo. Explora con prop\u00f3sito, preserva su esencia.","potentialAction":[{"@type":"SearchAction","target":{"@type":"EntryPoint","urlTemplate":"https:\/\/expedicionglobal.com.co\/?s={search_term_string}"},"query-input":{"@type":"PropertyValueSpecification","valueRequired":true,"valueName":"search_term_string"}}],"inLanguage":"en-US"}]}},"_links":{"self":[{"href":"https:\/\/expedicionglobal.com.co\/en\/wp-json\/wp\/v2\/product\/13250","targetHints":{"allow":["GET"]}}],"collection":[{"href":"https:\/\/expedicionglobal.com.co\/en\/wp-json\/wp\/v2\/product"}],"about":[{"href":"https:\/\/expedicionglobal.com.co\/en\/wp-json\/wp\/v2\/types\/product"}],"replies":[{"embeddable":true,"href":"https:\/\/expedicionglobal.com.co\/en\/wp-json\/wp\/v2\/comments?post=13250"}],"version-history":[{"count":3,"href":"https:\/\/expedicionglobal.com.co\/en\/wp-json\/wp\/v2\/product\/13250\/revisions"}],"predecessor-version":[{"id":13473,"href":"https:\/\/expedicionglobal.com.co\/en\/wp-json\/wp\/v2\/product\/13250\/revisions\/13473"}],"wp:featuredmedia":[{"embeddable":true,"href":"https:\/\/expedicionglobal.com.co\/en\/wp-json\/wp\/v2\/media\/13254"}],"wp:attachment":[{"href":"https:\/\/expedicionglobal.com.co\/en\/wp-json\/wp\/v2\/media?parent=13250"}],"wp:term":[{"taxonomy":"product_brand","embeddable":true,"href":"https:\/\/expedicionglobal.com.co\/en\/wp-json\/wp\/v2\/product_brand?post=13250"},{"taxonomy":"product_cat","embeddable":true,"href":"https:\/\/expedicionglobal.com.co\/en\/wp-json\/wp\/v2\/product_cat?post=13250"},{"taxonomy":"product_tag","embeddable":true,"href":"https:\/\/expedicionglobal.com.co\/en\/wp-json\/wp\/v2\/product_tag?post=13250"}],"curies":[{"name":"wp","href":"https:\/\/api.w.org\/{rel}","templated":true}]}}