{"id":13244,"date":"2025-12-19T00:20:01","date_gmt":"2025-12-19T05:20:01","guid":{"rendered":"https:\/\/expedicionglobal.com.co\/?post_type=product&#038;p=13244"},"modified":"2026-02-21T18:16:21","modified_gmt":"2026-02-21T23:16:21","slug":"la-bodega-de-amar","status":"publish","type":"product","link":"https:\/\/expedicionglobal.com.co\/en\/product\/la-bodega-de-amar\/","title":{"rendered":"La Bodega de Amar"},"content":{"rendered":"<p><strong>Hotel and restaurant<\/strong><\/p>\n<p>At La Bodega de Amar, we are dedicated to creating a space where the authenticity of Cajamarca meets comfort, good cuisine, and the charm of handicrafts with history, turning the \u201cmost beautiful corner of Cajamarca\u201d into a cozy refuge for those who wish to disconnect from the daily routine and live an unforgettable experience of hospitality, local flavor, and human warmth.\n\u200b<\/p>\n<p>&nbsp;<\/p>","protected":false},"excerpt":{"rendered":"<p>Hotel y Restaurante En La Bodega de Amar estamos dedicados a crear un espacio donde la autenticidad de Cajamarca se encuentra con la comodidad, la buena mesa y el encanto de las artesan\u00edas con historia, convirtiendo la \u201cesquina m\u00e1s hermosa de Cajamarca\u201d en un refugio acogedor para quienes desean desconectarse del ritmo diario y vivir [&hellip;]<\/p>","protected":false},"featured_media":13248,"comment_status":"open","ping_status":"closed","template":"","meta":{"_acf_changed":false,"_monsterinsights_skip_tracking":false,"_monsterinsights_sitenote_active":false,"_monsterinsights_sitenote_note":"","_monsterinsights_sitenote_category":0,"_joinchat":[]},"product_brand":[],"product_cat":[104,96,95,105],"product_tag":[],"class_list":{"0":"post-13244","1":"product","2":"type-product","3":"status-publish","4":"has-post-thumbnail","6":"product_cat-alojamiento","7":"product_cat-cajamarca-empresas","8":"product_cat-empresas","9":"product_cat-gastronomia","11":"first","12":"instock","13":"shipping-taxable","14":"product-type-simple"},"acf":[],"aioseo_notices":[],"yoast_head":"<!-- This site is optimized with the Yoast SEO plugin v25.3.1 - https:\/\/yoast.com\/wordpress\/plugins\/seo\/ -->\n<title>La Bodega de Amar - Expedici\u00f3n global, operadora de turismo<\/title>\n<meta name=\"robots\" content=\"index, follow, max-snippet:-1, max-image-preview:large, max-video-preview:-1\" \/>\n<link rel=\"canonical\" href=\"https:\/\/expedicionglobal.com.co\/en\/product\/la-bodega-de-amar\/\" \/>\n<meta property=\"og:locale\" content=\"en_US\" \/>\n<meta property=\"og:type\" content=\"article\" \/>\n<meta property=\"og:title\" content=\"La Bodega de Amar - Expedici\u00f3n global, operadora de turismo\" \/>\n<meta property=\"og:description\" content=\"Hotel y Restaurante En La Bodega de Amar estamos dedicados a crear un espacio donde la autenticidad de Cajamarca se encuentra con la comodidad, la buena mesa y el encanto de las artesan\u00edas con historia, convirtiendo la \u201cesquina m\u00e1s hermosa de Cajamarca\u201d en un refugio acogedor para quienes desean desconectarse del ritmo diario y vivir [&hellip;]\" \/>\n<meta property=\"og:url\" content=\"https:\/\/expedicionglobal.com.co\/en\/product\/la-bodega-de-amar\/\" \/>\n<meta property=\"og:site_name\" content=\"Expedici\u00f3n global, operadora de turismo\" \/>\n<meta property=\"article:modified_time\" content=\"2026-02-21T23:16:21+00:00\" \/>\n<meta property=\"og:image\" content=\"https:\/\/expedicionglobal.com.co\/wp-content\/uploads\/2025\/12\/la-bodega-1-1024x576.png\" \/>\n\t<meta property=\"og:image:width\" content=\"1024\" \/>\n\t<meta property=\"og:image:height\" content=\"576\" \/>\n\t<meta property=\"og:image:type\" content=\"image\/png\" \/>\n<meta name=\"twitter:card\" content=\"summary_large_image\" \/>\n<meta name=\"twitter:label1\" content=\"Est. reading time\" \/>\n\t<meta name=\"twitter:data1\" content=\"1 minute\" \/>\n<script type=\"application\/ld+json\" class=\"yoast-schema-graph\">{\"@context\":\"https:\/\/schema.org\",\"@graph\":[{\"@type\":\"WebPage\",\"@id\":\"https:\/\/expedicionglobal.com.co\/producto\/la-bodega-de-amar\/\",\"url\":\"https:\/\/expedicionglobal.com.co\/producto\/la-bodega-de-amar\/\",\"name\":\"La Bodega de Amar - Expedici\u00f3n global, operadora de turismo\",\"isPartOf\":{\"@id\":\"https:\/\/expedicionglobal.com.co\/#website\"},\"primaryImageOfPage\":{\"@id\":\"https:\/\/expedicionglobal.com.co\/producto\/la-bodega-de-amar\/#primaryimage\"},\"image\":{\"@id\":\"https:\/\/expedicionglobal.com.co\/producto\/la-bodega-de-amar\/#primaryimage\"},\"thumbnailUrl\":\"https:\/\/expedicionglobal.com.co\/wp-content\/uploads\/2025\/12\/la-bodega-1.png\",\"datePublished\":\"2025-12-19T05:20:01+00:00\",\"dateModified\":\"2026-02-21T23:16:21+00:00\",\"breadcrumb\":{\"@id\":\"https:\/\/expedicionglobal.com.co\/producto\/la-bodega-de-amar\/#breadcrumb\"},\"inLanguage\":\"en-US\",\"potentialAction\":[{\"@type\":\"ReadAction\",\"target\":[\"https:\/\/expedicionglobal.com.co\/producto\/la-bodega-de-amar\/\"]}]},{\"@type\":\"ImageObject\",\"inLanguage\":\"en-US\",\"@id\":\"https:\/\/expedicionglobal.com.co\/producto\/la-bodega-de-amar\/#primaryimage\",\"url\":\"https:\/\/expedicionglobal.com.co\/wp-content\/uploads\/2025\/12\/la-bodega-1.png\",\"contentUrl\":\"https:\/\/expedicionglobal.com.co\/wp-content\/uploads\/2025\/12\/la-bodega-1.png\",\"width\":1920,\"height\":1080},{\"@type\":\"BreadcrumbList\",\"@id\":\"https:\/\/expedicionglobal.com.co\/producto\/la-bodega-de-amar\/#breadcrumb\",\"itemListElement\":[{\"@type\":\"ListItem\",\"position\":1,\"name\":\"Inicio\",\"item\":\"https:\/\/expedicionglobal.com.co\/\"},{\"@type\":\"ListItem\",\"position\":2,\"name\":\"Products\",\"item\":\"https:\/\/expedicionglobal.com.co\/en\/shop__trashed\/\"},{\"@type\":\"ListItem\",\"position\":3,\"name\":\"La Bodega de Amar\"}]},{\"@type\":\"WebSite\",\"@id\":\"https:\/\/expedicionglobal.com.co\/#website\",\"url\":\"https:\/\/expedicionglobal.com.co\/\",\"name\":\"Expedici\u00f3n global, operadora de turismo\",\"description\":\"Expedici\u00f3n Global ofrece viajes sostenibles y aut\u00e9nticos que conectan con la esencia natural, cultural y gastron\u00f3mica de Colombia y el mundo. Explora con prop\u00f3sito, preserva su esencia.\",\"potentialAction\":[{\"@type\":\"SearchAction\",\"target\":{\"@type\":\"EntryPoint\",\"urlTemplate\":\"https:\/\/expedicionglobal.com.co\/?s={search_term_string}\"},\"query-input\":{\"@type\":\"PropertyValueSpecification\",\"valueRequired\":true,\"valueName\":\"search_term_string\"}}],\"inLanguage\":\"en-US\"}]}<\/script>\n<!-- \/ Yoast SEO plugin. -->","yoast_head_json":{"title":"La Bodega de Amar - Expedici\u00f3n global, operadora de turismo","robots":{"index":"index","follow":"follow","max-snippet":"max-snippet:-1","max-image-preview":"max-image-preview:large","max-video-preview":"max-video-preview:-1"},"canonical":"https:\/\/expedicionglobal.com.co\/en\/product\/la-bodega-de-amar\/","og_locale":"en_US","og_type":"article","og_title":"La Bodega de Amar - Expedici\u00f3n global, operadora de turismo","og_description":"Hotel y Restaurante En La Bodega de Amar estamos dedicados a crear un espacio donde la autenticidad de Cajamarca se encuentra con la comodidad, la buena mesa y el encanto de las artesan\u00edas con historia, convirtiendo la \u201cesquina m\u00e1s hermosa de Cajamarca\u201d en un refugio acogedor para quienes desean desconectarse del ritmo diario y vivir [&hellip;]","og_url":"https:\/\/expedicionglobal.com.co\/en\/product\/la-bodega-de-amar\/","og_site_name":"Expedici\u00f3n global, operadora de turismo","article_modified_time":"2026-02-21T23:16:21+00:00","og_image":[{"width":1024,"height":576,"url":"https:\/\/expedicionglobal.com.co\/wp-content\/uploads\/2025\/12\/la-bodega-1-1024x576.png","type":"image\/png"}],"twitter_card":"summary_large_image","twitter_misc":{"Est. reading time":"1 minute"},"schema":{"@context":"https:\/\/schema.org","@graph":[{"@type":"WebPage","@id":"https:\/\/expedicionglobal.com.co\/producto\/la-bodega-de-amar\/","url":"https:\/\/expedicionglobal.com.co\/producto\/la-bodega-de-amar\/","name":"La Bodega de Amar - Expedici\u00f3n global, operadora de turismo","isPartOf":{"@id":"https:\/\/expedicionglobal.com.co\/#website"},"primaryImageOfPage":{"@id":"https:\/\/expedicionglobal.com.co\/producto\/la-bodega-de-amar\/#primaryimage"},"image":{"@id":"https:\/\/expedicionglobal.com.co\/producto\/la-bodega-de-amar\/#primaryimage"},"thumbnailUrl":"https:\/\/expedicionglobal.com.co\/wp-content\/uploads\/2025\/12\/la-bodega-1.png","datePublished":"2025-12-19T05:20:01+00:00","dateModified":"2026-02-21T23:16:21+00:00","breadcrumb":{"@id":"https:\/\/expedicionglobal.com.co\/producto\/la-bodega-de-amar\/#breadcrumb"},"inLanguage":"en-US","potentialAction":[{"@type":"ReadAction","target":["https:\/\/expedicionglobal.com.co\/producto\/la-bodega-de-amar\/"]}]},{"@type":"ImageObject","inLanguage":"en-US","@id":"https:\/\/expedicionglobal.com.co\/producto\/la-bodega-de-amar\/#primaryimage","url":"https:\/\/expedicionglobal.com.co\/wp-content\/uploads\/2025\/12\/la-bodega-1.png","contentUrl":"https:\/\/expedicionglobal.com.co\/wp-content\/uploads\/2025\/12\/la-bodega-1.png","width":1920,"height":1080},{"@type":"BreadcrumbList","@id":"https:\/\/expedicionglobal.com.co\/producto\/la-bodega-de-amar\/#breadcrumb","itemListElement":[{"@type":"ListItem","position":1,"name":"Inicio","item":"https:\/\/expedicionglobal.com.co\/"},{"@type":"ListItem","position":2,"name":"Products","item":"https:\/\/expedicionglobal.com.co\/en\/shop__trashed\/"},{"@type":"ListItem","position":3,"name":"La Bodega de Amar"}]},{"@type":"WebSite","@id":"https:\/\/expedicionglobal.com.co\/#website","url":"https:\/\/expedicionglobal.com.co\/","name":"Expedici\u00f3n global, operadora de turismo","description":"Expedici\u00f3n Global ofrece viajes sostenibles y aut\u00e9nticos que conectan con la esencia natural, cultural y gastron\u00f3mica de Colombia y el mundo. Explora con prop\u00f3sito, preserva su esencia.","potentialAction":[{"@type":"SearchAction","target":{"@type":"EntryPoint","urlTemplate":"https:\/\/expedicionglobal.com.co\/?s={search_term_string}"},"query-input":{"@type":"PropertyValueSpecification","valueRequired":true,"valueName":"search_term_string"}}],"inLanguage":"en-US"}]}},"_links":{"self":[{"href":"https:\/\/expedicionglobal.com.co\/en\/wp-json\/wp\/v2\/product\/13244","targetHints":{"allow":["GET"]}}],"collection":[{"href":"https:\/\/expedicionglobal.com.co\/en\/wp-json\/wp\/v2\/product"}],"about":[{"href":"https:\/\/expedicionglobal.com.co\/en\/wp-json\/wp\/v2\/types\/product"}],"replies":[{"embeddable":true,"href":"https:\/\/expedicionglobal.com.co\/en\/wp-json\/wp\/v2\/comments?post=13244"}],"version-history":[{"count":1,"href":"https:\/\/expedicionglobal.com.co\/en\/wp-json\/wp\/v2\/product\/13244\/revisions"}],"predecessor-version":[{"id":13249,"href":"https:\/\/expedicionglobal.com.co\/en\/wp-json\/wp\/v2\/product\/13244\/revisions\/13249"}],"wp:featuredmedia":[{"embeddable":true,"href":"https:\/\/expedicionglobal.com.co\/en\/wp-json\/wp\/v2\/media\/13248"}],"wp:attachment":[{"href":"https:\/\/expedicionglobal.com.co\/en\/wp-json\/wp\/v2\/media?parent=13244"}],"wp:term":[{"taxonomy":"product_brand","embeddable":true,"href":"https:\/\/expedicionglobal.com.co\/en\/wp-json\/wp\/v2\/product_brand?post=13244"},{"taxonomy":"product_cat","embeddable":true,"href":"https:\/\/expedicionglobal.com.co\/en\/wp-json\/wp\/v2\/product_cat?post=13244"},{"taxonomy":"product_tag","embeddable":true,"href":"https:\/\/expedicionglobal.com.co\/en\/wp-json\/wp\/v2\/product_tag?post=13244"}],"curies":[{"name":"wp","href":"https:\/\/api.w.org\/{rel}","templated":true}]}}