{"id":13238,"date":"2025-12-19T00:03:57","date_gmt":"2025-12-19T05:03:57","guid":{"rendered":"https:\/\/expedicionglobal.com.co\/?post_type=product&#038;p=13238"},"modified":"2025-12-19T13:11:26","modified_gmt":"2025-12-19T18:11:26","slug":"eco-hotel-cantos-del-rio","status":"publish","type":"product","link":"https:\/\/expedicionglobal.com.co\/en\/product\/eco-hotel-cantos-del-rio\/","title":{"rendered":"Eco hotel Cantos del R\u00edo"},"content":{"rendered":"<p>At ECO HOTEL CANTOS DEL RIO, we are dedicated to creating a sanctuary of harmony between nature and human beings, firmly believing it is possible to enjoy exceptional spaces without compromising the surrounding environment. From our business philosophy, we strive to offer our guests an unforgettable experience where luxury and comfort meet sustainability and respect for nature.\n\nOur core values are oriented toward minimizing environmental impact through innovative ecological practices such as efficient energy management, responsible water use, and the promotion and protection of local flora and fauna. In addition, we actively value and support local communities by fostering local employment and preserving the cultural traditions of the region.<\/p>\n<p><strong>At our eco-hotel, every stay is an unforgettable journey.<\/strong><\/p>\n<p><strong>Horarios:<\/strong> lunes a domingo ( con reserva previa)<\/p>\n<p>Email: Cantosdelrioecohotel@gmail.com.<\/p>","protected":false},"excerpt":{"rendered":"<p>En ECO HOTEL CANTOS DEL RIO, estamos dedicados a crear un santuario de armon\u00eda entre la naturaleza y el ser humano. Creemos firmemente que es posible disfrutar de espacios excepcionales sin comprometer el entorno que nos rodea. Desde nuestra filosofa empresarial, nos esforzamos por ofrecer a nuestros hu\u00e9spedes una experiencia inolvidable, donde el lujo y [&hellip;]<\/p>","protected":false},"featured_media":13239,"comment_status":"open","ping_status":"closed","template":"","meta":{"_acf_changed":false,"_monsterinsights_skip_tracking":false,"_monsterinsights_sitenote_active":false,"_monsterinsights_sitenote_note":"","_monsterinsights_sitenote_category":0,"_joinchat":[]},"product_brand":[],"product_cat":[104,96,95,106],"product_tag":[],"class_list":{"0":"post-13238","1":"product","2":"type-product","3":"status-publish","4":"has-post-thumbnail","6":"product_cat-alojamiento","7":"product_cat-cajamarca-empresas","8":"product_cat-empresas","9":"product_cat-turismo-y-experiencias","11":"first","12":"instock","13":"shipping-taxable","14":"product-type-simple"},"acf":[],"aioseo_notices":[],"yoast_head":"<!-- This site is optimized with the Yoast SEO plugin v25.3.1 - https:\/\/yoast.com\/wordpress\/plugins\/seo\/ -->\n<title>Eco hotel Cantos del R\u00edo - Expedici\u00f3n global, operadora de turismo<\/title>\n<meta name=\"robots\" content=\"index, follow, max-snippet:-1, max-image-preview:large, max-video-preview:-1\" \/>\n<link rel=\"canonical\" href=\"https:\/\/expedicionglobal.com.co\/en\/product\/eco-hotel-cantos-del-rio\/\" \/>\n<meta property=\"og:locale\" content=\"en_US\" \/>\n<meta property=\"og:type\" content=\"article\" \/>\n<meta property=\"og:title\" content=\"Eco hotel Cantos del R\u00edo - Expedici\u00f3n global, operadora de turismo\" \/>\n<meta property=\"og:description\" content=\"En ECO HOTEL CANTOS DEL RIO, estamos dedicados a crear un santuario de armon\u00eda entre la naturaleza y el ser humano. Creemos firmemente que es posible disfrutar de espacios excepcionales sin comprometer el entorno que nos rodea. Desde nuestra filosofa empresarial, nos esforzamos por ofrecer a nuestros hu\u00e9spedes una experiencia inolvidable, donde el lujo y [&hellip;]\" \/>\n<meta property=\"og:url\" content=\"https:\/\/expedicionglobal.com.co\/en\/product\/eco-hotel-cantos-del-rio\/\" \/>\n<meta property=\"og:site_name\" content=\"Expedici\u00f3n global, operadora de turismo\" \/>\n<meta property=\"article:modified_time\" content=\"2025-12-19T18:11:26+00:00\" \/>\n<meta property=\"og:image\" content=\"https:\/\/expedicionglobal.com.co\/wp-content\/uploads\/2025\/12\/Cantos-del-rio-1024x576.png\" \/>\n\t<meta property=\"og:image:width\" content=\"1024\" \/>\n\t<meta property=\"og:image:height\" content=\"576\" \/>\n\t<meta property=\"og:image:type\" content=\"image\/png\" \/>\n<meta name=\"twitter:card\" content=\"summary_large_image\" \/>\n<meta name=\"twitter:label1\" content=\"Est. reading time\" \/>\n\t<meta name=\"twitter:data1\" content=\"1 minute\" \/>\n<script type=\"application\/ld+json\" class=\"yoast-schema-graph\">{\"@context\":\"https:\/\/schema.org\",\"@graph\":[{\"@type\":\"WebPage\",\"@id\":\"https:\/\/expedicionglobal.com.co\/producto\/eco-hotel-cantos-del-rio\/\",\"url\":\"https:\/\/expedicionglobal.com.co\/producto\/eco-hotel-cantos-del-rio\/\",\"name\":\"Eco hotel Cantos del R\u00edo - Expedici\u00f3n global, operadora de turismo\",\"isPartOf\":{\"@id\":\"https:\/\/expedicionglobal.com.co\/#website\"},\"primaryImageOfPage\":{\"@id\":\"https:\/\/expedicionglobal.com.co\/producto\/eco-hotel-cantos-del-rio\/#primaryimage\"},\"image\":{\"@id\":\"https:\/\/expedicionglobal.com.co\/producto\/eco-hotel-cantos-del-rio\/#primaryimage\"},\"thumbnailUrl\":\"https:\/\/expedicionglobal.com.co\/wp-content\/uploads\/2025\/12\/Cantos-del-rio.png\",\"datePublished\":\"2025-12-19T05:03:57+00:00\",\"dateModified\":\"2025-12-19T18:11:26+00:00\",\"breadcrumb\":{\"@id\":\"https:\/\/expedicionglobal.com.co\/producto\/eco-hotel-cantos-del-rio\/#breadcrumb\"},\"inLanguage\":\"en-US\",\"potentialAction\":[{\"@type\":\"ReadAction\",\"target\":[\"https:\/\/expedicionglobal.com.co\/producto\/eco-hotel-cantos-del-rio\/\"]}]},{\"@type\":\"ImageObject\",\"inLanguage\":\"en-US\",\"@id\":\"https:\/\/expedicionglobal.com.co\/producto\/eco-hotel-cantos-del-rio\/#primaryimage\",\"url\":\"https:\/\/expedicionglobal.com.co\/wp-content\/uploads\/2025\/12\/Cantos-del-rio.png\",\"contentUrl\":\"https:\/\/expedicionglobal.com.co\/wp-content\/uploads\/2025\/12\/Cantos-del-rio.png\",\"width\":1920,\"height\":1080},{\"@type\":\"BreadcrumbList\",\"@id\":\"https:\/\/expedicionglobal.com.co\/producto\/eco-hotel-cantos-del-rio\/#breadcrumb\",\"itemListElement\":[{\"@type\":\"ListItem\",\"position\":1,\"name\":\"Inicio\",\"item\":\"https:\/\/expedicionglobal.com.co\/\"},{\"@type\":\"ListItem\",\"position\":2,\"name\":\"Products\",\"item\":\"https:\/\/expedicionglobal.com.co\/en\/shop__trashed\/\"},{\"@type\":\"ListItem\",\"position\":3,\"name\":\"Eco hotel Cantos del R\u00edo\"}]},{\"@type\":\"WebSite\",\"@id\":\"https:\/\/expedicionglobal.com.co\/#website\",\"url\":\"https:\/\/expedicionglobal.com.co\/\",\"name\":\"Expedici\u00f3n global, operadora de turismo\",\"description\":\"Expedici\u00f3n Global ofrece viajes sostenibles y aut\u00e9nticos que conectan con la esencia natural, cultural y gastron\u00f3mica de Colombia y el mundo. Explora con prop\u00f3sito, preserva su esencia.\",\"potentialAction\":[{\"@type\":\"SearchAction\",\"target\":{\"@type\":\"EntryPoint\",\"urlTemplate\":\"https:\/\/expedicionglobal.com.co\/?s={search_term_string}\"},\"query-input\":{\"@type\":\"PropertyValueSpecification\",\"valueRequired\":true,\"valueName\":\"search_term_string\"}}],\"inLanguage\":\"en-US\"}]}<\/script>\n<!-- \/ Yoast SEO plugin. -->","yoast_head_json":{"title":"Eco hotel Cantos del R\u00edo - Expedici\u00f3n global, operadora de turismo","robots":{"index":"index","follow":"follow","max-snippet":"max-snippet:-1","max-image-preview":"max-image-preview:large","max-video-preview":"max-video-preview:-1"},"canonical":"https:\/\/expedicionglobal.com.co\/en\/product\/eco-hotel-cantos-del-rio\/","og_locale":"en_US","og_type":"article","og_title":"Eco hotel Cantos del R\u00edo - Expedici\u00f3n global, operadora de turismo","og_description":"En ECO HOTEL CANTOS DEL RIO, estamos dedicados a crear un santuario de armon\u00eda entre la naturaleza y el ser humano. Creemos firmemente que es posible disfrutar de espacios excepcionales sin comprometer el entorno que nos rodea. Desde nuestra filosofa empresarial, nos esforzamos por ofrecer a nuestros hu\u00e9spedes una experiencia inolvidable, donde el lujo y [&hellip;]","og_url":"https:\/\/expedicionglobal.com.co\/en\/product\/eco-hotel-cantos-del-rio\/","og_site_name":"Expedici\u00f3n global, operadora de turismo","article_modified_time":"2025-12-19T18:11:26+00:00","og_image":[{"width":1024,"height":576,"url":"https:\/\/expedicionglobal.com.co\/wp-content\/uploads\/2025\/12\/Cantos-del-rio-1024x576.png","type":"image\/png"}],"twitter_card":"summary_large_image","twitter_misc":{"Est. reading time":"1 minute"},"schema":{"@context":"https:\/\/schema.org","@graph":[{"@type":"WebPage","@id":"https:\/\/expedicionglobal.com.co\/producto\/eco-hotel-cantos-del-rio\/","url":"https:\/\/expedicionglobal.com.co\/producto\/eco-hotel-cantos-del-rio\/","name":"Eco hotel Cantos del R\u00edo - Expedici\u00f3n global, operadora de turismo","isPartOf":{"@id":"https:\/\/expedicionglobal.com.co\/#website"},"primaryImageOfPage":{"@id":"https:\/\/expedicionglobal.com.co\/producto\/eco-hotel-cantos-del-rio\/#primaryimage"},"image":{"@id":"https:\/\/expedicionglobal.com.co\/producto\/eco-hotel-cantos-del-rio\/#primaryimage"},"thumbnailUrl":"https:\/\/expedicionglobal.com.co\/wp-content\/uploads\/2025\/12\/Cantos-del-rio.png","datePublished":"2025-12-19T05:03:57+00:00","dateModified":"2025-12-19T18:11:26+00:00","breadcrumb":{"@id":"https:\/\/expedicionglobal.com.co\/producto\/eco-hotel-cantos-del-rio\/#breadcrumb"},"inLanguage":"en-US","potentialAction":[{"@type":"ReadAction","target":["https:\/\/expedicionglobal.com.co\/producto\/eco-hotel-cantos-del-rio\/"]}]},{"@type":"ImageObject","inLanguage":"en-US","@id":"https:\/\/expedicionglobal.com.co\/producto\/eco-hotel-cantos-del-rio\/#primaryimage","url":"https:\/\/expedicionglobal.com.co\/wp-content\/uploads\/2025\/12\/Cantos-del-rio.png","contentUrl":"https:\/\/expedicionglobal.com.co\/wp-content\/uploads\/2025\/12\/Cantos-del-rio.png","width":1920,"height":1080},{"@type":"BreadcrumbList","@id":"https:\/\/expedicionglobal.com.co\/producto\/eco-hotel-cantos-del-rio\/#breadcrumb","itemListElement":[{"@type":"ListItem","position":1,"name":"Inicio","item":"https:\/\/expedicionglobal.com.co\/"},{"@type":"ListItem","position":2,"name":"Products","item":"https:\/\/expedicionglobal.com.co\/en\/shop__trashed\/"},{"@type":"ListItem","position":3,"name":"Eco hotel Cantos del R\u00edo"}]},{"@type":"WebSite","@id":"https:\/\/expedicionglobal.com.co\/#website","url":"https:\/\/expedicionglobal.com.co\/","name":"Expedici\u00f3n global, operadora de turismo","description":"Expedici\u00f3n Global ofrece viajes sostenibles y aut\u00e9nticos que conectan con la esencia natural, cultural y gastron\u00f3mica de Colombia y el mundo. Explora con prop\u00f3sito, preserva su esencia.","potentialAction":[{"@type":"SearchAction","target":{"@type":"EntryPoint","urlTemplate":"https:\/\/expedicionglobal.com.co\/?s={search_term_string}"},"query-input":{"@type":"PropertyValueSpecification","valueRequired":true,"valueName":"search_term_string"}}],"inLanguage":"en-US"}]}},"_links":{"self":[{"href":"https:\/\/expedicionglobal.com.co\/en\/wp-json\/wp\/v2\/product\/13238","targetHints":{"allow":["GET"]}}],"collection":[{"href":"https:\/\/expedicionglobal.com.co\/en\/wp-json\/wp\/v2\/product"}],"about":[{"href":"https:\/\/expedicionglobal.com.co\/en\/wp-json\/wp\/v2\/types\/product"}],"replies":[{"embeddable":true,"href":"https:\/\/expedicionglobal.com.co\/en\/wp-json\/wp\/v2\/comments?post=13238"}],"version-history":[{"count":1,"href":"https:\/\/expedicionglobal.com.co\/en\/wp-json\/wp\/v2\/product\/13238\/revisions"}],"predecessor-version":[{"id":13243,"href":"https:\/\/expedicionglobal.com.co\/en\/wp-json\/wp\/v2\/product\/13238\/revisions\/13243"}],"wp:featuredmedia":[{"embeddable":true,"href":"https:\/\/expedicionglobal.com.co\/en\/wp-json\/wp\/v2\/media\/13239"}],"wp:attachment":[{"href":"https:\/\/expedicionglobal.com.co\/en\/wp-json\/wp\/v2\/media?parent=13238"}],"wp:term":[{"taxonomy":"product_brand","embeddable":true,"href":"https:\/\/expedicionglobal.com.co\/en\/wp-json\/wp\/v2\/product_brand?post=13238"},{"taxonomy":"product_cat","embeddable":true,"href":"https:\/\/expedicionglobal.com.co\/en\/wp-json\/wp\/v2\/product_cat?post=13238"},{"taxonomy":"product_tag","embeddable":true,"href":"https:\/\/expedicionglobal.com.co\/en\/wp-json\/wp\/v2\/product_tag?post=13238"}],"curies":[{"name":"wp","href":"https:\/\/api.w.org\/{rel}","templated":true}]}}