{"id":13132,"date":"2025-08-21T15:31:10","date_gmt":"2025-08-21T20:31:10","guid":{"rendered":"https:\/\/expedicionglobal.com.co\/?post_type=product&#038;p=13132"},"modified":"2025-08-26T15:54:04","modified_gmt":"2025-08-26T20:54:04","slug":"expedicion-cumbre-nevado-de-santa-isabel-%c2%b7-2-dias","status":"publish","type":"product","link":"https:\/\/expedicionglobal.com.co\/en\/product\/expedicion-cumbre-nevado-de-santa-isabel-%c2%b7-2-dias\/","title":{"rendered":"Expedici\u00f3n Cumbre Nevado de Santa Isabel \u00b7 2 d\u00edas"},"content":{"rendered":"<p>Vive una traves\u00eda de alta monta\u00f1a en el <strong data-start=\"398\" data-end=\"417\">PNN Los Nevados<\/strong> con <strong data-start=\"422\" data-end=\"443\">intento de cumbre<\/strong> al Nevado de Santa Isabel. Ruta ideal para quienes desean experimentar glaciar tropical con <strong data-start=\"536\" data-end=\"556\">inducci\u00f3n b\u00e1sica<\/strong> (piolet, crampones) y acompa\u00f1amiento de gu\u00edas locales.<\/p>\n<ul data-start=\"640\" data-end=\"829\">\n<li data-start=\"640\" data-end=\"704\">\n<p data-start=\"642\" data-end=\"704\">\ud83e\uddd7 <strong data-start=\"645\" data-end=\"658\">Inducci\u00f3n<\/strong> a piolet\/crampones y t\u00e9cnicas de progresi\u00f3n<\/p>\n<\/li>\n<li data-start=\"705\" data-end=\"761\">\n<p data-start=\"707\" data-end=\"761\">\ud83c\udfd4 <strong data-start=\"710\" data-end=\"731\">Intento de cumbre<\/strong> (seg\u00fan clima y condiciones)<\/p>\n<\/li>\n<li data-start=\"762\" data-end=\"829\">\n<p data-start=\"764\" data-end=\"829\">\ud83d\udc63 Acompa\u00f1amiento de <strong data-start=\"785\" data-end=\"806\">gu\u00edas capacitados<\/strong> y enfoque en seguridad<\/p>\n<\/li>\n<\/ul>\n<ul data-start=\"862\" data-end=\"1130\">\n<li data-start=\"862\" data-end=\"896\">\n<p data-start=\"864\" data-end=\"896\">\u26a1 <strong data-start=\"866\" data-end=\"881\">Dificultad:<\/strong> 4 (exigente)<\/p>\n<\/li>\n<li data-start=\"897\" data-end=\"931\">\n<p data-start=\"899\" data-end=\"931\">\ud83c\udf21 <strong data-start=\"902\" data-end=\"918\">Temperatura:<\/strong> \u22125 a 28 \u00b0C<\/p>\n<\/li>\n<li data-start=\"932\" data-end=\"959\">\n<p data-start=\"934\" data-end=\"959\">\ud83d\udc65 <strong data-start=\"937\" data-end=\"946\">Edad:<\/strong> 16\u201365 a\u00f1os<\/p>\n<\/li>\n<li data-start=\"960\" data-end=\"1040\">\n<p data-start=\"962\" data-end=\"1040\">\ud83d\udccf <strong data-start=\"965\" data-end=\"980\">Distancias:<\/strong> D\u00eda 1 <strong data-start=\"987\" data-end=\"997\">4,6 km<\/strong> (Laguna Verde) \u00b7 D\u00eda 2 <strong data-start=\"1021\" data-end=\"1029\">8 km<\/strong> (cumbre)<\/p>\n<\/li>\n<li data-start=\"1041\" data-end=\"1130\">\n<p data-start=\"1043\" data-end=\"1130\">\ud83c\udf3f <strong data-start=\"1046\" data-end=\"1062\">Ecosistemas:<\/strong> Bosque altoandino, <strong data-start=\"1082\" data-end=\"1107\">p\u00e1ramo \/ s\u00faper p\u00e1ramo<\/strong>, morrena y <strong data-start=\"1119\" data-end=\"1130\">glaciar<\/strong><\/p>\n<\/li>\n<li data-start=\"1041\" data-end=\"1130\">Desde 4 personas: $1.230.000<\/li>\n<\/ul>","protected":false},"excerpt":{"rendered":"<p>Vive una traves\u00eda de alta monta\u00f1a en el PNN Los Nevados con intento de cumbre al Nevado de Santa Isabel. Ruta ideal para quienes desean experimentar glaciar tropical con inducci\u00f3n b\u00e1sica (piolet, crampones) y acompa\u00f1amiento de gu\u00edas locales. \ud83e\uddd7 Inducci\u00f3n a piolet\/crampones y t\u00e9cnicas de progresi\u00f3n \ud83c\udfd4 Intento de cumbre (seg\u00fan clima y condiciones) \ud83d\udc63 [&hellip;]<\/p>","protected":false},"featured_media":13133,"comment_status":"open","ping_status":"closed","template":"","meta":{"_acf_changed":false,"_monsterinsights_skip_tracking":false,"_monsterinsights_sitenote_active":false,"_monsterinsights_sitenote_note":"","_monsterinsights_sitenote_category":0,"_joinchat":[]},"product_brand":[],"product_cat":[64,61],"product_tag":[],"class_list":{"0":"post-13132","1":"product","2":"type-product","3":"status-publish","4":"has-post-thumbnail","6":"product_cat-expediciones-por-colombia","7":"product_cat-exploracion-aventura","9":"first","10":"instock","11":"shipping-taxable","12":"purchasable","13":"product-type-ovabrw_car_rental"},"acf":[],"aioseo_notices":[],"yoast_head":"<!-- This site is optimized with the Yoast SEO plugin v25.3.1 - https:\/\/yoast.com\/wordpress\/plugins\/seo\/ -->\n<title>Expedici\u00f3n Cumbre Nevado de Santa Isabel \u00b7 2 d\u00edas - Expedici\u00f3n global, operadora de turismo<\/title>\n<meta name=\"robots\" content=\"index, follow, max-snippet:-1, max-image-preview:large, max-video-preview:-1\" \/>\n<link rel=\"canonical\" href=\"https:\/\/expedicionglobal.com.co\/en\/planes\/\" \/>\n<meta property=\"og:locale\" content=\"en_US\" \/>\n<meta property=\"og:type\" content=\"article\" \/>\n<meta property=\"og:title\" content=\"Expedici\u00f3n Cumbre Nevado de Santa Isabel \u00b7 2 d\u00edas - Expedici\u00f3n global, operadora de turismo\" \/>\n<meta property=\"og:description\" content=\"Vive una traves\u00eda de alta monta\u00f1a en el PNN Los Nevados con intento de cumbre al Nevado de Santa Isabel. Ruta ideal para quienes desean experimentar glaciar tropical con inducci\u00f3n b\u00e1sica (piolet, crampones) y acompa\u00f1amiento de gu\u00edas locales. \ud83e\uddd7 Inducci\u00f3n a piolet\/crampones y t\u00e9cnicas de progresi\u00f3n \ud83c\udfd4 Intento de cumbre (seg\u00fan clima y condiciones) \ud83d\udc63 [&hellip;]\" \/>\n<meta property=\"og:url\" content=\"https:\/\/expedicionglobal.com.co\/en\/planes\/\" \/>\n<meta property=\"og:site_name\" content=\"Expedici\u00f3n global, operadora de turismo\" \/>\n<meta property=\"article:modified_time\" content=\"2025-08-26T20:54:04+00:00\" \/>\n<meta property=\"og:image\" content=\"https:\/\/expedicionglobal.com.co\/wp-content\/uploads\/2025\/08\/Nsantaisa-1024x576.png\" \/>\n\t<meta property=\"og:image:width\" content=\"1024\" \/>\n\t<meta property=\"og:image:height\" content=\"576\" \/>\n\t<meta property=\"og:image:type\" content=\"image\/png\" \/>\n<meta name=\"twitter:card\" content=\"summary_large_image\" \/>\n<meta name=\"twitter:label1\" content=\"Est. reading time\" \/>\n\t<meta name=\"twitter:data1\" content=\"1 minute\" \/>\n<script type=\"application\/ld+json\" class=\"yoast-schema-graph\">{\"@context\":\"https:\/\/schema.org\",\"@graph\":[{\"@type\":\"WebPage\",\"@id\":\"https:\/\/expedicionglobal.com.co\/producto\/expedicion-cumbre-nevado-de-santa-isabel-%c2%b7-2-dias\/\",\"url\":\"https:\/\/expedicionglobal.com.co\/planes\/\",\"name\":\"Expedici\u00f3n Cumbre Nevado de Santa Isabel \u00b7 2 d\u00edas - Expedici\u00f3n global, operadora de turismo\",\"isPartOf\":{\"@id\":\"https:\/\/expedicionglobal.com.co\/#website\"},\"primaryImageOfPage\":{\"@id\":\"https:\/\/expedicionglobal.com.co\/planes\/#primaryimage\"},\"image\":{\"@id\":\"https:\/\/expedicionglobal.com.co\/planes\/#primaryimage\"},\"thumbnailUrl\":\"https:\/\/expedicionglobal.com.co\/wp-content\/uploads\/2025\/08\/Nsantaisa.png\",\"datePublished\":\"2025-08-21T20:31:10+00:00\",\"dateModified\":\"2025-08-26T20:54:04+00:00\",\"breadcrumb\":{\"@id\":\"https:\/\/expedicionglobal.com.co\/planes\/#breadcrumb\"},\"inLanguage\":\"en-US\",\"potentialAction\":[{\"@type\":\"ReadAction\",\"target\":[\"https:\/\/expedicionglobal.com.co\/planes\/\"]}]},{\"@type\":\"ImageObject\",\"inLanguage\":\"en-US\",\"@id\":\"https:\/\/expedicionglobal.com.co\/planes\/#primaryimage\",\"url\":\"https:\/\/expedicionglobal.com.co\/wp-content\/uploads\/2025\/08\/Nsantaisa.png\",\"contentUrl\":\"https:\/\/expedicionglobal.com.co\/wp-content\/uploads\/2025\/08\/Nsantaisa.png\",\"width\":1920,\"height\":1080},{\"@type\":\"BreadcrumbList\",\"@id\":\"https:\/\/expedicionglobal.com.co\/planes\/#breadcrumb\",\"itemListElement\":[{\"@type\":\"ListItem\",\"position\":1,\"name\":\"Inicio\",\"item\":\"https:\/\/expedicionglobal.com.co\/\"},{\"@type\":\"ListItem\",\"position\":2,\"name\":\"Products\",\"item\":\"https:\/\/expedicionglobal.com.co\/en\/shop__trashed\/\"},{\"@type\":\"ListItem\",\"position\":3,\"name\":\"Expedici\u00f3n Cumbre Nevado de Santa Isabel \u00b7 2 d\u00edas\"}]},{\"@type\":\"WebSite\",\"@id\":\"https:\/\/expedicionglobal.com.co\/#website\",\"url\":\"https:\/\/expedicionglobal.com.co\/\",\"name\":\"Expedici\u00f3n global, operadora de turismo\",\"description\":\"Expedici\u00f3n Global ofrece viajes sostenibles y aut\u00e9nticos que conectan con la esencia natural, cultural y gastron\u00f3mica de Colombia y el mundo. Explora con prop\u00f3sito, preserva su esencia.\",\"potentialAction\":[{\"@type\":\"SearchAction\",\"target\":{\"@type\":\"EntryPoint\",\"urlTemplate\":\"https:\/\/expedicionglobal.com.co\/?s={search_term_string}\"},\"query-input\":{\"@type\":\"PropertyValueSpecification\",\"valueRequired\":true,\"valueName\":\"search_term_string\"}}],\"inLanguage\":\"en-US\"}]}<\/script>\n<!-- \/ Yoast SEO plugin. -->","yoast_head_json":{"title":"Expedici\u00f3n Cumbre Nevado de Santa Isabel \u00b7 2 d\u00edas - Expedici\u00f3n global, operadora de turismo","robots":{"index":"index","follow":"follow","max-snippet":"max-snippet:-1","max-image-preview":"max-image-preview:large","max-video-preview":"max-video-preview:-1"},"canonical":"https:\/\/expedicionglobal.com.co\/en\/planes\/","og_locale":"en_US","og_type":"article","og_title":"Expedici\u00f3n Cumbre Nevado de Santa Isabel \u00b7 2 d\u00edas - Expedici\u00f3n global, operadora de turismo","og_description":"Vive una traves\u00eda de alta monta\u00f1a en el PNN Los Nevados con intento de cumbre al Nevado de Santa Isabel. Ruta ideal para quienes desean experimentar glaciar tropical con inducci\u00f3n b\u00e1sica (piolet, crampones) y acompa\u00f1amiento de gu\u00edas locales. \ud83e\uddd7 Inducci\u00f3n a piolet\/crampones y t\u00e9cnicas de progresi\u00f3n \ud83c\udfd4 Intento de cumbre (seg\u00fan clima y condiciones) \ud83d\udc63 [&hellip;]","og_url":"https:\/\/expedicionglobal.com.co\/en\/planes\/","og_site_name":"Expedici\u00f3n global, operadora de turismo","article_modified_time":"2025-08-26T20:54:04+00:00","og_image":[{"width":1024,"height":576,"url":"https:\/\/expedicionglobal.com.co\/wp-content\/uploads\/2025\/08\/Nsantaisa-1024x576.png","type":"image\/png"}],"twitter_card":"summary_large_image","twitter_misc":{"Est. reading time":"1 minute"},"schema":{"@context":"https:\/\/schema.org","@graph":[{"@type":"WebPage","@id":"https:\/\/expedicionglobal.com.co\/producto\/expedicion-cumbre-nevado-de-santa-isabel-%c2%b7-2-dias\/","url":"https:\/\/expedicionglobal.com.co\/planes\/","name":"Expedici\u00f3n Cumbre Nevado de Santa Isabel \u00b7 2 d\u00edas - Expedici\u00f3n global, operadora de turismo","isPartOf":{"@id":"https:\/\/expedicionglobal.com.co\/#website"},"primaryImageOfPage":{"@id":"https:\/\/expedicionglobal.com.co\/planes\/#primaryimage"},"image":{"@id":"https:\/\/expedicionglobal.com.co\/planes\/#primaryimage"},"thumbnailUrl":"https:\/\/expedicionglobal.com.co\/wp-content\/uploads\/2025\/08\/Nsantaisa.png","datePublished":"2025-08-21T20:31:10+00:00","dateModified":"2025-08-26T20:54:04+00:00","breadcrumb":{"@id":"https:\/\/expedicionglobal.com.co\/planes\/#breadcrumb"},"inLanguage":"en-US","potentialAction":[{"@type":"ReadAction","target":["https:\/\/expedicionglobal.com.co\/planes\/"]}]},{"@type":"ImageObject","inLanguage":"en-US","@id":"https:\/\/expedicionglobal.com.co\/planes\/#primaryimage","url":"https:\/\/expedicionglobal.com.co\/wp-content\/uploads\/2025\/08\/Nsantaisa.png","contentUrl":"https:\/\/expedicionglobal.com.co\/wp-content\/uploads\/2025\/08\/Nsantaisa.png","width":1920,"height":1080},{"@type":"BreadcrumbList","@id":"https:\/\/expedicionglobal.com.co\/planes\/#breadcrumb","itemListElement":[{"@type":"ListItem","position":1,"name":"Inicio","item":"https:\/\/expedicionglobal.com.co\/"},{"@type":"ListItem","position":2,"name":"Products","item":"https:\/\/expedicionglobal.com.co\/en\/shop__trashed\/"},{"@type":"ListItem","position":3,"name":"Expedici\u00f3n Cumbre Nevado de Santa Isabel \u00b7 2 d\u00edas"}]},{"@type":"WebSite","@id":"https:\/\/expedicionglobal.com.co\/#website","url":"https:\/\/expedicionglobal.com.co\/","name":"Expedici\u00f3n global, operadora de turismo","description":"Expedici\u00f3n Global ofrece viajes sostenibles y aut\u00e9nticos que conectan con la esencia natural, cultural y gastron\u00f3mica de Colombia y el mundo. Explora con prop\u00f3sito, preserva su esencia.","potentialAction":[{"@type":"SearchAction","target":{"@type":"EntryPoint","urlTemplate":"https:\/\/expedicionglobal.com.co\/?s={search_term_string}"},"query-input":{"@type":"PropertyValueSpecification","valueRequired":true,"valueName":"search_term_string"}}],"inLanguage":"en-US"}]}},"_links":{"self":[{"href":"https:\/\/expedicionglobal.com.co\/en\/wp-json\/wp\/v2\/product\/13132","targetHints":{"allow":["GET"]}}],"collection":[{"href":"https:\/\/expedicionglobal.com.co\/en\/wp-json\/wp\/v2\/product"}],"about":[{"href":"https:\/\/expedicionglobal.com.co\/en\/wp-json\/wp\/v2\/types\/product"}],"replies":[{"embeddable":true,"href":"https:\/\/expedicionglobal.com.co\/en\/wp-json\/wp\/v2\/comments?post=13132"}],"version-history":[{"count":3,"href":"https:\/\/expedicionglobal.com.co\/en\/wp-json\/wp\/v2\/product\/13132\/revisions"}],"predecessor-version":[{"id":13141,"href":"https:\/\/expedicionglobal.com.co\/en\/wp-json\/wp\/v2\/product\/13132\/revisions\/13141"}],"wp:featuredmedia":[{"embeddable":true,"href":"https:\/\/expedicionglobal.com.co\/en\/wp-json\/wp\/v2\/media\/13133"}],"wp:attachment":[{"href":"https:\/\/expedicionglobal.com.co\/en\/wp-json\/wp\/v2\/media?parent=13132"}],"wp:term":[{"taxonomy":"product_brand","embeddable":true,"href":"https:\/\/expedicionglobal.com.co\/en\/wp-json\/wp\/v2\/product_brand?post=13132"},{"taxonomy":"product_cat","embeddable":true,"href":"https:\/\/expedicionglobal.com.co\/en\/wp-json\/wp\/v2\/product_cat?post=13132"},{"taxonomy":"product_tag","embeddable":true,"href":"https:\/\/expedicionglobal.com.co\/en\/wp-json\/wp\/v2\/product_tag?post=13132"}],"curies":[{"name":"wp","href":"https:\/\/api.w.org\/{rel}","templated":true}]}}