{"id":13125,"date":"2025-08-21T15:19:38","date_gmt":"2025-08-21T20:19:38","guid":{"rendered":"https:\/\/expedicionglobal.com.co\/?post_type=product&#038;p=13125"},"modified":"2025-08-26T15:53:50","modified_gmt":"2025-08-26T20:53:50","slug":"expedicion-nevado-del-tolima-%c2%b7-ruta-palomar-3n-4d","status":"publish","type":"product","link":"https:\/\/expedicionglobal.com.co\/en\/product\/expedicion-nevado-del-tolima-%c2%b7-ruta-palomar-3n-4d\/","title":{"rendered":"Expedici\u00f3n Nevado del Tolima \u00b7 Ruta Palomar (3N\/4D)"},"content":{"rendered":"<p>Atr\u00e9vete a una traves\u00eda de alta monta\u00f1a pasando por <strong data-start=\"462\" data-end=\"480\">Laguna Bombon\u00e1<\/strong> y los <strong data-start=\"487\" data-end=\"509\">Termales del Ca\u00f1\u00f3n<\/strong>. La <strong data-start=\"514\" data-end=\"530\">ruta Palomar<\/strong> permite aclimatar en altura y ofrece algunos de los mejores paisajes del Parque. Incluye campamento completo y gu\u00eda de monta\u00f1a; progresi\u00f3n en glaciar con inducci\u00f3n t\u00e9cnica.<\/p>\n<p data-start=\"705\" data-end=\"734\"><strong data-start=\"705\" data-end=\"732\">Datos clave (p\u00edldoras):<\/strong><\/p>\n<ul data-start=\"735\" data-end=\"949\">\n<li data-start=\"735\" data-end=\"791\">\n<p data-start=\"737\" data-end=\"791\">\u26a1 <strong data-start=\"739\" data-end=\"754\">Dificultad:<\/strong> 5 (exigente, experiencia deseable)<\/p>\n<\/li>\n<li data-start=\"792\" data-end=\"831\">\n<p data-start=\"794\" data-end=\"831\">\ud83c\udf21 <strong data-start=\"797\" data-end=\"806\">Temp.<\/strong> aprox.: <strong data-start=\"815\" data-end=\"829\">\u20135 a 28 \u00b0C<\/strong><\/p>\n<\/li>\n<li data-start=\"832\" data-end=\"859\">\n<p data-start=\"834\" data-end=\"859\">\ud83d\udc65 <strong data-start=\"837\" data-end=\"846\">Edad:<\/strong> 16\u201365 a\u00f1os<\/p>\n<\/li>\n<li data-start=\"860\" data-end=\"949\">\n<p data-start=\"862\" data-end=\"949\">\ud83c\udfd4 <strong data-start=\"865\" data-end=\"881\">Ecosistemas:<\/strong> bosque altoandino, <strong data-start=\"901\" data-end=\"926\">p\u00e1ramo \/ s\u00faper p\u00e1ramo<\/strong>, morrena y <strong data-start=\"938\" data-end=\"949\">glaciar<\/strong><\/p>\n<\/li>\n<\/ul>\n<p data-start=\"951\" data-end=\"965\"><strong data-start=\"951\" data-end=\"963\">Incluye:<\/strong><\/p>\n<ul data-start=\"966\" data-end=\"1309\">\n<li data-start=\"966\" data-end=\"1037\">\n<p data-start=\"968\" data-end=\"1037\">\ud83c\udfd5 <strong data-start=\"971\" data-end=\"996\">Equipo de campamento:<\/strong> carpa, sleeping bag y aislante t\u00e9rmico<\/p>\n<\/li>\n<li data-start=\"1038\" data-end=\"1099\">\n<p data-start=\"1040\" data-end=\"1099\">\ud83e\uddf3 <strong data-start=\"1043\" data-end=\"1061\">Mulas de apoyo<\/strong> para carga pesada (seg\u00fan log\u00edstica)<\/p>\n<\/li>\n<li data-start=\"1100\" data-end=\"1183\">\n<p data-start=\"1102\" data-end=\"1183\">\ud83e\uddd7 <strong data-start=\"1105\" data-end=\"1118\">Inducci\u00f3n<\/strong> a piolet\/crampones y t\u00e9cnicas b\u00e1sicas de progresi\u00f3n en glaciar<\/p>\n<\/li>\n<li data-start=\"1184\" data-end=\"1251\">\n<p data-start=\"1186\" data-end=\"1251\">\ud83c\udf72 Alimentaci\u00f3n de ruta (con compra directa a familias locales)<\/p>\n<\/li>\n<li data-start=\"1252\" data-end=\"1309\">\n<p data-start=\"1254\" data-end=\"1309\">\ud83d\udc68\u200d\u2708\ufe0f Gu\u00edas locales certificados \u00b7 Seguro de asistencia<\/p>\n<\/li>\n<\/ul>\n<p data-start=\"1311\" data-end=\"1328\"><strong data-start=\"1311\" data-end=\"1326\">No incluye:<\/strong><\/p>\n<ul data-start=\"1329\" data-end=\"1478\">\n<li data-start=\"1329\" data-end=\"1441\">\n<p data-start=\"1331\" data-end=\"1441\">Equipo t\u00e9cnico personal (piolet, crampones, botas simples\/dobles) \u2014 <strong data-start=\"1399\" data-end=\"1423\">se gestiona alquiler<\/strong> si lo requieres<\/p>\n<\/li>\n<li data-start=\"1442\" data-end=\"1478\">\n<p data-start=\"1444\" data-end=\"1478\">Gastos no especificados \/ propinas<\/p>\n<\/li>\n<\/ul>","protected":false},"excerpt":{"rendered":"<p>Atr\u00e9vete a una traves\u00eda de alta monta\u00f1a pasando por Laguna Bombon\u00e1 y los Termales del Ca\u00f1\u00f3n. La ruta Palomar permite aclimatar en altura y ofrece algunos de los mejores paisajes del Parque. Incluye campamento completo y gu\u00eda de monta\u00f1a; progresi\u00f3n en glaciar con inducci\u00f3n t\u00e9cnica. Datos clave (p\u00edldoras): \u26a1 Dificultad: 5 (exigente, experiencia deseable) \ud83c\udf21 [&hellip;]<\/p>","protected":false},"featured_media":13126,"comment_status":"open","ping_status":"closed","template":"","meta":{"_acf_changed":false,"_monsterinsights_skip_tracking":false,"_monsterinsights_sitenote_active":false,"_monsterinsights_sitenote_note":"","_monsterinsights_sitenote_category":0,"_joinchat":[]},"product_brand":[],"product_cat":[64,61],"product_tag":[],"class_list":{"0":"post-13125","1":"product","2":"type-product","3":"status-publish","4":"has-post-thumbnail","6":"product_cat-expediciones-por-colombia","7":"product_cat-exploracion-aventura","9":"first","10":"instock","11":"shipping-taxable","12":"product-type-ovabrw_car_rental"},"acf":[],"aioseo_notices":[],"yoast_head":"<!-- This site is optimized with the Yoast SEO plugin v25.3.1 - https:\/\/yoast.com\/wordpress\/plugins\/seo\/ -->\n<title>Expedici\u00f3n Nevado del Tolima \u00b7 Ruta Palomar (3N\/4D) - Expedici\u00f3n global, operadora de turismo<\/title>\n<meta name=\"robots\" content=\"index, follow, max-snippet:-1, max-image-preview:large, max-video-preview:-1\" \/>\n<link rel=\"canonical\" href=\"https:\/\/expedicionglobal.com.co\/en\/planes\/\" \/>\n<meta property=\"og:locale\" content=\"en_US\" \/>\n<meta property=\"og:type\" content=\"article\" \/>\n<meta property=\"og:title\" content=\"Expedici\u00f3n Nevado del Tolima \u00b7 Ruta Palomar (3N\/4D) - Expedici\u00f3n global, operadora de turismo\" \/>\n<meta property=\"og:description\" content=\"Atr\u00e9vete a una traves\u00eda de alta monta\u00f1a pasando por Laguna Bombon\u00e1 y los Termales del Ca\u00f1\u00f3n. La ruta Palomar permite aclimatar en altura y ofrece algunos de los mejores paisajes del Parque. Incluye campamento completo y gu\u00eda de monta\u00f1a; progresi\u00f3n en glaciar con inducci\u00f3n t\u00e9cnica. Datos clave (p\u00edldoras): \u26a1 Dificultad: 5 (exigente, experiencia deseable) \ud83c\udf21 [&hellip;]\" \/>\n<meta property=\"og:url\" content=\"https:\/\/expedicionglobal.com.co\/en\/planes\/\" \/>\n<meta property=\"og:site_name\" content=\"Expedici\u00f3n global, operadora de turismo\" \/>\n<meta property=\"article:modified_time\" content=\"2025-08-26T20:53:50+00:00\" \/>\n<meta property=\"og:image\" content=\"https:\/\/expedicionglobal.com.co\/wp-content\/uploads\/2025\/08\/Nevado1.png\" \/>\n\t<meta property=\"og:image:width\" content=\"1920\" \/>\n\t<meta property=\"og:image:height\" content=\"1080\" \/>\n\t<meta property=\"og:image:type\" content=\"image\/png\" \/>\n<meta name=\"twitter:card\" content=\"summary_large_image\" \/>\n<meta name=\"twitter:label1\" content=\"Est. reading time\" \/>\n\t<meta name=\"twitter:data1\" content=\"1 minute\" \/>\n<script type=\"application\/ld+json\" class=\"yoast-schema-graph\">{\"@context\":\"https:\/\/schema.org\",\"@graph\":[{\"@type\":\"WebPage\",\"@id\":\"https:\/\/expedicionglobal.com.co\/producto\/expedicion-nevado-del-tolima-%c2%b7-ruta-palomar-3n-4d\/\",\"url\":\"https:\/\/expedicionglobal.com.co\/planes\/\",\"name\":\"Expedici\u00f3n Nevado del Tolima \u00b7 Ruta Palomar (3N\/4D) - Expedici\u00f3n global, operadora de turismo\",\"isPartOf\":{\"@id\":\"https:\/\/expedicionglobal.com.co\/#website\"},\"primaryImageOfPage\":{\"@id\":\"https:\/\/expedicionglobal.com.co\/planes\/#primaryimage\"},\"image\":{\"@id\":\"https:\/\/expedicionglobal.com.co\/planes\/#primaryimage\"},\"thumbnailUrl\":\"https:\/\/expedicionglobal.com.co\/wp-content\/uploads\/2025\/08\/Nevado1.png\",\"datePublished\":\"2025-08-21T20:19:38+00:00\",\"dateModified\":\"2025-08-26T20:53:50+00:00\",\"breadcrumb\":{\"@id\":\"https:\/\/expedicionglobal.com.co\/planes\/#breadcrumb\"},\"inLanguage\":\"en-US\",\"potentialAction\":[{\"@type\":\"ReadAction\",\"target\":[\"https:\/\/expedicionglobal.com.co\/planes\/\"]}]},{\"@type\":\"ImageObject\",\"inLanguage\":\"en-US\",\"@id\":\"https:\/\/expedicionglobal.com.co\/planes\/#primaryimage\",\"url\":\"https:\/\/expedicionglobal.com.co\/wp-content\/uploads\/2025\/08\/Nevado1.png\",\"contentUrl\":\"https:\/\/expedicionglobal.com.co\/wp-content\/uploads\/2025\/08\/Nevado1.png\",\"width\":1920,\"height\":1080},{\"@type\":\"BreadcrumbList\",\"@id\":\"https:\/\/expedicionglobal.com.co\/planes\/#breadcrumb\",\"itemListElement\":[{\"@type\":\"ListItem\",\"position\":1,\"name\":\"Inicio\",\"item\":\"https:\/\/expedicionglobal.com.co\/\"},{\"@type\":\"ListItem\",\"position\":2,\"name\":\"Products\",\"item\":\"https:\/\/expedicionglobal.com.co\/en\/shop__trashed\/\"},{\"@type\":\"ListItem\",\"position\":3,\"name\":\"Expedici\u00f3n Nevado del Tolima \u00b7 Ruta Palomar (3N\/4D)\"}]},{\"@type\":\"WebSite\",\"@id\":\"https:\/\/expedicionglobal.com.co\/#website\",\"url\":\"https:\/\/expedicionglobal.com.co\/\",\"name\":\"Expedici\u00f3n global, operadora de turismo\",\"description\":\"Expedici\u00f3n Global ofrece viajes sostenibles y aut\u00e9nticos que conectan con la esencia natural, cultural y gastron\u00f3mica de Colombia y el mundo. Explora con prop\u00f3sito, preserva su esencia.\",\"potentialAction\":[{\"@type\":\"SearchAction\",\"target\":{\"@type\":\"EntryPoint\",\"urlTemplate\":\"https:\/\/expedicionglobal.com.co\/?s={search_term_string}\"},\"query-input\":{\"@type\":\"PropertyValueSpecification\",\"valueRequired\":true,\"valueName\":\"search_term_string\"}}],\"inLanguage\":\"en-US\"}]}<\/script>\n<!-- \/ Yoast SEO plugin. -->","yoast_head_json":{"title":"Expedici\u00f3n Nevado del Tolima \u00b7 Ruta Palomar (3N\/4D) - Expedici\u00f3n global, operadora de turismo","robots":{"index":"index","follow":"follow","max-snippet":"max-snippet:-1","max-image-preview":"max-image-preview:large","max-video-preview":"max-video-preview:-1"},"canonical":"https:\/\/expedicionglobal.com.co\/en\/planes\/","og_locale":"en_US","og_type":"article","og_title":"Expedici\u00f3n Nevado del Tolima \u00b7 Ruta Palomar (3N\/4D) - Expedici\u00f3n global, operadora de turismo","og_description":"Atr\u00e9vete a una traves\u00eda de alta monta\u00f1a pasando por Laguna Bombon\u00e1 y los Termales del Ca\u00f1\u00f3n. La ruta Palomar permite aclimatar en altura y ofrece algunos de los mejores paisajes del Parque. Incluye campamento completo y gu\u00eda de monta\u00f1a; progresi\u00f3n en glaciar con inducci\u00f3n t\u00e9cnica. Datos clave (p\u00edldoras): \u26a1 Dificultad: 5 (exigente, experiencia deseable) \ud83c\udf21 [&hellip;]","og_url":"https:\/\/expedicionglobal.com.co\/en\/planes\/","og_site_name":"Expedici\u00f3n global, operadora de turismo","article_modified_time":"2025-08-26T20:53:50+00:00","og_image":[{"width":1920,"height":1080,"url":"https:\/\/expedicionglobal.com.co\/wp-content\/uploads\/2025\/08\/Nevado1.png","type":"image\/png"}],"twitter_card":"summary_large_image","twitter_misc":{"Est. reading time":"1 minute"},"schema":{"@context":"https:\/\/schema.org","@graph":[{"@type":"WebPage","@id":"https:\/\/expedicionglobal.com.co\/producto\/expedicion-nevado-del-tolima-%c2%b7-ruta-palomar-3n-4d\/","url":"https:\/\/expedicionglobal.com.co\/planes\/","name":"Expedici\u00f3n Nevado del Tolima \u00b7 Ruta Palomar (3N\/4D) - Expedici\u00f3n global, operadora de turismo","isPartOf":{"@id":"https:\/\/expedicionglobal.com.co\/#website"},"primaryImageOfPage":{"@id":"https:\/\/expedicionglobal.com.co\/planes\/#primaryimage"},"image":{"@id":"https:\/\/expedicionglobal.com.co\/planes\/#primaryimage"},"thumbnailUrl":"https:\/\/expedicionglobal.com.co\/wp-content\/uploads\/2025\/08\/Nevado1.png","datePublished":"2025-08-21T20:19:38+00:00","dateModified":"2025-08-26T20:53:50+00:00","breadcrumb":{"@id":"https:\/\/expedicionglobal.com.co\/planes\/#breadcrumb"},"inLanguage":"en-US","potentialAction":[{"@type":"ReadAction","target":["https:\/\/expedicionglobal.com.co\/planes\/"]}]},{"@type":"ImageObject","inLanguage":"en-US","@id":"https:\/\/expedicionglobal.com.co\/planes\/#primaryimage","url":"https:\/\/expedicionglobal.com.co\/wp-content\/uploads\/2025\/08\/Nevado1.png","contentUrl":"https:\/\/expedicionglobal.com.co\/wp-content\/uploads\/2025\/08\/Nevado1.png","width":1920,"height":1080},{"@type":"BreadcrumbList","@id":"https:\/\/expedicionglobal.com.co\/planes\/#breadcrumb","itemListElement":[{"@type":"ListItem","position":1,"name":"Inicio","item":"https:\/\/expedicionglobal.com.co\/"},{"@type":"ListItem","position":2,"name":"Products","item":"https:\/\/expedicionglobal.com.co\/en\/shop__trashed\/"},{"@type":"ListItem","position":3,"name":"Expedici\u00f3n Nevado del Tolima \u00b7 Ruta Palomar (3N\/4D)"}]},{"@type":"WebSite","@id":"https:\/\/expedicionglobal.com.co\/#website","url":"https:\/\/expedicionglobal.com.co\/","name":"Expedici\u00f3n global, operadora de turismo","description":"Expedici\u00f3n Global ofrece viajes sostenibles y aut\u00e9nticos que conectan con la esencia natural, cultural y gastron\u00f3mica de Colombia y el mundo. Explora con prop\u00f3sito, preserva su esencia.","potentialAction":[{"@type":"SearchAction","target":{"@type":"EntryPoint","urlTemplate":"https:\/\/expedicionglobal.com.co\/?s={search_term_string}"},"query-input":{"@type":"PropertyValueSpecification","valueRequired":true,"valueName":"search_term_string"}}],"inLanguage":"en-US"}]}},"_links":{"self":[{"href":"https:\/\/expedicionglobal.com.co\/en\/wp-json\/wp\/v2\/product\/13125","targetHints":{"allow":["GET"]}}],"collection":[{"href":"https:\/\/expedicionglobal.com.co\/en\/wp-json\/wp\/v2\/product"}],"about":[{"href":"https:\/\/expedicionglobal.com.co\/en\/wp-json\/wp\/v2\/types\/product"}],"replies":[{"embeddable":true,"href":"https:\/\/expedicionglobal.com.co\/en\/wp-json\/wp\/v2\/comments?post=13125"}],"version-history":[{"count":1,"href":"https:\/\/expedicionglobal.com.co\/en\/wp-json\/wp\/v2\/product\/13125\/revisions"}],"predecessor-version":[{"id":13131,"href":"https:\/\/expedicionglobal.com.co\/en\/wp-json\/wp\/v2\/product\/13125\/revisions\/13131"}],"wp:featuredmedia":[{"embeddable":true,"href":"https:\/\/expedicionglobal.com.co\/en\/wp-json\/wp\/v2\/media\/13126"}],"wp:attachment":[{"href":"https:\/\/expedicionglobal.com.co\/en\/wp-json\/wp\/v2\/media?parent=13125"}],"wp:term":[{"taxonomy":"product_brand","embeddable":true,"href":"https:\/\/expedicionglobal.com.co\/en\/wp-json\/wp\/v2\/product_brand?post=13125"},{"taxonomy":"product_cat","embeddable":true,"href":"https:\/\/expedicionglobal.com.co\/en\/wp-json\/wp\/v2\/product_cat?post=13125"},{"taxonomy":"product_tag","embeddable":true,"href":"https:\/\/expedicionglobal.com.co\/en\/wp-json\/wp\/v2\/product_tag?post=13125"}],"curies":[{"name":"wp","href":"https:\/\/api.w.org\/{rel}","templated":true}]}}