{"id":13118,"date":"2025-08-21T14:57:31","date_gmt":"2025-08-21T19:57:31","guid":{"rendered":"https:\/\/expedicionglobal.com.co\/?post_type=product&#038;p=13118"},"modified":"2025-08-21T14:58:42","modified_gmt":"2025-08-21T19:58:42","slug":"ruta-termales-de-santa-rosa-y-filandia","status":"publish","type":"product","link":"https:\/\/expedicionglobal.com.co\/en\/product\/ruta-termales-de-santa-rosa-y-filandia\/","title":{"rendered":"Ruta Termales de santa rosa y Filandia"},"content":{"rendered":"<p>Un pasad\u00eda completo con ingreso a <strong data-start=\"574\" data-end=\"606\">Termales Santa Rosa de Cabal<\/strong> (Pasaporte Energ\u00e9tico), tiempo en cascadas y piscinas, y visita al <strong data-start=\"674\" data-end=\"696\">Mirador El Encanto<\/strong> con recorrido por <strong data-start=\"715\" data-end=\"727\">Filandia<\/strong>. Incluye alimentaci\u00f3n, coordinador y transporte tur\u00edstico.<\/p>\n<p>&nbsp;<\/p>\n<p data-start=\"788\" data-end=\"824\"><strong data-start=\"788\" data-end=\"822\">Incluye (p\u00edldoras con \u00edconos):<\/strong><\/p>\n<ul data-start=\"825\" data-end=\"989\">\n<li data-start=\"825\" data-end=\"852\">\n<p data-start=\"827\" data-end=\"852\">\ud83d\ude8c Transporte tur\u00edstico<\/p>\n<\/li>\n<li data-start=\"853\" data-end=\"873\">\n<p data-start=\"855\" data-end=\"873\">\ud83d\udee1 Seguro m\u00e9dico<\/p>\n<\/li>\n<li data-start=\"874\" data-end=\"920\">\n<p data-start=\"876\" data-end=\"920\">\ud83e\udd50 Desayuno + \ud83c\udf7d\ufe0f Almuerzo + \ud83e\udd64 Refrigerio<\/p>\n<\/li>\n<li data-start=\"921\" data-end=\"963\">\n<p data-start=\"923\" data-end=\"963\">\u2668\ufe0f <strong data-start=\"926\" data-end=\"950\">Pasaporte Energ\u00e9tico<\/strong> (termales)<\/p>\n<\/li>\n<li data-start=\"964\" data-end=\"989\">\n<p data-start=\"966\" data-end=\"989\">\ud83d\udc64 Coordinador de viaje<\/p>\n<\/li>\n<\/ul>\n<p data-start=\"991\" data-end=\"1011\"><strong data-start=\"991\" data-end=\"1009\">Datos r\u00e1pidos:<\/strong><\/p>\n<ul data-start=\"1012\" data-end=\"1163\">\n<li data-start=\"1012\" data-end=\"1055\">\n<p data-start=\"1014\" data-end=\"1055\">\ud83d\udcb5 <strong data-start=\"1017\" data-end=\"1028\">Precio:<\/strong> <strong data-start=\"1029\" data-end=\"1053\">$233.000 por persona<\/strong><\/p>\n<\/li>\n<li data-start=\"1056\" data-end=\"1085\">\n<p data-start=\"1058\" data-end=\"1085\">\u23f1 Jornada de d\u00eda completo<\/p>\n<\/li>\n<li data-start=\"1086\" data-end=\"1128\">\n<p data-start=\"1088\" data-end=\"1128\">\ud83d\uddd3 Reserva con 48\u201372 h de anticipaci\u00f3n<\/p>\n<\/li>\n<\/ul>","protected":false},"excerpt":{"rendered":"<p>Un pasad\u00eda completo con ingreso a Termales Santa Rosa de Cabal (Pasaporte Energ\u00e9tico), tiempo en cascadas y piscinas, y visita al Mirador El Encanto con recorrido por Filandia. Incluye alimentaci\u00f3n, coordinador y transporte tur\u00edstico. &nbsp; Incluye (p\u00edldoras con \u00edconos): \ud83d\ude8c Transporte tur\u00edstico \ud83d\udee1 Seguro m\u00e9dico \ud83e\udd50 Desayuno + \ud83c\udf7d\ufe0f Almuerzo + \ud83e\udd64 Refrigerio \u2668\ufe0f Pasaporte [&hellip;]<\/p>","protected":false},"featured_media":13119,"comment_status":"open","ping_status":"closed","template":"","meta":{"_acf_changed":false,"_monsterinsights_skip_tracking":false,"_monsterinsights_sitenote_active":false,"_monsterinsights_sitenote_note":"","_monsterinsights_sitenote_category":0,"_joinchat":[]},"product_brand":[],"product_cat":[64,61],"product_tag":[],"class_list":{"0":"post-13118","1":"product","2":"type-product","3":"status-publish","4":"has-post-thumbnail","6":"product_cat-expediciones-por-colombia","7":"product_cat-exploracion-aventura","9":"first","10":"instock","11":"shipping-taxable","12":"purchasable","13":"product-type-ovabrw_car_rental"},"acf":[],"aioseo_notices":[],"yoast_head":"<!-- This site is optimized with the Yoast SEO plugin v25.3.1 - https:\/\/yoast.com\/wordpress\/plugins\/seo\/ -->\n<title>Ruta Termales de santa rosa y Filandia - Expedici\u00f3n global, operadora de turismo<\/title>\n<meta name=\"robots\" content=\"index, follow, max-snippet:-1, max-image-preview:large, max-video-preview:-1\" \/>\n<link rel=\"canonical\" href=\"https:\/\/expedicionglobal.com.co\/en\/planes\/\" \/>\n<meta property=\"og:locale\" content=\"en_US\" \/>\n<meta property=\"og:type\" content=\"article\" \/>\n<meta property=\"og:title\" content=\"Ruta Termales de santa rosa y Filandia - Expedici\u00f3n global, operadora de turismo\" \/>\n<meta property=\"og:description\" content=\"Un pasad\u00eda completo con ingreso a Termales Santa Rosa de Cabal (Pasaporte Energ\u00e9tico), tiempo en cascadas y piscinas, y visita al Mirador El Encanto con recorrido por Filandia. Incluye alimentaci\u00f3n, coordinador y transporte tur\u00edstico. &nbsp; Incluye (p\u00edldoras con \u00edconos): \ud83d\ude8c Transporte tur\u00edstico \ud83d\udee1 Seguro m\u00e9dico \ud83e\udd50 Desayuno + \ud83c\udf7d\ufe0f Almuerzo + \ud83e\udd64 Refrigerio \u2668\ufe0f Pasaporte [&hellip;]\" \/>\n<meta property=\"og:url\" content=\"https:\/\/expedicionglobal.com.co\/en\/planes\/\" \/>\n<meta property=\"og:site_name\" content=\"Expedici\u00f3n global, operadora de turismo\" \/>\n<meta property=\"article:modified_time\" content=\"2025-08-21T19:58:42+00:00\" \/>\n<meta property=\"og:image\" content=\"https:\/\/expedicionglobal.com.co\/wp-content\/uploads\/2025\/08\/tsrfilandia-1024x577.png\" \/>\n\t<meta property=\"og:image:width\" content=\"1024\" \/>\n\t<meta property=\"og:image:height\" content=\"577\" \/>\n\t<meta property=\"og:image:type\" content=\"image\/png\" \/>\n<meta name=\"twitter:card\" content=\"summary_large_image\" \/>\n<meta name=\"twitter:label1\" content=\"Est. reading time\" \/>\n\t<meta name=\"twitter:data1\" content=\"1 minute\" \/>\n<script type=\"application\/ld+json\" class=\"yoast-schema-graph\">{\"@context\":\"https:\/\/schema.org\",\"@graph\":[{\"@type\":\"WebPage\",\"@id\":\"https:\/\/expedicionglobal.com.co\/producto\/ruta-termales-de-santa-rosa-y-filandia\/\",\"url\":\"https:\/\/expedicionglobal.com.co\/planes\/\",\"name\":\"Ruta Termales de santa rosa y Filandia - Expedici\u00f3n global, operadora de turismo\",\"isPartOf\":{\"@id\":\"https:\/\/expedicionglobal.com.co\/#website\"},\"primaryImageOfPage\":{\"@id\":\"https:\/\/expedicionglobal.com.co\/planes\/#primaryimage\"},\"image\":{\"@id\":\"https:\/\/expedicionglobal.com.co\/planes\/#primaryimage\"},\"thumbnailUrl\":\"https:\/\/expedicionglobal.com.co\/wp-content\/uploads\/2025\/08\/tsrfilandia.png\",\"datePublished\":\"2025-08-21T19:57:31+00:00\",\"dateModified\":\"2025-08-21T19:58:42+00:00\",\"breadcrumb\":{\"@id\":\"https:\/\/expedicionglobal.com.co\/planes\/#breadcrumb\"},\"inLanguage\":\"en-US\",\"potentialAction\":[{\"@type\":\"ReadAction\",\"target\":[\"https:\/\/expedicionglobal.com.co\/planes\/\"]}]},{\"@type\":\"ImageObject\",\"inLanguage\":\"en-US\",\"@id\":\"https:\/\/expedicionglobal.com.co\/planes\/#primaryimage\",\"url\":\"https:\/\/expedicionglobal.com.co\/wp-content\/uploads\/2025\/08\/tsrfilandia.png\",\"contentUrl\":\"https:\/\/expedicionglobal.com.co\/wp-content\/uploads\/2025\/08\/tsrfilandia.png\",\"width\":1924,\"height\":1084},{\"@type\":\"BreadcrumbList\",\"@id\":\"https:\/\/expedicionglobal.com.co\/planes\/#breadcrumb\",\"itemListElement\":[{\"@type\":\"ListItem\",\"position\":1,\"name\":\"Inicio\",\"item\":\"https:\/\/expedicionglobal.com.co\/\"},{\"@type\":\"ListItem\",\"position\":2,\"name\":\"Products\",\"item\":\"https:\/\/expedicionglobal.com.co\/en\/shop__trashed\/\"},{\"@type\":\"ListItem\",\"position\":3,\"name\":\"Ruta Termales de santa rosa y Filandia\"}]},{\"@type\":\"WebSite\",\"@id\":\"https:\/\/expedicionglobal.com.co\/#website\",\"url\":\"https:\/\/expedicionglobal.com.co\/\",\"name\":\"Expedici\u00f3n global, operadora de turismo\",\"description\":\"Expedici\u00f3n Global ofrece viajes sostenibles y aut\u00e9nticos que conectan con la esencia natural, cultural y gastron\u00f3mica de Colombia y el mundo. Explora con prop\u00f3sito, preserva su esencia.\",\"potentialAction\":[{\"@type\":\"SearchAction\",\"target\":{\"@type\":\"EntryPoint\",\"urlTemplate\":\"https:\/\/expedicionglobal.com.co\/?s={search_term_string}\"},\"query-input\":{\"@type\":\"PropertyValueSpecification\",\"valueRequired\":true,\"valueName\":\"search_term_string\"}}],\"inLanguage\":\"en-US\"}]}<\/script>\n<!-- \/ Yoast SEO plugin. -->","yoast_head_json":{"title":"Ruta Termales de santa rosa y Filandia - Expedici\u00f3n global, operadora de turismo","robots":{"index":"index","follow":"follow","max-snippet":"max-snippet:-1","max-image-preview":"max-image-preview:large","max-video-preview":"max-video-preview:-1"},"canonical":"https:\/\/expedicionglobal.com.co\/en\/planes\/","og_locale":"en_US","og_type":"article","og_title":"Ruta Termales de santa rosa y Filandia - Expedici\u00f3n global, operadora de turismo","og_description":"Un pasad\u00eda completo con ingreso a Termales Santa Rosa de Cabal (Pasaporte Energ\u00e9tico), tiempo en cascadas y piscinas, y visita al Mirador El Encanto con recorrido por Filandia. Incluye alimentaci\u00f3n, coordinador y transporte tur\u00edstico. &nbsp; Incluye (p\u00edldoras con \u00edconos): \ud83d\ude8c Transporte tur\u00edstico \ud83d\udee1 Seguro m\u00e9dico \ud83e\udd50 Desayuno + \ud83c\udf7d\ufe0f Almuerzo + \ud83e\udd64 Refrigerio \u2668\ufe0f Pasaporte [&hellip;]","og_url":"https:\/\/expedicionglobal.com.co\/en\/planes\/","og_site_name":"Expedici\u00f3n global, operadora de turismo","article_modified_time":"2025-08-21T19:58:42+00:00","og_image":[{"width":1024,"height":577,"url":"https:\/\/expedicionglobal.com.co\/wp-content\/uploads\/2025\/08\/tsrfilandia-1024x577.png","type":"image\/png"}],"twitter_card":"summary_large_image","twitter_misc":{"Est. reading time":"1 minute"},"schema":{"@context":"https:\/\/schema.org","@graph":[{"@type":"WebPage","@id":"https:\/\/expedicionglobal.com.co\/producto\/ruta-termales-de-santa-rosa-y-filandia\/","url":"https:\/\/expedicionglobal.com.co\/planes\/","name":"Ruta Termales de santa rosa y Filandia - Expedici\u00f3n global, operadora de turismo","isPartOf":{"@id":"https:\/\/expedicionglobal.com.co\/#website"},"primaryImageOfPage":{"@id":"https:\/\/expedicionglobal.com.co\/planes\/#primaryimage"},"image":{"@id":"https:\/\/expedicionglobal.com.co\/planes\/#primaryimage"},"thumbnailUrl":"https:\/\/expedicionglobal.com.co\/wp-content\/uploads\/2025\/08\/tsrfilandia.png","datePublished":"2025-08-21T19:57:31+00:00","dateModified":"2025-08-21T19:58:42+00:00","breadcrumb":{"@id":"https:\/\/expedicionglobal.com.co\/planes\/#breadcrumb"},"inLanguage":"en-US","potentialAction":[{"@type":"ReadAction","target":["https:\/\/expedicionglobal.com.co\/planes\/"]}]},{"@type":"ImageObject","inLanguage":"en-US","@id":"https:\/\/expedicionglobal.com.co\/planes\/#primaryimage","url":"https:\/\/expedicionglobal.com.co\/wp-content\/uploads\/2025\/08\/tsrfilandia.png","contentUrl":"https:\/\/expedicionglobal.com.co\/wp-content\/uploads\/2025\/08\/tsrfilandia.png","width":1924,"height":1084},{"@type":"BreadcrumbList","@id":"https:\/\/expedicionglobal.com.co\/planes\/#breadcrumb","itemListElement":[{"@type":"ListItem","position":1,"name":"Inicio","item":"https:\/\/expedicionglobal.com.co\/"},{"@type":"ListItem","position":2,"name":"Products","item":"https:\/\/expedicionglobal.com.co\/en\/shop__trashed\/"},{"@type":"ListItem","position":3,"name":"Ruta Termales de santa rosa y Filandia"}]},{"@type":"WebSite","@id":"https:\/\/expedicionglobal.com.co\/#website","url":"https:\/\/expedicionglobal.com.co\/","name":"Expedici\u00f3n global, operadora de turismo","description":"Expedici\u00f3n Global ofrece viajes sostenibles y aut\u00e9nticos que conectan con la esencia natural, cultural y gastron\u00f3mica de Colombia y el mundo. Explora con prop\u00f3sito, preserva su esencia.","potentialAction":[{"@type":"SearchAction","target":{"@type":"EntryPoint","urlTemplate":"https:\/\/expedicionglobal.com.co\/?s={search_term_string}"},"query-input":{"@type":"PropertyValueSpecification","valueRequired":true,"valueName":"search_term_string"}}],"inLanguage":"en-US"}]}},"_links":{"self":[{"href":"https:\/\/expedicionglobal.com.co\/en\/wp-json\/wp\/v2\/product\/13118","targetHints":{"allow":["GET"]}}],"collection":[{"href":"https:\/\/expedicionglobal.com.co\/en\/wp-json\/wp\/v2\/product"}],"about":[{"href":"https:\/\/expedicionglobal.com.co\/en\/wp-json\/wp\/v2\/types\/product"}],"replies":[{"embeddable":true,"href":"https:\/\/expedicionglobal.com.co\/en\/wp-json\/wp\/v2\/comments?post=13118"}],"version-history":[{"count":1,"href":"https:\/\/expedicionglobal.com.co\/en\/wp-json\/wp\/v2\/product\/13118\/revisions"}],"predecessor-version":[{"id":13123,"href":"https:\/\/expedicionglobal.com.co\/en\/wp-json\/wp\/v2\/product\/13118\/revisions\/13123"}],"wp:featuredmedia":[{"embeddable":true,"href":"https:\/\/expedicionglobal.com.co\/en\/wp-json\/wp\/v2\/media\/13119"}],"wp:attachment":[{"href":"https:\/\/expedicionglobal.com.co\/en\/wp-json\/wp\/v2\/media?parent=13118"}],"wp:term":[{"taxonomy":"product_brand","embeddable":true,"href":"https:\/\/expedicionglobal.com.co\/en\/wp-json\/wp\/v2\/product_brand?post=13118"},{"taxonomy":"product_cat","embeddable":true,"href":"https:\/\/expedicionglobal.com.co\/en\/wp-json\/wp\/v2\/product_cat?post=13118"},{"taxonomy":"product_tag","embeddable":true,"href":"https:\/\/expedicionglobal.com.co\/en\/wp-json\/wp\/v2\/product_tag?post=13118"}],"curies":[{"name":"wp","href":"https:\/\/api.w.org\/{rel}","templated":true}]}}