{"id":13107,"date":"2025-08-15T13:12:30","date_gmt":"2025-08-15T18:12:30","guid":{"rendered":"https:\/\/expedicionglobal.com.co\/?post_type=product&#038;p=13107"},"modified":"2025-12-19T13:11:07","modified_gmt":"2025-12-19T18:11:07","slug":"alba-cruzguiasyturismo","status":"publish","type":"product","link":"https:\/\/expedicionglobal.com.co\/en\/product\/alba-cruzguiasyturismo\/","title":{"rendered":"ALBA CRUZGUIASYTURISMO"},"content":{"rendered":"<p>ALBA CRUZGUIASYTURISMO<\/p>\n<p>We are a company that offers professional tourism guiding services, specialized in the northern region of the department of Tolima. We focus on creating innovative experiences through routes and circuits that recreate the cultural journeys of the Botanical Expedition, with an emphasis on the Mutis Route.\n\u200b\n\nOur goal is to be receptive and showcase the historical richness of the municipalities of Fresno, Honda, Mariquita, Falan, Armero, Ambalema, and Palocabildo. We are aimed at those who wish to explore local heritage in an educational and authentic way, guided by experts on the subject.<\/p>\n<p><b>Email: albcruzguiasyturismo@gmail.com<\/b> albcruzguiasyturismo@gmail.com<\/p>\n<p class=\"translation-block\">Business hours: 08:00 a.m. \u2013 09:00 p.m. via WhatsApp \/\/ Email 08:00 a.m. \u2013 05:00 p.m.<\/p>","protected":false},"excerpt":{"rendered":"<p>ALBA CRUZGUIASYTURISMO Somos una empresa que ofrece servicios de gu\u00eda profesional de turismo, especializada en la regi\u00f3n norte del departamento del Tolima. Nos enfocamos en la creaci\u00f3n de experiencias innovadoras a trav\u00e9s de rutas y circuitos que recrean los recorridos culturales de la Expedici\u00f3n Bot\u00e1nica, con \u00e9nfasis en la Ruta Mutis. Nuestro objetivo es ser [&hellip;]<\/p>","protected":false},"featured_media":13113,"comment_status":"open","ping_status":"closed","template":"","meta":{"_acf_changed":false,"_monsterinsights_skip_tracking":false,"_monsterinsights_sitenote_active":false,"_monsterinsights_sitenote_note":"","_monsterinsights_sitenote_category":0,"_joinchat":[]},"product_brand":[],"product_cat":[95,108],"product_tag":[],"class_list":{"0":"post-13107","1":"product","2":"type-product","3":"status-publish","4":"has-post-thumbnail","6":"product_cat-empresas","7":"product_cat-servicios","9":"first","10":"instock","11":"shipping-taxable","12":"product-type-simple"},"acf":[],"aioseo_notices":[],"yoast_head":"<!-- This site is optimized with the Yoast SEO plugin v25.3.1 - https:\/\/yoast.com\/wordpress\/plugins\/seo\/ -->\n<title>ALBA CRUZGUIASYTURISMO - Expedici\u00f3n global, operadora de turismo<\/title>\n<meta name=\"robots\" content=\"index, follow, max-snippet:-1, max-image-preview:large, max-video-preview:-1\" \/>\n<link rel=\"canonical\" href=\"https:\/\/expedicionglobal.com.co\/en\/empresas-y-servicios\/\" \/>\n<meta property=\"og:locale\" content=\"en_US\" \/>\n<meta property=\"og:type\" content=\"article\" \/>\n<meta property=\"og:title\" content=\"ALBA CRUZGUIASYTURISMO - Expedici\u00f3n global, operadora de turismo\" \/>\n<meta property=\"og:description\" content=\"ALBA CRUZGUIASYTURISMO Somos una empresa que ofrece servicios de gu\u00eda profesional de turismo, especializada en la regi\u00f3n norte del departamento del Tolima. Nos enfocamos en la creaci\u00f3n de experiencias innovadoras a trav\u00e9s de rutas y circuitos que recrean los recorridos culturales de la Expedici\u00f3n Bot\u00e1nica, con \u00e9nfasis en la Ruta Mutis. Nuestro objetivo es ser [&hellip;]\" \/>\n<meta property=\"og:url\" content=\"https:\/\/expedicionglobal.com.co\/en\/empresas-y-servicios\/\" \/>\n<meta property=\"og:site_name\" content=\"Expedici\u00f3n global, operadora de turismo\" \/>\n<meta property=\"article:modified_time\" content=\"2025-12-19T18:11:07+00:00\" \/>\n<meta property=\"og:image\" content=\"https:\/\/expedicionglobal.com.co\/wp-content\/uploads\/2025\/08\/logo.png\" \/>\n\t<meta property=\"og:image:width\" content=\"1920\" \/>\n\t<meta property=\"og:image:height\" content=\"1104\" \/>\n\t<meta property=\"og:image:type\" content=\"image\/png\" \/>\n<meta name=\"twitter:card\" content=\"summary_large_image\" \/>\n<meta name=\"twitter:label1\" content=\"Est. reading time\" \/>\n\t<meta name=\"twitter:data1\" content=\"1 minute\" \/>\n<script type=\"application\/ld+json\" class=\"yoast-schema-graph\">{\"@context\":\"https:\/\/schema.org\",\"@graph\":[{\"@type\":\"WebPage\",\"@id\":\"https:\/\/expedicionglobal.com.co\/producto\/alba-cruzguiasyturismo\/\",\"url\":\"https:\/\/expedicionglobal.com.co\/empresas-y-servicios\",\"name\":\"ALBA CRUZGUIASYTURISMO - Expedici\u00f3n global, operadora de turismo\",\"isPartOf\":{\"@id\":\"https:\/\/expedicionglobal.com.co\/#website\"},\"primaryImageOfPage\":{\"@id\":\"https:\/\/expedicionglobal.com.co\/empresas-y-servicios#primaryimage\"},\"image\":{\"@id\":\"https:\/\/expedicionglobal.com.co\/empresas-y-servicios#primaryimage\"},\"thumbnailUrl\":\"https:\/\/expedicionglobal.com.co\/wp-content\/uploads\/2025\/08\/logo.png\",\"datePublished\":\"2025-08-15T18:12:30+00:00\",\"dateModified\":\"2025-12-19T18:11:07+00:00\",\"breadcrumb\":{\"@id\":\"https:\/\/expedicionglobal.com.co\/empresas-y-servicios#breadcrumb\"},\"inLanguage\":\"en-US\",\"potentialAction\":[{\"@type\":\"ReadAction\",\"target\":[\"https:\/\/expedicionglobal.com.co\/empresas-y-servicios\"]}]},{\"@type\":\"ImageObject\",\"inLanguage\":\"en-US\",\"@id\":\"https:\/\/expedicionglobal.com.co\/empresas-y-servicios#primaryimage\",\"url\":\"https:\/\/expedicionglobal.com.co\/wp-content\/uploads\/2025\/08\/logo.png\",\"contentUrl\":\"https:\/\/expedicionglobal.com.co\/wp-content\/uploads\/2025\/08\/logo.png\",\"width\":1920,\"height\":1104},{\"@type\":\"BreadcrumbList\",\"@id\":\"https:\/\/expedicionglobal.com.co\/empresas-y-servicios#breadcrumb\",\"itemListElement\":[{\"@type\":\"ListItem\",\"position\":1,\"name\":\"Inicio\",\"item\":\"https:\/\/expedicionglobal.com.co\/\"},{\"@type\":\"ListItem\",\"position\":2,\"name\":\"Products\",\"item\":\"https:\/\/expedicionglobal.com.co\/en\/shop__trashed\/\"},{\"@type\":\"ListItem\",\"position\":3,\"name\":\"ALBA CRUZGUIASYTURISMO\"}]},{\"@type\":\"WebSite\",\"@id\":\"https:\/\/expedicionglobal.com.co\/#website\",\"url\":\"https:\/\/expedicionglobal.com.co\/\",\"name\":\"Expedici\u00f3n global, operadora de turismo\",\"description\":\"Expedici\u00f3n Global ofrece viajes sostenibles y aut\u00e9nticos que conectan con la esencia natural, cultural y gastron\u00f3mica de Colombia y el mundo. Explora con prop\u00f3sito, preserva su esencia.\",\"potentialAction\":[{\"@type\":\"SearchAction\",\"target\":{\"@type\":\"EntryPoint\",\"urlTemplate\":\"https:\/\/expedicionglobal.com.co\/?s={search_term_string}\"},\"query-input\":{\"@type\":\"PropertyValueSpecification\",\"valueRequired\":true,\"valueName\":\"search_term_string\"}}],\"inLanguage\":\"en-US\"}]}<\/script>\n<!-- \/ Yoast SEO plugin. -->","yoast_head_json":{"title":"ALBA CRUZGUIASYTURISMO - Expedici\u00f3n global, operadora de turismo","robots":{"index":"index","follow":"follow","max-snippet":"max-snippet:-1","max-image-preview":"max-image-preview:large","max-video-preview":"max-video-preview:-1"},"canonical":"https:\/\/expedicionglobal.com.co\/en\/empresas-y-servicios\/","og_locale":"en_US","og_type":"article","og_title":"ALBA CRUZGUIASYTURISMO - Expedici\u00f3n global, operadora de turismo","og_description":"ALBA CRUZGUIASYTURISMO Somos una empresa que ofrece servicios de gu\u00eda profesional de turismo, especializada en la regi\u00f3n norte del departamento del Tolima. Nos enfocamos en la creaci\u00f3n de experiencias innovadoras a trav\u00e9s de rutas y circuitos que recrean los recorridos culturales de la Expedici\u00f3n Bot\u00e1nica, con \u00e9nfasis en la Ruta Mutis. Nuestro objetivo es ser [&hellip;]","og_url":"https:\/\/expedicionglobal.com.co\/en\/empresas-y-servicios\/","og_site_name":"Expedici\u00f3n global, operadora de turismo","article_modified_time":"2025-12-19T18:11:07+00:00","og_image":[{"width":1920,"height":1104,"url":"https:\/\/expedicionglobal.com.co\/wp-content\/uploads\/2025\/08\/logo.png","type":"image\/png"}],"twitter_card":"summary_large_image","twitter_misc":{"Est. reading time":"1 minute"},"schema":{"@context":"https:\/\/schema.org","@graph":[{"@type":"WebPage","@id":"https:\/\/expedicionglobal.com.co\/producto\/alba-cruzguiasyturismo\/","url":"https:\/\/expedicionglobal.com.co\/empresas-y-servicios","name":"ALBA CRUZGUIASYTURISMO - Expedici\u00f3n global, operadora de turismo","isPartOf":{"@id":"https:\/\/expedicionglobal.com.co\/#website"},"primaryImageOfPage":{"@id":"https:\/\/expedicionglobal.com.co\/empresas-y-servicios#primaryimage"},"image":{"@id":"https:\/\/expedicionglobal.com.co\/empresas-y-servicios#primaryimage"},"thumbnailUrl":"https:\/\/expedicionglobal.com.co\/wp-content\/uploads\/2025\/08\/logo.png","datePublished":"2025-08-15T18:12:30+00:00","dateModified":"2025-12-19T18:11:07+00:00","breadcrumb":{"@id":"https:\/\/expedicionglobal.com.co\/empresas-y-servicios#breadcrumb"},"inLanguage":"en-US","potentialAction":[{"@type":"ReadAction","target":["https:\/\/expedicionglobal.com.co\/empresas-y-servicios"]}]},{"@type":"ImageObject","inLanguage":"en-US","@id":"https:\/\/expedicionglobal.com.co\/empresas-y-servicios#primaryimage","url":"https:\/\/expedicionglobal.com.co\/wp-content\/uploads\/2025\/08\/logo.png","contentUrl":"https:\/\/expedicionglobal.com.co\/wp-content\/uploads\/2025\/08\/logo.png","width":1920,"height":1104},{"@type":"BreadcrumbList","@id":"https:\/\/expedicionglobal.com.co\/empresas-y-servicios#breadcrumb","itemListElement":[{"@type":"ListItem","position":1,"name":"Inicio","item":"https:\/\/expedicionglobal.com.co\/"},{"@type":"ListItem","position":2,"name":"Products","item":"https:\/\/expedicionglobal.com.co\/en\/shop__trashed\/"},{"@type":"ListItem","position":3,"name":"ALBA CRUZGUIASYTURISMO"}]},{"@type":"WebSite","@id":"https:\/\/expedicionglobal.com.co\/#website","url":"https:\/\/expedicionglobal.com.co\/","name":"Expedici\u00f3n global, operadora de turismo","description":"Expedici\u00f3n Global ofrece viajes sostenibles y aut\u00e9nticos que conectan con la esencia natural, cultural y gastron\u00f3mica de Colombia y el mundo. Explora con prop\u00f3sito, preserva su esencia.","potentialAction":[{"@type":"SearchAction","target":{"@type":"EntryPoint","urlTemplate":"https:\/\/expedicionglobal.com.co\/?s={search_term_string}"},"query-input":{"@type":"PropertyValueSpecification","valueRequired":true,"valueName":"search_term_string"}}],"inLanguage":"en-US"}]}},"_links":{"self":[{"href":"https:\/\/expedicionglobal.com.co\/en\/wp-json\/wp\/v2\/product\/13107","targetHints":{"allow":["GET"]}}],"collection":[{"href":"https:\/\/expedicionglobal.com.co\/en\/wp-json\/wp\/v2\/product"}],"about":[{"href":"https:\/\/expedicionglobal.com.co\/en\/wp-json\/wp\/v2\/types\/product"}],"replies":[{"embeddable":true,"href":"https:\/\/expedicionglobal.com.co\/en\/wp-json\/wp\/v2\/comments?post=13107"}],"version-history":[{"count":5,"href":"https:\/\/expedicionglobal.com.co\/en\/wp-json\/wp\/v2\/product\/13107\/revisions"}],"predecessor-version":[{"id":13229,"href":"https:\/\/expedicionglobal.com.co\/en\/wp-json\/wp\/v2\/product\/13107\/revisions\/13229"}],"wp:featuredmedia":[{"embeddable":true,"href":"https:\/\/expedicionglobal.com.co\/en\/wp-json\/wp\/v2\/media\/13113"}],"wp:attachment":[{"href":"https:\/\/expedicionglobal.com.co\/en\/wp-json\/wp\/v2\/media?parent=13107"}],"wp:term":[{"taxonomy":"product_brand","embeddable":true,"href":"https:\/\/expedicionglobal.com.co\/en\/wp-json\/wp\/v2\/product_brand?post=13107"},{"taxonomy":"product_cat","embeddable":true,"href":"https:\/\/expedicionglobal.com.co\/en\/wp-json\/wp\/v2\/product_cat?post=13107"},{"taxonomy":"product_tag","embeddable":true,"href":"https:\/\/expedicionglobal.com.co\/en\/wp-json\/wp\/v2\/product_tag?post=13107"}],"curies":[{"name":"wp","href":"https:\/\/api.w.org\/{rel}","templated":true}]}}