{"id":13094,"date":"2025-08-14T11:02:43","date_gmt":"2025-08-14T16:02:43","guid":{"rendered":"https:\/\/expedicionglobal.com.co\/?post_type=product&#038;p=13094"},"modified":"2026-02-13T13:32:54","modified_gmt":"2026-02-13T18:32:54","slug":"mi-terruno-coffee-shop","status":"publish","type":"product","link":"https:\/\/expedicionglobal.com.co\/en\/product\/mi-terruno-coffee-shop\/","title":{"rendered":"Mi terru\u00f1o coffee shop"},"content":{"rendered":"<p class=\"translation-block\">We are an entrepreneurial project from Cajamarca.\nSpecialty coffee, food, drinks, and more.\nRoasted and green coffee distributors.\nShipping available throughout Colombia.<\/p>\n<p>Business hours: 10:00 a.m. \u2013 10:00 p.m.<\/p>\n<p>Email: miterrunocoffee.2020@gmail.com<\/p>","protected":false},"excerpt":{"rendered":"<p>Somos un emprendimiento cajamarcuno. Caf\u00e9 de especialidad, Comidas, bebidas y m\u00e1s. Distribuidores de Caf\u00e9 tostado y en verde. Env\u00edos a todo colombia Horario de atenci\u00f3n: 10 Am &#8211; 10 Pm Correo electr\u00f3nico de contacto: miterrunocoffee.2020@gmail.com<\/p>","protected":false},"featured_media":13095,"comment_status":"open","ping_status":"closed","template":"","meta":{"_acf_changed":false,"_monsterinsights_skip_tracking":false,"_monsterinsights_sitenote_active":false,"_monsterinsights_sitenote_note":"","_monsterinsights_sitenote_category":0,"_joinchat":{"view":"yes"}},"product_brand":[],"product_cat":[96,95,105,88],"product_tag":[],"class_list":{"0":"post-13094","1":"product","2":"type-product","3":"status-publish","4":"has-post-thumbnail","6":"product_cat-cajamarca-empresas","7":"product_cat-empresas","8":"product_cat-gastronomia","9":"product_cat-productos","11":"first","12":"instock","13":"shipping-taxable","14":"product-type-simple"},"acf":[],"aioseo_notices":[],"yoast_head":"<!-- This site is optimized with the Yoast SEO plugin v25.3.1 - https:\/\/yoast.com\/wordpress\/plugins\/seo\/ -->\n<title>Mi terru\u00f1o coffee shop - Expedici\u00f3n global, operadora de turismo<\/title>\n<meta name=\"robots\" content=\"index, follow, max-snippet:-1, max-image-preview:large, max-video-preview:-1\" \/>\n<link rel=\"canonical\" href=\"https:\/\/expedicionglobal.com.co\/en\/productos\/\" \/>\n<meta property=\"og:locale\" content=\"en_US\" \/>\n<meta property=\"og:type\" content=\"article\" \/>\n<meta property=\"og:title\" content=\"Mi terru\u00f1o coffee shop - Expedici\u00f3n global, operadora de turismo\" \/>\n<meta property=\"og:description\" content=\"Somos un emprendimiento cajamarcuno. Caf\u00e9 de especialidad, Comidas, bebidas y m\u00e1s. Distribuidores de Caf\u00e9 tostado y en verde. Env\u00edos a todo colombia Horario de atenci\u00f3n: 10 Am &#8211; 10 Pm Correo electr\u00f3nico de contacto: miterrunocoffee.2020@gmail.com\" \/>\n<meta property=\"og:url\" content=\"https:\/\/expedicionglobal.com.co\/en\/productos\/\" \/>\n<meta property=\"og:site_name\" content=\"Expedici\u00f3n global, operadora de turismo\" \/>\n<meta property=\"article:modified_time\" content=\"2026-02-13T18:32:54+00:00\" \/>\n<meta property=\"og:image\" content=\"https:\/\/expedicionglobal.com.co\/wp-content\/uploads\/2025\/08\/Miterruno._-1024x576.png\" \/>\n\t<meta property=\"og:image:width\" content=\"1024\" \/>\n\t<meta property=\"og:image:height\" content=\"576\" \/>\n\t<meta property=\"og:image:type\" content=\"image\/png\" \/>\n<meta name=\"twitter:card\" content=\"summary_large_image\" \/>\n<meta name=\"twitter:label1\" content=\"Est. reading time\" \/>\n\t<meta name=\"twitter:data1\" content=\"1 minute\" \/>\n<script type=\"application\/ld+json\" class=\"yoast-schema-graph\">{\"@context\":\"https:\/\/schema.org\",\"@graph\":[{\"@type\":\"WebPage\",\"@id\":\"https:\/\/expedicionglobal.com.co\/producto\/mi-terruno-coffee-shop\/\",\"url\":\"https:\/\/expedicionglobal.com.co\/productos\/\",\"name\":\"Mi terru\u00f1o coffee shop - Expedici\u00f3n global, operadora de turismo\",\"isPartOf\":{\"@id\":\"https:\/\/expedicionglobal.com.co\/#website\"},\"primaryImageOfPage\":{\"@id\":\"https:\/\/expedicionglobal.com.co\/productos\/#primaryimage\"},\"image\":{\"@id\":\"https:\/\/expedicionglobal.com.co\/productos\/#primaryimage\"},\"thumbnailUrl\":\"https:\/\/expedicionglobal.com.co\/wp-content\/uploads\/2025\/08\/Miterruno._.png\",\"datePublished\":\"2025-08-14T16:02:43+00:00\",\"dateModified\":\"2026-02-13T18:32:54+00:00\",\"breadcrumb\":{\"@id\":\"https:\/\/expedicionglobal.com.co\/productos\/#breadcrumb\"},\"inLanguage\":\"en-US\",\"potentialAction\":[{\"@type\":\"ReadAction\",\"target\":[\"https:\/\/expedicionglobal.com.co\/productos\/\"]}]},{\"@type\":\"ImageObject\",\"inLanguage\":\"en-US\",\"@id\":\"https:\/\/expedicionglobal.com.co\/productos\/#primaryimage\",\"url\":\"https:\/\/expedicionglobal.com.co\/wp-content\/uploads\/2025\/08\/Miterruno._.png\",\"contentUrl\":\"https:\/\/expedicionglobal.com.co\/wp-content\/uploads\/2025\/08\/Miterruno._.png\",\"width\":1920,\"height\":1080},{\"@type\":\"BreadcrumbList\",\"@id\":\"https:\/\/expedicionglobal.com.co\/productos\/#breadcrumb\",\"itemListElement\":[{\"@type\":\"ListItem\",\"position\":1,\"name\":\"Inicio\",\"item\":\"https:\/\/expedicionglobal.com.co\/\"},{\"@type\":\"ListItem\",\"position\":2,\"name\":\"Products\",\"item\":\"https:\/\/expedicionglobal.com.co\/en\/shop__trashed\/\"},{\"@type\":\"ListItem\",\"position\":3,\"name\":\"Mi terru\u00f1o coffee shop\"}]},{\"@type\":\"WebSite\",\"@id\":\"https:\/\/expedicionglobal.com.co\/#website\",\"url\":\"https:\/\/expedicionglobal.com.co\/\",\"name\":\"Expedici\u00f3n global, operadora de turismo\",\"description\":\"Expedici\u00f3n Global ofrece viajes sostenibles y aut\u00e9nticos que conectan con la esencia natural, cultural y gastron\u00f3mica de Colombia y el mundo. Explora con prop\u00f3sito, preserva su esencia.\",\"potentialAction\":[{\"@type\":\"SearchAction\",\"target\":{\"@type\":\"EntryPoint\",\"urlTemplate\":\"https:\/\/expedicionglobal.com.co\/?s={search_term_string}\"},\"query-input\":{\"@type\":\"PropertyValueSpecification\",\"valueRequired\":true,\"valueName\":\"search_term_string\"}}],\"inLanguage\":\"en-US\"}]}<\/script>\n<!-- \/ Yoast SEO plugin. -->","yoast_head_json":{"title":"Mi terru\u00f1o coffee shop - Expedici\u00f3n global, operadora de turismo","robots":{"index":"index","follow":"follow","max-snippet":"max-snippet:-1","max-image-preview":"max-image-preview:large","max-video-preview":"max-video-preview:-1"},"canonical":"https:\/\/expedicionglobal.com.co\/en\/productos\/","og_locale":"en_US","og_type":"article","og_title":"Mi terru\u00f1o coffee shop - Expedici\u00f3n global, operadora de turismo","og_description":"Somos un emprendimiento cajamarcuno. Caf\u00e9 de especialidad, Comidas, bebidas y m\u00e1s. Distribuidores de Caf\u00e9 tostado y en verde. Env\u00edos a todo colombia Horario de atenci\u00f3n: 10 Am &#8211; 10 Pm Correo electr\u00f3nico de contacto: miterrunocoffee.2020@gmail.com","og_url":"https:\/\/expedicionglobal.com.co\/en\/productos\/","og_site_name":"Expedici\u00f3n global, operadora de turismo","article_modified_time":"2026-02-13T18:32:54+00:00","og_image":[{"width":1024,"height":576,"url":"https:\/\/expedicionglobal.com.co\/wp-content\/uploads\/2025\/08\/Miterruno._-1024x576.png","type":"image\/png"}],"twitter_card":"summary_large_image","twitter_misc":{"Est. reading time":"1 minute"},"schema":{"@context":"https:\/\/schema.org","@graph":[{"@type":"WebPage","@id":"https:\/\/expedicionglobal.com.co\/producto\/mi-terruno-coffee-shop\/","url":"https:\/\/expedicionglobal.com.co\/productos\/","name":"Mi terru\u00f1o coffee shop - Expedici\u00f3n global, operadora de turismo","isPartOf":{"@id":"https:\/\/expedicionglobal.com.co\/#website"},"primaryImageOfPage":{"@id":"https:\/\/expedicionglobal.com.co\/productos\/#primaryimage"},"image":{"@id":"https:\/\/expedicionglobal.com.co\/productos\/#primaryimage"},"thumbnailUrl":"https:\/\/expedicionglobal.com.co\/wp-content\/uploads\/2025\/08\/Miterruno._.png","datePublished":"2025-08-14T16:02:43+00:00","dateModified":"2026-02-13T18:32:54+00:00","breadcrumb":{"@id":"https:\/\/expedicionglobal.com.co\/productos\/#breadcrumb"},"inLanguage":"en-US","potentialAction":[{"@type":"ReadAction","target":["https:\/\/expedicionglobal.com.co\/productos\/"]}]},{"@type":"ImageObject","inLanguage":"en-US","@id":"https:\/\/expedicionglobal.com.co\/productos\/#primaryimage","url":"https:\/\/expedicionglobal.com.co\/wp-content\/uploads\/2025\/08\/Miterruno._.png","contentUrl":"https:\/\/expedicionglobal.com.co\/wp-content\/uploads\/2025\/08\/Miterruno._.png","width":1920,"height":1080},{"@type":"BreadcrumbList","@id":"https:\/\/expedicionglobal.com.co\/productos\/#breadcrumb","itemListElement":[{"@type":"ListItem","position":1,"name":"Inicio","item":"https:\/\/expedicionglobal.com.co\/"},{"@type":"ListItem","position":2,"name":"Products","item":"https:\/\/expedicionglobal.com.co\/en\/shop__trashed\/"},{"@type":"ListItem","position":3,"name":"Mi terru\u00f1o coffee shop"}]},{"@type":"WebSite","@id":"https:\/\/expedicionglobal.com.co\/#website","url":"https:\/\/expedicionglobal.com.co\/","name":"Expedici\u00f3n global, operadora de turismo","description":"Expedici\u00f3n Global ofrece viajes sostenibles y aut\u00e9nticos que conectan con la esencia natural, cultural y gastron\u00f3mica de Colombia y el mundo. Explora con prop\u00f3sito, preserva su esencia.","potentialAction":[{"@type":"SearchAction","target":{"@type":"EntryPoint","urlTemplate":"https:\/\/expedicionglobal.com.co\/?s={search_term_string}"},"query-input":{"@type":"PropertyValueSpecification","valueRequired":true,"valueName":"search_term_string"}}],"inLanguage":"en-US"}]}},"_links":{"self":[{"href":"https:\/\/expedicionglobal.com.co\/en\/wp-json\/wp\/v2\/product\/13094","targetHints":{"allow":["GET"]}}],"collection":[{"href":"https:\/\/expedicionglobal.com.co\/en\/wp-json\/wp\/v2\/product"}],"about":[{"href":"https:\/\/expedicionglobal.com.co\/en\/wp-json\/wp\/v2\/types\/product"}],"replies":[{"embeddable":true,"href":"https:\/\/expedicionglobal.com.co\/en\/wp-json\/wp\/v2\/comments?post=13094"}],"version-history":[{"count":13,"href":"https:\/\/expedicionglobal.com.co\/en\/wp-json\/wp\/v2\/product\/13094\/revisions"}],"predecessor-version":[{"id":13646,"href":"https:\/\/expedicionglobal.com.co\/en\/wp-json\/wp\/v2\/product\/13094\/revisions\/13646"}],"wp:featuredmedia":[{"embeddable":true,"href":"https:\/\/expedicionglobal.com.co\/en\/wp-json\/wp\/v2\/media\/13095"}],"wp:attachment":[{"href":"https:\/\/expedicionglobal.com.co\/en\/wp-json\/wp\/v2\/media?parent=13094"}],"wp:term":[{"taxonomy":"product_brand","embeddable":true,"href":"https:\/\/expedicionglobal.com.co\/en\/wp-json\/wp\/v2\/product_brand?post=13094"},{"taxonomy":"product_cat","embeddable":true,"href":"https:\/\/expedicionglobal.com.co\/en\/wp-json\/wp\/v2\/product_cat?post=13094"},{"taxonomy":"product_tag","embeddable":true,"href":"https:\/\/expedicionglobal.com.co\/en\/wp-json\/wp\/v2\/product_tag?post=13094"}],"curies":[{"name":"wp","href":"https:\/\/api.w.org\/{rel}","templated":true}]}}