{"id":12992,"date":"2025-07-10T17:59:15","date_gmt":"2025-07-10T22:59:15","guid":{"rendered":"https:\/\/expedicionglobal.com.co\/?post_type=product&#038;p=12992"},"modified":"2025-12-19T13:08:35","modified_gmt":"2025-12-19T18:08:35","slug":"hacienda-campo-pequeno","status":"publish","type":"product","link":"https:\/\/expedicionglobal.com.co\/en\/product\/hacienda-campo-pequeno\/","title":{"rendered":"Campo Peque\u00f1o Hacienda"},"content":{"rendered":"<p>Our company is a unique agrotourism hacienda in Colombia, where natural beauty, cattle-ranching traditions, and cultural heritage come together in an unforgettable experience for all visitors. We offer eco-friendly horseback rides along trails surrounded by breathtaking landscapes\u2014ideal for those looking to connect with nature in a sustainable way. We also feature traditional cattle ranching activities, allowing our guests to learn about farm work and rural life.\n\nOne of our greatest prides is birdwatching\u2014an ideal activity for wildlife and photography enthusiasts, thanks to the rich variety of species found in our region. We are also home to the House Museum of legendary Colombian bullfighter Pepe C\u00e1ceres, where visitors can explore his legacy and the history of bullfighting in the country.<\/p>\n<p>Our hacienda is open to everyone \u2014 families, groups of friends, national and international tourists, students, and anyone interested in nature, culture, and Colombian rural traditions. We invite you to enjoy an authentic, educational, and adventure-filled experience.<\/p>\n<p><strong>Contact email: Fetorre43@gmail.com<\/strong><\/p>","protected":false},"excerpt":{"rendered":"<p>Nuestra empresa es una hacienda agrotur\u00edstica \u00fanica en Colombia, donde se combinan la belleza natural, la tradici\u00f3n ganadera y la historia cultural en una experiencia inolvidable para todos los visitantes. Ofrecemos cabalgatas ecol\u00f3gicas que permiten recorrer senderos rodeados de paisajes espectaculares, ideales para quienes buscan conectarse con la naturaleza de forma sostenible. Adem\u00e1s, contamos con [&hellip;]<\/p>","protected":false},"featured_media":12593,"comment_status":"open","ping_status":"closed","template":"","meta":{"_acf_changed":false,"_monsterinsights_skip_tracking":false,"_monsterinsights_sitenote_active":false,"_monsterinsights_sitenote_note":"","_monsterinsights_sitenote_category":0,"_joinchat":[]},"product_brand":[],"product_cat":[96,95,106],"product_tag":[],"class_list":{"0":"post-12992","1":"product","2":"type-product","3":"status-publish","4":"has-post-thumbnail","6":"product_cat-cajamarca-empresas","7":"product_cat-empresas","8":"product_cat-turismo-y-experiencias","10":"first","11":"instock","12":"shipping-taxable","13":"product-type-simple"},"acf":[],"aioseo_notices":[],"yoast_head":"<!-- This site is optimized with the Yoast SEO plugin v25.3.1 - https:\/\/yoast.com\/wordpress\/plugins\/seo\/ -->\n<title>Hacienda campo peque\u00f1o - Expedici\u00f3n global, operadora de turismo<\/title>\n<meta name=\"robots\" content=\"index, follow, max-snippet:-1, max-image-preview:large, max-video-preview:-1\" \/>\n<link rel=\"canonical\" href=\"https:\/\/expedicionglobal.com.co\/en\/product\/hacienda-campo-pequeno\/\" \/>\n<meta property=\"og:locale\" content=\"en_US\" \/>\n<meta property=\"og:type\" content=\"article\" \/>\n<meta property=\"og:title\" content=\"Hacienda campo peque\u00f1o - Expedici\u00f3n global, operadora de turismo\" \/>\n<meta property=\"og:description\" content=\"Nuestra empresa es una hacienda agrotur\u00edstica \u00fanica en Colombia, donde se combinan la belleza natural, la tradici\u00f3n ganadera y la historia cultural en una experiencia inolvidable para todos los visitantes. Ofrecemos cabalgatas ecol\u00f3gicas que permiten recorrer senderos rodeados de paisajes espectaculares, ideales para quienes buscan conectarse con la naturaleza de forma sostenible. Adem\u00e1s, contamos con [&hellip;]\" \/>\n<meta property=\"og:url\" content=\"https:\/\/expedicionglobal.com.co\/en\/product\/hacienda-campo-pequeno\/\" \/>\n<meta property=\"og:site_name\" content=\"Expedici\u00f3n global, operadora de turismo\" \/>\n<meta property=\"article:modified_time\" content=\"2025-12-19T18:08:35+00:00\" \/>\n<meta property=\"og:image\" content=\"https:\/\/expedicionglobal.com.co\/wp-content\/uploads\/2025\/06\/Museopp4-1024x576.png\" \/>\n\t<meta property=\"og:image:width\" content=\"1024\" \/>\n\t<meta property=\"og:image:height\" content=\"576\" \/>\n\t<meta property=\"og:image:type\" content=\"image\/png\" \/>\n<meta name=\"twitter:card\" content=\"summary_large_image\" \/>\n<meta name=\"twitter:label1\" content=\"Est. reading time\" \/>\n\t<meta name=\"twitter:data1\" content=\"2 minutes\" \/>\n<script type=\"application\/ld+json\" class=\"yoast-schema-graph\">{\"@context\":\"https:\/\/schema.org\",\"@graph\":[{\"@type\":\"WebPage\",\"@id\":\"https:\/\/expedicionglobal.com.co\/producto\/hacienda-campo-pequeno\/\",\"url\":\"https:\/\/expedicionglobal.com.co\/producto\/hacienda-campo-pequeno\/\",\"name\":\"Hacienda campo peque\u00f1o - Expedici\u00f3n global, operadora de turismo\",\"isPartOf\":{\"@id\":\"https:\/\/expedicionglobal.com.co\/#website\"},\"primaryImageOfPage\":{\"@id\":\"https:\/\/expedicionglobal.com.co\/producto\/hacienda-campo-pequeno\/#primaryimage\"},\"image\":{\"@id\":\"https:\/\/expedicionglobal.com.co\/producto\/hacienda-campo-pequeno\/#primaryimage\"},\"thumbnailUrl\":\"https:\/\/expedicionglobal.com.co\/wp-content\/uploads\/2025\/06\/Museopp4.png\",\"datePublished\":\"2025-07-10T22:59:15+00:00\",\"dateModified\":\"2025-12-19T18:08:35+00:00\",\"breadcrumb\":{\"@id\":\"https:\/\/expedicionglobal.com.co\/producto\/hacienda-campo-pequeno\/#breadcrumb\"},\"inLanguage\":\"en-US\",\"potentialAction\":[{\"@type\":\"ReadAction\",\"target\":[\"https:\/\/expedicionglobal.com.co\/producto\/hacienda-campo-pequeno\/\"]}]},{\"@type\":\"ImageObject\",\"inLanguage\":\"en-US\",\"@id\":\"https:\/\/expedicionglobal.com.co\/producto\/hacienda-campo-pequeno\/#primaryimage\",\"url\":\"https:\/\/expedicionglobal.com.co\/wp-content\/uploads\/2025\/06\/Museopp4.png\",\"contentUrl\":\"https:\/\/expedicionglobal.com.co\/wp-content\/uploads\/2025\/06\/Museopp4.png\",\"width\":1920,\"height\":1080},{\"@type\":\"BreadcrumbList\",\"@id\":\"https:\/\/expedicionglobal.com.co\/producto\/hacienda-campo-pequeno\/#breadcrumb\",\"itemListElement\":[{\"@type\":\"ListItem\",\"position\":1,\"name\":\"Inicio\",\"item\":\"https:\/\/expedicionglobal.com.co\/\"},{\"@type\":\"ListItem\",\"position\":2,\"name\":\"Products\",\"item\":\"https:\/\/expedicionglobal.com.co\/en\/shop__trashed\/\"},{\"@type\":\"ListItem\",\"position\":3,\"name\":\"Hacienda campo peque\u00f1o\"}]},{\"@type\":\"WebSite\",\"@id\":\"https:\/\/expedicionglobal.com.co\/#website\",\"url\":\"https:\/\/expedicionglobal.com.co\/\",\"name\":\"Expedici\u00f3n global, operadora de turismo\",\"description\":\"Expedici\u00f3n Global ofrece viajes sostenibles y aut\u00e9nticos que conectan con la esencia natural, cultural y gastron\u00f3mica de Colombia y el mundo. Explora con prop\u00f3sito, preserva su esencia.\",\"potentialAction\":[{\"@type\":\"SearchAction\",\"target\":{\"@type\":\"EntryPoint\",\"urlTemplate\":\"https:\/\/expedicionglobal.com.co\/?s={search_term_string}\"},\"query-input\":{\"@type\":\"PropertyValueSpecification\",\"valueRequired\":true,\"valueName\":\"search_term_string\"}}],\"inLanguage\":\"en-US\"}]}<\/script>\n<!-- \/ Yoast SEO plugin. -->","yoast_head_json":{"title":"Hacienda campo peque\u00f1o - Expedici\u00f3n global, operadora de turismo","robots":{"index":"index","follow":"follow","max-snippet":"max-snippet:-1","max-image-preview":"max-image-preview:large","max-video-preview":"max-video-preview:-1"},"canonical":"https:\/\/expedicionglobal.com.co\/en\/product\/hacienda-campo-pequeno\/","og_locale":"en_US","og_type":"article","og_title":"Hacienda campo peque\u00f1o - Expedici\u00f3n global, operadora de turismo","og_description":"Nuestra empresa es una hacienda agrotur\u00edstica \u00fanica en Colombia, donde se combinan la belleza natural, la tradici\u00f3n ganadera y la historia cultural en una experiencia inolvidable para todos los visitantes. Ofrecemos cabalgatas ecol\u00f3gicas que permiten recorrer senderos rodeados de paisajes espectaculares, ideales para quienes buscan conectarse con la naturaleza de forma sostenible. Adem\u00e1s, contamos con [&hellip;]","og_url":"https:\/\/expedicionglobal.com.co\/en\/product\/hacienda-campo-pequeno\/","og_site_name":"Expedici\u00f3n global, operadora de turismo","article_modified_time":"2025-12-19T18:08:35+00:00","og_image":[{"width":1024,"height":576,"url":"https:\/\/expedicionglobal.com.co\/wp-content\/uploads\/2025\/06\/Museopp4-1024x576.png","type":"image\/png"}],"twitter_card":"summary_large_image","twitter_misc":{"Est. reading time":"2 minutes"},"schema":{"@context":"https:\/\/schema.org","@graph":[{"@type":"WebPage","@id":"https:\/\/expedicionglobal.com.co\/producto\/hacienda-campo-pequeno\/","url":"https:\/\/expedicionglobal.com.co\/producto\/hacienda-campo-pequeno\/","name":"Hacienda campo peque\u00f1o - Expedici\u00f3n global, operadora de turismo","isPartOf":{"@id":"https:\/\/expedicionglobal.com.co\/#website"},"primaryImageOfPage":{"@id":"https:\/\/expedicionglobal.com.co\/producto\/hacienda-campo-pequeno\/#primaryimage"},"image":{"@id":"https:\/\/expedicionglobal.com.co\/producto\/hacienda-campo-pequeno\/#primaryimage"},"thumbnailUrl":"https:\/\/expedicionglobal.com.co\/wp-content\/uploads\/2025\/06\/Museopp4.png","datePublished":"2025-07-10T22:59:15+00:00","dateModified":"2025-12-19T18:08:35+00:00","breadcrumb":{"@id":"https:\/\/expedicionglobal.com.co\/producto\/hacienda-campo-pequeno\/#breadcrumb"},"inLanguage":"en-US","potentialAction":[{"@type":"ReadAction","target":["https:\/\/expedicionglobal.com.co\/producto\/hacienda-campo-pequeno\/"]}]},{"@type":"ImageObject","inLanguage":"en-US","@id":"https:\/\/expedicionglobal.com.co\/producto\/hacienda-campo-pequeno\/#primaryimage","url":"https:\/\/expedicionglobal.com.co\/wp-content\/uploads\/2025\/06\/Museopp4.png","contentUrl":"https:\/\/expedicionglobal.com.co\/wp-content\/uploads\/2025\/06\/Museopp4.png","width":1920,"height":1080},{"@type":"BreadcrumbList","@id":"https:\/\/expedicionglobal.com.co\/producto\/hacienda-campo-pequeno\/#breadcrumb","itemListElement":[{"@type":"ListItem","position":1,"name":"Inicio","item":"https:\/\/expedicionglobal.com.co\/"},{"@type":"ListItem","position":2,"name":"Products","item":"https:\/\/expedicionglobal.com.co\/en\/shop__trashed\/"},{"@type":"ListItem","position":3,"name":"Hacienda campo peque\u00f1o"}]},{"@type":"WebSite","@id":"https:\/\/expedicionglobal.com.co\/#website","url":"https:\/\/expedicionglobal.com.co\/","name":"Expedici\u00f3n global, operadora de turismo","description":"Expedici\u00f3n Global ofrece viajes sostenibles y aut\u00e9nticos que conectan con la esencia natural, cultural y gastron\u00f3mica de Colombia y el mundo. Explora con prop\u00f3sito, preserva su esencia.","potentialAction":[{"@type":"SearchAction","target":{"@type":"EntryPoint","urlTemplate":"https:\/\/expedicionglobal.com.co\/?s={search_term_string}"},"query-input":{"@type":"PropertyValueSpecification","valueRequired":true,"valueName":"search_term_string"}}],"inLanguage":"en-US"}]}},"_links":{"self":[{"href":"https:\/\/expedicionglobal.com.co\/en\/wp-json\/wp\/v2\/product\/12992","targetHints":{"allow":["GET"]}}],"collection":[{"href":"https:\/\/expedicionglobal.com.co\/en\/wp-json\/wp\/v2\/product"}],"about":[{"href":"https:\/\/expedicionglobal.com.co\/en\/wp-json\/wp\/v2\/types\/product"}],"replies":[{"embeddable":true,"href":"https:\/\/expedicionglobal.com.co\/en\/wp-json\/wp\/v2\/comments?post=12992"}],"version-history":[{"count":3,"href":"https:\/\/expedicionglobal.com.co\/en\/wp-json\/wp\/v2\/product\/12992\/revisions"}],"predecessor-version":[{"id":13211,"href":"https:\/\/expedicionglobal.com.co\/en\/wp-json\/wp\/v2\/product\/12992\/revisions\/13211"}],"wp:featuredmedia":[{"embeddable":true,"href":"https:\/\/expedicionglobal.com.co\/en\/wp-json\/wp\/v2\/media\/12593"}],"wp:attachment":[{"href":"https:\/\/expedicionglobal.com.co\/en\/wp-json\/wp\/v2\/media?parent=12992"}],"wp:term":[{"taxonomy":"product_brand","embeddable":true,"href":"https:\/\/expedicionglobal.com.co\/en\/wp-json\/wp\/v2\/product_brand?post=12992"},{"taxonomy":"product_cat","embeddable":true,"href":"https:\/\/expedicionglobal.com.co\/en\/wp-json\/wp\/v2\/product_cat?post=12992"},{"taxonomy":"product_tag","embeddable":true,"href":"https:\/\/expedicionglobal.com.co\/en\/wp-json\/wp\/v2\/product_tag?post=12992"}],"curies":[{"name":"wp","href":"https:\/\/api.w.org\/{rel}","templated":true}]}}