{"id":12920,"date":"2025-07-07T17:51:14","date_gmt":"2025-07-07T22:51:14","guid":{"rendered":"https:\/\/expedicionglobal.com.co\/?post_type=product&#038;p=12920"},"modified":"2025-12-19T13:07:05","modified_gmt":"2025-12-19T18:07:05","slug":"waffles-honey","status":"publish","type":"product","link":"https:\/\/expedicionglobal.com.co\/en\/product\/waffles-honey\/","title":{"rendered":"Waffles Honey"},"content":{"rendered":"<p>Waffles Honey is a small business born from a love for sweet details and special moments. We specialize in creating edible gifts that combine flavor, aesthetics, and emotion. Here you\u2019ll find sweet, healthy, and savory waffles, chocolate-covered strawberries, and much more\u2026 If you're in Ibagu\u00e9 and looking for a gift that speaks for you, at Waffles Honey we make it possible \u2014 with love and style.<\/p>\n<p>Contact email: wfhoney5@gmail.com<\/p>\n<p>Business hours: Monday to Saturday, 9:00 a.m. to 6:00 p.m.<\/p>","protected":false},"excerpt":{"rendered":"<p>Waffles Honey es un emprendimiento nacido del amor por los detalles dulces y los momentos especiales. Nos especializamos en crear regalos comestibles que combinan sabor, est\u00e9tica y emoci\u00f3n. Aqu\u00ed podr\u00e1s encontrar Waffles dulces, saludables y de sal. Fresas con chocolate y mucho m\u00e1s\u2026 si est\u00e1s en Ibagu\u00e9 y buscas un detalle que hable por t\u00ed, [&hellip;]<\/p>","protected":false},"featured_media":12921,"comment_status":"open","ping_status":"closed","template":"","meta":{"_acf_changed":false,"_monsterinsights_skip_tracking":false,"_monsterinsights_sitenote_active":false,"_monsterinsights_sitenote_note":"","_monsterinsights_sitenote_category":0,"_joinchat":[]},"product_brand":[],"product_cat":[95,105,88],"product_tag":[],"class_list":{"0":"post-12920","1":"product","2":"type-product","3":"status-publish","4":"has-post-thumbnail","6":"product_cat-empresas","7":"product_cat-gastronomia","8":"product_cat-productos","10":"first","11":"instock","12":"shipping-taxable","13":"product-type-simple"},"acf":[],"aioseo_notices":[],"yoast_head":"<!-- This site is optimized with the Yoast SEO plugin v25.3.1 - https:\/\/yoast.com\/wordpress\/plugins\/seo\/ -->\n<title>Waffles Honey - Expedici\u00f3n global, operadora de turismo<\/title>\n<meta name=\"description\" content=\"Productos de empresas que apoyamos.\" \/>\n<meta name=\"robots\" content=\"index, follow, max-snippet:-1, max-image-preview:large, max-video-preview:-1\" \/>\n<link rel=\"canonical\" href=\"https:\/\/expedicionglobal.com.co\/en\/productos\/\" \/>\n<meta property=\"og:locale\" content=\"en_US\" \/>\n<meta property=\"og:type\" content=\"article\" \/>\n<meta property=\"og:title\" content=\"Waffles Honey - Expedici\u00f3n global, operadora de turismo\" \/>\n<meta property=\"og:description\" content=\"Productos de empresas que apoyamos.\" \/>\n<meta property=\"og:url\" content=\"https:\/\/expedicionglobal.com.co\/en\/productos\/\" \/>\n<meta property=\"og:site_name\" content=\"Expedici\u00f3n global, operadora de turismo\" \/>\n<meta property=\"article:modified_time\" content=\"2025-12-19T18:07:05+00:00\" \/>\n<meta property=\"og:image\" content=\"https:\/\/expedicionglobal.com.co\/wp-content\/uploads\/2025\/07\/WhatsApp-Image-2025-06-24-at-12.42.16-PM.jpeg\" \/>\n\t<meta property=\"og:image:width\" content=\"1500\" \/>\n\t<meta property=\"og:image:height\" content=\"1500\" \/>\n\t<meta property=\"og:image:type\" content=\"image\/jpeg\" \/>\n<meta name=\"twitter:card\" content=\"summary_large_image\" \/>\n<meta name=\"twitter:label1\" content=\"Est. reading time\" \/>\n\t<meta name=\"twitter:data1\" content=\"1 minute\" \/>\n<script type=\"application\/ld+json\" class=\"yoast-schema-graph\">{\"@context\":\"https:\/\/schema.org\",\"@graph\":[{\"@type\":\"WebPage\",\"@id\":\"https:\/\/expedicionglobal.com.co\/producto\/waffles-honey\/\",\"url\":\"https:\/\/expedicionglobal.com.co\/productos\/\",\"name\":\"Waffles Honey - Expedici\u00f3n global, operadora de turismo\",\"isPartOf\":{\"@id\":\"https:\/\/expedicionglobal.com.co\/#website\"},\"primaryImageOfPage\":{\"@id\":\"https:\/\/expedicionglobal.com.co\/productos\/#primaryimage\"},\"image\":{\"@id\":\"https:\/\/expedicionglobal.com.co\/productos\/#primaryimage\"},\"thumbnailUrl\":\"https:\/\/expedicionglobal.com.co\/wp-content\/uploads\/2025\/07\/WhatsApp-Image-2025-06-24-at-12.42.16-PM.jpeg\",\"datePublished\":\"2025-07-07T22:51:14+00:00\",\"dateModified\":\"2025-12-19T18:07:05+00:00\",\"description\":\"Productos de empresas que apoyamos.\",\"breadcrumb\":{\"@id\":\"https:\/\/expedicionglobal.com.co\/productos\/#breadcrumb\"},\"inLanguage\":\"en-US\",\"potentialAction\":[{\"@type\":\"ReadAction\",\"target\":[\"https:\/\/expedicionglobal.com.co\/productos\/\"]}]},{\"@type\":\"ImageObject\",\"inLanguage\":\"en-US\",\"@id\":\"https:\/\/expedicionglobal.com.co\/productos\/#primaryimage\",\"url\":\"https:\/\/expedicionglobal.com.co\/wp-content\/uploads\/2025\/07\/WhatsApp-Image-2025-06-24-at-12.42.16-PM.jpeg\",\"contentUrl\":\"https:\/\/expedicionglobal.com.co\/wp-content\/uploads\/2025\/07\/WhatsApp-Image-2025-06-24-at-12.42.16-PM.jpeg\",\"width\":1500,\"height\":1500},{\"@type\":\"BreadcrumbList\",\"@id\":\"https:\/\/expedicionglobal.com.co\/productos\/#breadcrumb\",\"itemListElement\":[{\"@type\":\"ListItem\",\"position\":1,\"name\":\"Inicio\",\"item\":\"https:\/\/expedicionglobal.com.co\/\"},{\"@type\":\"ListItem\",\"position\":2,\"name\":\"Products\",\"item\":\"https:\/\/expedicionglobal.com.co\/en\/shop__trashed\/\"},{\"@type\":\"ListItem\",\"position\":3,\"name\":\"Waffles Honey\"}]},{\"@type\":\"WebSite\",\"@id\":\"https:\/\/expedicionglobal.com.co\/#website\",\"url\":\"https:\/\/expedicionglobal.com.co\/\",\"name\":\"Expedici\u00f3n global, operadora de turismo\",\"description\":\"Expedici\u00f3n Global ofrece viajes sostenibles y aut\u00e9nticos que conectan con la esencia natural, cultural y gastron\u00f3mica de Colombia y el mundo. Explora con prop\u00f3sito, preserva su esencia.\",\"potentialAction\":[{\"@type\":\"SearchAction\",\"target\":{\"@type\":\"EntryPoint\",\"urlTemplate\":\"https:\/\/expedicionglobal.com.co\/?s={search_term_string}\"},\"query-input\":{\"@type\":\"PropertyValueSpecification\",\"valueRequired\":true,\"valueName\":\"search_term_string\"}}],\"inLanguage\":\"en-US\"}]}<\/script>\n<!-- \/ Yoast SEO plugin. -->","yoast_head_json":{"title":"Waffles Honey - Expedici\u00f3n global, operadora de turismo","description":"Productos de empresas que apoyamos.","robots":{"index":"index","follow":"follow","max-snippet":"max-snippet:-1","max-image-preview":"max-image-preview:large","max-video-preview":"max-video-preview:-1"},"canonical":"https:\/\/expedicionglobal.com.co\/en\/productos\/","og_locale":"en_US","og_type":"article","og_title":"Waffles Honey - Expedici\u00f3n global, operadora de turismo","og_description":"Productos de empresas que apoyamos.","og_url":"https:\/\/expedicionglobal.com.co\/en\/productos\/","og_site_name":"Expedici\u00f3n global, operadora de turismo","article_modified_time":"2025-12-19T18:07:05+00:00","og_image":[{"width":1500,"height":1500,"url":"https:\/\/expedicionglobal.com.co\/wp-content\/uploads\/2025\/07\/WhatsApp-Image-2025-06-24-at-12.42.16-PM.jpeg","type":"image\/jpeg"}],"twitter_card":"summary_large_image","twitter_misc":{"Est. reading time":"1 minute"},"schema":{"@context":"https:\/\/schema.org","@graph":[{"@type":"WebPage","@id":"https:\/\/expedicionglobal.com.co\/producto\/waffles-honey\/","url":"https:\/\/expedicionglobal.com.co\/productos\/","name":"Waffles Honey - Expedici\u00f3n global, operadora de turismo","isPartOf":{"@id":"https:\/\/expedicionglobal.com.co\/#website"},"primaryImageOfPage":{"@id":"https:\/\/expedicionglobal.com.co\/productos\/#primaryimage"},"image":{"@id":"https:\/\/expedicionglobal.com.co\/productos\/#primaryimage"},"thumbnailUrl":"https:\/\/expedicionglobal.com.co\/wp-content\/uploads\/2025\/07\/WhatsApp-Image-2025-06-24-at-12.42.16-PM.jpeg","datePublished":"2025-07-07T22:51:14+00:00","dateModified":"2025-12-19T18:07:05+00:00","description":"Productos de empresas que apoyamos.","breadcrumb":{"@id":"https:\/\/expedicionglobal.com.co\/productos\/#breadcrumb"},"inLanguage":"en-US","potentialAction":[{"@type":"ReadAction","target":["https:\/\/expedicionglobal.com.co\/productos\/"]}]},{"@type":"ImageObject","inLanguage":"en-US","@id":"https:\/\/expedicionglobal.com.co\/productos\/#primaryimage","url":"https:\/\/expedicionglobal.com.co\/wp-content\/uploads\/2025\/07\/WhatsApp-Image-2025-06-24-at-12.42.16-PM.jpeg","contentUrl":"https:\/\/expedicionglobal.com.co\/wp-content\/uploads\/2025\/07\/WhatsApp-Image-2025-06-24-at-12.42.16-PM.jpeg","width":1500,"height":1500},{"@type":"BreadcrumbList","@id":"https:\/\/expedicionglobal.com.co\/productos\/#breadcrumb","itemListElement":[{"@type":"ListItem","position":1,"name":"Inicio","item":"https:\/\/expedicionglobal.com.co\/"},{"@type":"ListItem","position":2,"name":"Products","item":"https:\/\/expedicionglobal.com.co\/en\/shop__trashed\/"},{"@type":"ListItem","position":3,"name":"Waffles Honey"}]},{"@type":"WebSite","@id":"https:\/\/expedicionglobal.com.co\/#website","url":"https:\/\/expedicionglobal.com.co\/","name":"Expedici\u00f3n global, operadora de turismo","description":"Expedici\u00f3n Global ofrece viajes sostenibles y aut\u00e9nticos que conectan con la esencia natural, cultural y gastron\u00f3mica de Colombia y el mundo. Explora con prop\u00f3sito, preserva su esencia.","potentialAction":[{"@type":"SearchAction","target":{"@type":"EntryPoint","urlTemplate":"https:\/\/expedicionglobal.com.co\/?s={search_term_string}"},"query-input":{"@type":"PropertyValueSpecification","valueRequired":true,"valueName":"search_term_string"}}],"inLanguage":"en-US"}]}},"_links":{"self":[{"href":"https:\/\/expedicionglobal.com.co\/en\/wp-json\/wp\/v2\/product\/12920","targetHints":{"allow":["GET"]}}],"collection":[{"href":"https:\/\/expedicionglobal.com.co\/en\/wp-json\/wp\/v2\/product"}],"about":[{"href":"https:\/\/expedicionglobal.com.co\/en\/wp-json\/wp\/v2\/types\/product"}],"replies":[{"embeddable":true,"href":"https:\/\/expedicionglobal.com.co\/en\/wp-json\/wp\/v2\/comments?post=12920"}],"version-history":[{"count":4,"href":"https:\/\/expedicionglobal.com.co\/en\/wp-json\/wp\/v2\/product\/12920\/revisions"}],"predecessor-version":[{"id":13226,"href":"https:\/\/expedicionglobal.com.co\/en\/wp-json\/wp\/v2\/product\/12920\/revisions\/13226"}],"wp:featuredmedia":[{"embeddable":true,"href":"https:\/\/expedicionglobal.com.co\/en\/wp-json\/wp\/v2\/media\/12921"}],"wp:attachment":[{"href":"https:\/\/expedicionglobal.com.co\/en\/wp-json\/wp\/v2\/media?parent=12920"}],"wp:term":[{"taxonomy":"product_brand","embeddable":true,"href":"https:\/\/expedicionglobal.com.co\/en\/wp-json\/wp\/v2\/product_brand?post=12920"},{"taxonomy":"product_cat","embeddable":true,"href":"https:\/\/expedicionglobal.com.co\/en\/wp-json\/wp\/v2\/product_cat?post=12920"},{"taxonomy":"product_tag","embeddable":true,"href":"https:\/\/expedicionglobal.com.co\/en\/wp-json\/wp\/v2\/product_tag?post=12920"}],"curies":[{"name":"wp","href":"https:\/\/api.w.org\/{rel}","templated":true}]}}