{"id":12748,"date":"2025-06-22T18:15:04","date_gmt":"2025-06-22T18:15:04","guid":{"rendered":"https:\/\/expedicionglobal.com.co\/?post_type=product&#038;p=12748"},"modified":"2025-12-19T19:05:29","modified_gmt":"2025-12-20T00:05:29","slug":"cafe-la-despensa","status":"publish","type":"product","link":"https:\/\/expedicionglobal.com.co\/en\/product\/cafe-la-despensa\/","title":{"rendered":"La Despensa Coffee"},"content":{"rendered":"<p class=\"translation-block\"><b>La Despensa<\/b><span style=\"font-weight: 400;\"> es una marca orgullosamente nacida en Cajamarca, Tolima, dedicada a resaltar los sabores aut\u00e9nticos de nuestra tierra. Inspirados en la riqueza agr\u00edcola de la regi\u00f3n, elaboramos productos artesanales con ingredientes locales, fusionando tradici\u00f3n e innovaci\u00f3n para ofrecer experiencias \u00fanicas en cada sorbo y cada taza.&nbsp;<\/span><\/p>","protected":false},"excerpt":{"rendered":"<p>La Despensa es una marca orgullosamente nacida en Cajamarca, Tolima, dedicada a resaltar los sabores aut\u00e9nticos de nuestra tierra. Inspirados en la riqueza agr\u00edcola de la regi\u00f3n, elaboramos productos artesanales con ingredientes locales, fusionando tradici\u00f3n e innovaci\u00f3n para ofrecer experiencias \u00fanicas en cada sorbo y cada taza.\u00a0<\/p>","protected":false},"featured_media":12733,"comment_status":"open","ping_status":"closed","template":"","meta":{"_acf_changed":false,"_monsterinsights_skip_tracking":false,"_monsterinsights_sitenote_active":false,"_monsterinsights_sitenote_note":"","_monsterinsights_sitenote_category":0,"_joinchat":[]},"product_brand":[],"product_cat":[105,88],"product_tag":[],"class_list":{"0":"post-12748","1":"product","2":"type-product","3":"status-publish","4":"has-post-thumbnail","6":"product_cat-gastronomia","7":"product_cat-productos","9":"first","10":"instock","11":"shipping-taxable","12":"product-type-simple"},"acf":[],"aioseo_notices":[],"yoast_head":"<!-- This site is optimized with the Yoast SEO plugin v25.3.1 - https:\/\/yoast.com\/wordpress\/plugins\/seo\/ -->\n<title>Caf\u00e9 la Despensa - Expedici\u00f3n global, operadora de turismo<\/title>\n<meta name=\"robots\" content=\"index, follow, max-snippet:-1, max-image-preview:large, max-video-preview:-1\" \/>\n<link rel=\"canonical\" href=\"https:\/\/expedicionglobal.com.co\/en\/productos\/\" \/>\n<meta property=\"og:locale\" content=\"en_US\" \/>\n<meta property=\"og:type\" content=\"article\" \/>\n<meta property=\"og:title\" content=\"Caf\u00e9 la Despensa - Expedici\u00f3n global, operadora de turismo\" \/>\n<meta property=\"og:description\" content=\"La Despensa es una marca orgullosamente nacida en Cajamarca, Tolima, dedicada a resaltar los sabores aut\u00e9nticos de nuestra tierra. Inspirados en la riqueza agr\u00edcola de la regi\u00f3n, elaboramos productos artesanales con ingredientes locales, fusionando tradici\u00f3n e innovaci\u00f3n para ofrecer experiencias \u00fanicas en cada sorbo y cada taza.\u00a0\" \/>\n<meta property=\"og:url\" content=\"https:\/\/expedicionglobal.com.co\/en\/productos\/\" \/>\n<meta property=\"og:site_name\" content=\"Expedici\u00f3n global, operadora de turismo\" \/>\n<meta property=\"article:modified_time\" content=\"2025-12-20T00:05:29+00:00\" \/>\n<meta property=\"og:image\" content=\"https:\/\/expedicionglobal.com.co\/wp-content\/uploads\/2025\/06\/Producto-cafe-1024x576.png\" \/>\n\t<meta property=\"og:image:width\" content=\"1024\" \/>\n\t<meta property=\"og:image:height\" content=\"576\" \/>\n\t<meta property=\"og:image:type\" content=\"image\/png\" \/>\n<meta name=\"twitter:card\" content=\"summary_large_image\" \/>\n<meta name=\"twitter:label1\" content=\"Est. reading time\" \/>\n\t<meta name=\"twitter:data1\" content=\"1 minute\" \/>\n<script type=\"application\/ld+json\" class=\"yoast-schema-graph\">{\"@context\":\"https:\/\/schema.org\",\"@graph\":[{\"@type\":\"WebPage\",\"@id\":\"https:\/\/expedicionglobal.com.co\/producto\/cafe-la-despensa\/\",\"url\":\"https:\/\/expedicionglobal.com.co\/productos\/\",\"name\":\"Caf\u00e9 la Despensa - Expedici\u00f3n global, operadora de turismo\",\"isPartOf\":{\"@id\":\"https:\/\/expedicionglobal.com.co\/#website\"},\"primaryImageOfPage\":{\"@id\":\"https:\/\/expedicionglobal.com.co\/productos\/#primaryimage\"},\"image\":{\"@id\":\"https:\/\/expedicionglobal.com.co\/productos\/#primaryimage\"},\"thumbnailUrl\":\"https:\/\/expedicionglobal.com.co\/wp-content\/uploads\/2025\/06\/Producto-cafe.png\",\"datePublished\":\"2025-06-22T18:15:04+00:00\",\"dateModified\":\"2025-12-20T00:05:29+00:00\",\"breadcrumb\":{\"@id\":\"https:\/\/expedicionglobal.com.co\/productos\/#breadcrumb\"},\"inLanguage\":\"en-US\",\"potentialAction\":[{\"@type\":\"ReadAction\",\"target\":[\"https:\/\/expedicionglobal.com.co\/productos\/\"]}]},{\"@type\":\"ImageObject\",\"inLanguage\":\"en-US\",\"@id\":\"https:\/\/expedicionglobal.com.co\/productos\/#primaryimage\",\"url\":\"https:\/\/expedicionglobal.com.co\/wp-content\/uploads\/2025\/06\/Producto-cafe.png\",\"contentUrl\":\"https:\/\/expedicionglobal.com.co\/wp-content\/uploads\/2025\/06\/Producto-cafe.png\",\"width\":1920,\"height\":1080},{\"@type\":\"BreadcrumbList\",\"@id\":\"https:\/\/expedicionglobal.com.co\/productos\/#breadcrumb\",\"itemListElement\":[{\"@type\":\"ListItem\",\"position\":1,\"name\":\"Inicio\",\"item\":\"https:\/\/expedicionglobal.com.co\/\"},{\"@type\":\"ListItem\",\"position\":2,\"name\":\"Products\",\"item\":\"https:\/\/expedicionglobal.com.co\/en\/shop__trashed\/\"},{\"@type\":\"ListItem\",\"position\":3,\"name\":\"Caf\u00e9 la Despensa\"}]},{\"@type\":\"WebSite\",\"@id\":\"https:\/\/expedicionglobal.com.co\/#website\",\"url\":\"https:\/\/expedicionglobal.com.co\/\",\"name\":\"Expedici\u00f3n global, operadora de turismo\",\"description\":\"Expedici\u00f3n Global ofrece viajes sostenibles y aut\u00e9nticos que conectan con la esencia natural, cultural y gastron\u00f3mica de Colombia y el mundo. Explora con prop\u00f3sito, preserva su esencia.\",\"potentialAction\":[{\"@type\":\"SearchAction\",\"target\":{\"@type\":\"EntryPoint\",\"urlTemplate\":\"https:\/\/expedicionglobal.com.co\/?s={search_term_string}\"},\"query-input\":{\"@type\":\"PropertyValueSpecification\",\"valueRequired\":true,\"valueName\":\"search_term_string\"}}],\"inLanguage\":\"en-US\"}]}<\/script>\n<!-- \/ Yoast SEO plugin. -->","yoast_head_json":{"title":"Caf\u00e9 la Despensa - Expedici\u00f3n global, operadora de turismo","robots":{"index":"index","follow":"follow","max-snippet":"max-snippet:-1","max-image-preview":"max-image-preview:large","max-video-preview":"max-video-preview:-1"},"canonical":"https:\/\/expedicionglobal.com.co\/en\/productos\/","og_locale":"en_US","og_type":"article","og_title":"Caf\u00e9 la Despensa - Expedici\u00f3n global, operadora de turismo","og_description":"La Despensa es una marca orgullosamente nacida en Cajamarca, Tolima, dedicada a resaltar los sabores aut\u00e9nticos de nuestra tierra. Inspirados en la riqueza agr\u00edcola de la regi\u00f3n, elaboramos productos artesanales con ingredientes locales, fusionando tradici\u00f3n e innovaci\u00f3n para ofrecer experiencias \u00fanicas en cada sorbo y cada taza.\u00a0","og_url":"https:\/\/expedicionglobal.com.co\/en\/productos\/","og_site_name":"Expedici\u00f3n global, operadora de turismo","article_modified_time":"2025-12-20T00:05:29+00:00","og_image":[{"width":1024,"height":576,"url":"https:\/\/expedicionglobal.com.co\/wp-content\/uploads\/2025\/06\/Producto-cafe-1024x576.png","type":"image\/png"}],"twitter_card":"summary_large_image","twitter_misc":{"Est. reading time":"1 minute"},"schema":{"@context":"https:\/\/schema.org","@graph":[{"@type":"WebPage","@id":"https:\/\/expedicionglobal.com.co\/producto\/cafe-la-despensa\/","url":"https:\/\/expedicionglobal.com.co\/productos\/","name":"Caf\u00e9 la Despensa - Expedici\u00f3n global, operadora de turismo","isPartOf":{"@id":"https:\/\/expedicionglobal.com.co\/#website"},"primaryImageOfPage":{"@id":"https:\/\/expedicionglobal.com.co\/productos\/#primaryimage"},"image":{"@id":"https:\/\/expedicionglobal.com.co\/productos\/#primaryimage"},"thumbnailUrl":"https:\/\/expedicionglobal.com.co\/wp-content\/uploads\/2025\/06\/Producto-cafe.png","datePublished":"2025-06-22T18:15:04+00:00","dateModified":"2025-12-20T00:05:29+00:00","breadcrumb":{"@id":"https:\/\/expedicionglobal.com.co\/productos\/#breadcrumb"},"inLanguage":"en-US","potentialAction":[{"@type":"ReadAction","target":["https:\/\/expedicionglobal.com.co\/productos\/"]}]},{"@type":"ImageObject","inLanguage":"en-US","@id":"https:\/\/expedicionglobal.com.co\/productos\/#primaryimage","url":"https:\/\/expedicionglobal.com.co\/wp-content\/uploads\/2025\/06\/Producto-cafe.png","contentUrl":"https:\/\/expedicionglobal.com.co\/wp-content\/uploads\/2025\/06\/Producto-cafe.png","width":1920,"height":1080},{"@type":"BreadcrumbList","@id":"https:\/\/expedicionglobal.com.co\/productos\/#breadcrumb","itemListElement":[{"@type":"ListItem","position":1,"name":"Inicio","item":"https:\/\/expedicionglobal.com.co\/"},{"@type":"ListItem","position":2,"name":"Products","item":"https:\/\/expedicionglobal.com.co\/en\/shop__trashed\/"},{"@type":"ListItem","position":3,"name":"Caf\u00e9 la Despensa"}]},{"@type":"WebSite","@id":"https:\/\/expedicionglobal.com.co\/#website","url":"https:\/\/expedicionglobal.com.co\/","name":"Expedici\u00f3n global, operadora de turismo","description":"Expedici\u00f3n Global ofrece viajes sostenibles y aut\u00e9nticos que conectan con la esencia natural, cultural y gastron\u00f3mica de Colombia y el mundo. Explora con prop\u00f3sito, preserva su esencia.","potentialAction":[{"@type":"SearchAction","target":{"@type":"EntryPoint","urlTemplate":"https:\/\/expedicionglobal.com.co\/?s={search_term_string}"},"query-input":{"@type":"PropertyValueSpecification","valueRequired":true,"valueName":"search_term_string"}}],"inLanguage":"en-US"}]}},"_links":{"self":[{"href":"https:\/\/expedicionglobal.com.co\/en\/wp-json\/wp\/v2\/product\/12748","targetHints":{"allow":["GET"]}}],"collection":[{"href":"https:\/\/expedicionglobal.com.co\/en\/wp-json\/wp\/v2\/product"}],"about":[{"href":"https:\/\/expedicionglobal.com.co\/en\/wp-json\/wp\/v2\/types\/product"}],"replies":[{"embeddable":true,"href":"https:\/\/expedicionglobal.com.co\/en\/wp-json\/wp\/v2\/comments?post=12748"}],"version-history":[{"count":5,"href":"https:\/\/expedicionglobal.com.co\/en\/wp-json\/wp\/v2\/product\/12748\/revisions"}],"predecessor-version":[{"id":13453,"href":"https:\/\/expedicionglobal.com.co\/en\/wp-json\/wp\/v2\/product\/12748\/revisions\/13453"}],"wp:featuredmedia":[{"embeddable":true,"href":"https:\/\/expedicionglobal.com.co\/en\/wp-json\/wp\/v2\/media\/12733"}],"wp:attachment":[{"href":"https:\/\/expedicionglobal.com.co\/en\/wp-json\/wp\/v2\/media?parent=12748"}],"wp:term":[{"taxonomy":"product_brand","embeddable":true,"href":"https:\/\/expedicionglobal.com.co\/en\/wp-json\/wp\/v2\/product_brand?post=12748"},{"taxonomy":"product_cat","embeddable":true,"href":"https:\/\/expedicionglobal.com.co\/en\/wp-json\/wp\/v2\/product_cat?post=12748"},{"taxonomy":"product_tag","embeddable":true,"href":"https:\/\/expedicionglobal.com.co\/en\/wp-json\/wp\/v2\/product_tag?post=12748"}],"curies":[{"name":"wp","href":"https:\/\/api.w.org\/{rel}","templated":true}]}}