{"id":12583,"date":"2025-06-21T23:30:10","date_gmt":"2025-06-21T23:30:10","guid":{"rendered":"https:\/\/expedicionglobal.com.co\/?post_type=product&#038;p=12583"},"modified":"2025-06-26T14:10:28","modified_gmt":"2025-06-26T19:10:28","slug":"reserva-entre-aguas","status":"publish","type":"product","link":"https:\/\/expedicionglobal.com.co\/en\/product\/reserva-entre-aguas\/","title":{"rendered":"Entre Aguas Reserve"},"content":{"rendered":"<p class=\"translation-block\">Immerse yourself in a unique mountain experience with waterfalls, trails, birdwatching, and extreme adventure. Enjoy interactive eco\u2011workshops, rafting, canyoning, and guided tours through spectacular landscapes. Connect with nature through music, agroecology, and relaxation in unforgettable settings.<\/p>","protected":false},"excerpt":{"rendered":"<p class=\"translation-block\">Immerse yourself in a unique mountain experience with waterfalls, trails, birdwatching, and extreme adventure. Enjoy interactive eco\u2011workshops, rafting, canyoning, and guided tours through spectacular landscapes. Connect with nature through music, agroecology, and relaxation in unforgettable settings.<\/p>","protected":false},"featured_media":12587,"comment_status":"open","ping_status":"closed","template":"","meta":{"_acf_changed":false,"_monsterinsights_skip_tracking":false,"_monsterinsights_sitenote_active":false,"_monsterinsights_sitenote_note":"","_monsterinsights_sitenote_category":0,"_joinchat":[]},"product_brand":[],"product_cat":[64,61,73],"product_tag":[],"class_list":{"0":"post-12583","1":"product","2":"type-product","3":"status-publish","4":"has-post-thumbnail","6":"product_cat-expediciones-por-colombia","7":"product_cat-exploracion-aventura","8":"product_cat-todos","10":"first","11":"instock","12":"shipping-taxable","13":"purchasable","14":"product-type-ovabrw_car_rental"},"acf":[],"aioseo_notices":[],"yoast_head":"<!-- This site is optimized with the Yoast SEO plugin v25.3.1 - https:\/\/yoast.com\/wordpress\/plugins\/seo\/ -->\n<title>Reserva Entre Aguas. - Expedici\u00f3n global, operadora de turismo<\/title>\n<meta name=\"robots\" content=\"index, follow, max-snippet:-1, max-image-preview:large, max-video-preview:-1\" \/>\n<link rel=\"canonical\" href=\"https:\/\/expedicionglobal.com.co\/en\/planes\/\" \/>\n<meta property=\"og:locale\" content=\"en_US\" \/>\n<meta property=\"og:type\" content=\"article\" \/>\n<meta property=\"og:title\" content=\"Reserva Entre Aguas. - Expedici\u00f3n global, operadora de turismo\" \/>\n<meta property=\"og:description\" content=\"Sum\u00e9rgete en una experiencia \u00fanica en la monta\u00f1a con cascadas, senderos, avistamiento de aves y aventura extrema. Disfruta de ecotalleres interactivos, rafting, canyoning y recorridos guiados por paisajes espectaculares. Con\u00e9ctate con la naturaleza a trav\u00e9s de la m\u00fasica, la agroecolog\u00eda y la relajaci\u00f3n en escenarios inolvidables.\" \/>\n<meta property=\"og:url\" content=\"https:\/\/expedicionglobal.com.co\/en\/planes\/\" \/>\n<meta property=\"og:site_name\" content=\"Expedici\u00f3n global, operadora de turismo\" \/>\n<meta property=\"article:modified_time\" content=\"2025-06-26T19:10:28+00:00\" \/>\n<meta property=\"og:image\" content=\"https:\/\/expedicionglobal.com.co\/wp-content\/uploads\/2025\/06\/entreaguas3-1024x576.png\" \/>\n\t<meta property=\"og:image:width\" content=\"1024\" \/>\n\t<meta property=\"og:image:height\" content=\"576\" \/>\n\t<meta property=\"og:image:type\" content=\"image\/png\" \/>\n<meta name=\"twitter:card\" content=\"summary_large_image\" \/>\n<meta name=\"twitter:label1\" content=\"Est. reading time\" \/>\n\t<meta name=\"twitter:data1\" content=\"1 minute\" \/>\n<script type=\"application\/ld+json\" class=\"yoast-schema-graph\">{\"@context\":\"https:\/\/schema.org\",\"@graph\":[{\"@type\":\"WebPage\",\"@id\":\"https:\/\/expedicionglobal.com.co\/producto\/reserva-entre-aguas\/\",\"url\":\"https:\/\/expedicionglobal.com.co\/planes\/\",\"name\":\"Reserva Entre Aguas. - Expedici\u00f3n global, operadora de turismo\",\"isPartOf\":{\"@id\":\"https:\/\/expedicionglobal.com.co\/#website\"},\"primaryImageOfPage\":{\"@id\":\"https:\/\/expedicionglobal.com.co\/planes\/#primaryimage\"},\"image\":{\"@id\":\"https:\/\/expedicionglobal.com.co\/planes\/#primaryimage\"},\"thumbnailUrl\":\"https:\/\/expedicionglobal.com.co\/wp-content\/uploads\/2025\/06\/entreaguas3.png\",\"datePublished\":\"2025-06-21T23:30:10+00:00\",\"dateModified\":\"2025-06-26T19:10:28+00:00\",\"breadcrumb\":{\"@id\":\"https:\/\/expedicionglobal.com.co\/planes\/#breadcrumb\"},\"inLanguage\":\"en-US\",\"potentialAction\":[{\"@type\":\"ReadAction\",\"target\":[\"https:\/\/expedicionglobal.com.co\/planes\/\"]}]},{\"@type\":\"ImageObject\",\"inLanguage\":\"en-US\",\"@id\":\"https:\/\/expedicionglobal.com.co\/planes\/#primaryimage\",\"url\":\"https:\/\/expedicionglobal.com.co\/wp-content\/uploads\/2025\/06\/entreaguas3.png\",\"contentUrl\":\"https:\/\/expedicionglobal.com.co\/wp-content\/uploads\/2025\/06\/entreaguas3.png\",\"width\":1920,\"height\":1080},{\"@type\":\"BreadcrumbList\",\"@id\":\"https:\/\/expedicionglobal.com.co\/planes\/#breadcrumb\",\"itemListElement\":[{\"@type\":\"ListItem\",\"position\":1,\"name\":\"Inicio\",\"item\":\"https:\/\/expedicionglobal.com.co\/\"},{\"@type\":\"ListItem\",\"position\":2,\"name\":\"Products\",\"item\":\"https:\/\/expedicionglobal.com.co\/en\/shop__trashed\/\"},{\"@type\":\"ListItem\",\"position\":3,\"name\":\"Reserva Entre Aguas.\"}]},{\"@type\":\"WebSite\",\"@id\":\"https:\/\/expedicionglobal.com.co\/#website\",\"url\":\"https:\/\/expedicionglobal.com.co\/\",\"name\":\"Expedici\u00f3n global, operadora de turismo\",\"description\":\"Expedici\u00f3n Global ofrece viajes sostenibles y aut\u00e9nticos que conectan con la esencia natural, cultural y gastron\u00f3mica de Colombia y el mundo. Explora con prop\u00f3sito, preserva su esencia.\",\"potentialAction\":[{\"@type\":\"SearchAction\",\"target\":{\"@type\":\"EntryPoint\",\"urlTemplate\":\"https:\/\/expedicionglobal.com.co\/?s={search_term_string}\"},\"query-input\":{\"@type\":\"PropertyValueSpecification\",\"valueRequired\":true,\"valueName\":\"search_term_string\"}}],\"inLanguage\":\"en-US\"}]}<\/script>\n<!-- \/ Yoast SEO plugin. -->","yoast_head_json":{"title":"Reserva Entre Aguas. - Expedici\u00f3n global, operadora de turismo","robots":{"index":"index","follow":"follow","max-snippet":"max-snippet:-1","max-image-preview":"max-image-preview:large","max-video-preview":"max-video-preview:-1"},"canonical":"https:\/\/expedicionglobal.com.co\/en\/planes\/","og_locale":"en_US","og_type":"article","og_title":"Reserva Entre Aguas. - Expedici\u00f3n global, operadora de turismo","og_description":"Sum\u00e9rgete en una experiencia \u00fanica en la monta\u00f1a con cascadas, senderos, avistamiento de aves y aventura extrema. Disfruta de ecotalleres interactivos, rafting, canyoning y recorridos guiados por paisajes espectaculares. Con\u00e9ctate con la naturaleza a trav\u00e9s de la m\u00fasica, la agroecolog\u00eda y la relajaci\u00f3n en escenarios inolvidables.","og_url":"https:\/\/expedicionglobal.com.co\/en\/planes\/","og_site_name":"Expedici\u00f3n global, operadora de turismo","article_modified_time":"2025-06-26T19:10:28+00:00","og_image":[{"width":1024,"height":576,"url":"https:\/\/expedicionglobal.com.co\/wp-content\/uploads\/2025\/06\/entreaguas3-1024x576.png","type":"image\/png"}],"twitter_card":"summary_large_image","twitter_misc":{"Est. reading time":"1 minute"},"schema":{"@context":"https:\/\/schema.org","@graph":[{"@type":"WebPage","@id":"https:\/\/expedicionglobal.com.co\/producto\/reserva-entre-aguas\/","url":"https:\/\/expedicionglobal.com.co\/planes\/","name":"Reserva Entre Aguas. - Expedici\u00f3n global, operadora de turismo","isPartOf":{"@id":"https:\/\/expedicionglobal.com.co\/#website"},"primaryImageOfPage":{"@id":"https:\/\/expedicionglobal.com.co\/planes\/#primaryimage"},"image":{"@id":"https:\/\/expedicionglobal.com.co\/planes\/#primaryimage"},"thumbnailUrl":"https:\/\/expedicionglobal.com.co\/wp-content\/uploads\/2025\/06\/entreaguas3.png","datePublished":"2025-06-21T23:30:10+00:00","dateModified":"2025-06-26T19:10:28+00:00","breadcrumb":{"@id":"https:\/\/expedicionglobal.com.co\/planes\/#breadcrumb"},"inLanguage":"en-US","potentialAction":[{"@type":"ReadAction","target":["https:\/\/expedicionglobal.com.co\/planes\/"]}]},{"@type":"ImageObject","inLanguage":"en-US","@id":"https:\/\/expedicionglobal.com.co\/planes\/#primaryimage","url":"https:\/\/expedicionglobal.com.co\/wp-content\/uploads\/2025\/06\/entreaguas3.png","contentUrl":"https:\/\/expedicionglobal.com.co\/wp-content\/uploads\/2025\/06\/entreaguas3.png","width":1920,"height":1080},{"@type":"BreadcrumbList","@id":"https:\/\/expedicionglobal.com.co\/planes\/#breadcrumb","itemListElement":[{"@type":"ListItem","position":1,"name":"Inicio","item":"https:\/\/expedicionglobal.com.co\/"},{"@type":"ListItem","position":2,"name":"Products","item":"https:\/\/expedicionglobal.com.co\/en\/shop__trashed\/"},{"@type":"ListItem","position":3,"name":"Reserva Entre Aguas."}]},{"@type":"WebSite","@id":"https:\/\/expedicionglobal.com.co\/#website","url":"https:\/\/expedicionglobal.com.co\/","name":"Expedici\u00f3n global, operadora de turismo","description":"Expedici\u00f3n Global ofrece viajes sostenibles y aut\u00e9nticos que conectan con la esencia natural, cultural y gastron\u00f3mica de Colombia y el mundo. Explora con prop\u00f3sito, preserva su esencia.","potentialAction":[{"@type":"SearchAction","target":{"@type":"EntryPoint","urlTemplate":"https:\/\/expedicionglobal.com.co\/?s={search_term_string}"},"query-input":{"@type":"PropertyValueSpecification","valueRequired":true,"valueName":"search_term_string"}}],"inLanguage":"en-US"}]}},"_links":{"self":[{"href":"https:\/\/expedicionglobal.com.co\/en\/wp-json\/wp\/v2\/product\/12583","targetHints":{"allow":["GET"]}}],"collection":[{"href":"https:\/\/expedicionglobal.com.co\/en\/wp-json\/wp\/v2\/product"}],"about":[{"href":"https:\/\/expedicionglobal.com.co\/en\/wp-json\/wp\/v2\/types\/product"}],"replies":[{"embeddable":true,"href":"https:\/\/expedicionglobal.com.co\/en\/wp-json\/wp\/v2\/comments?post=12583"}],"version-history":[{"count":2,"href":"https:\/\/expedicionglobal.com.co\/en\/wp-json\/wp\/v2\/product\/12583\/revisions"}],"predecessor-version":[{"id":13219,"href":"https:\/\/expedicionglobal.com.co\/en\/wp-json\/wp\/v2\/product\/12583\/revisions\/13219"}],"wp:featuredmedia":[{"embeddable":true,"href":"https:\/\/expedicionglobal.com.co\/en\/wp-json\/wp\/v2\/media\/12587"}],"wp:attachment":[{"href":"https:\/\/expedicionglobal.com.co\/en\/wp-json\/wp\/v2\/media?parent=12583"}],"wp:term":[{"taxonomy":"product_brand","embeddable":true,"href":"https:\/\/expedicionglobal.com.co\/en\/wp-json\/wp\/v2\/product_brand?post=12583"},{"taxonomy":"product_cat","embeddable":true,"href":"https:\/\/expedicionglobal.com.co\/en\/wp-json\/wp\/v2\/product_cat?post=12583"},{"taxonomy":"product_tag","embeddable":true,"href":"https:\/\/expedicionglobal.com.co\/en\/wp-json\/wp\/v2\/product_tag?post=12583"}],"curies":[{"name":"wp","href":"https:\/\/api.w.org\/{rel}","templated":true}]}}