{"id":8204,"date":"2023-07-21T07:25:36","date_gmt":"2023-07-21T07:25:36","guid":{"rendered":"https:\/\/demo.ovatheme.com\/tripgo\/?page_id=8204"},"modified":"2025-07-11T12:16:51","modified_gmt":"2025-07-11T17:16:51","slug":"exploraventuraexpedicion","status":"publish","type":"page","link":"https:\/\/expedicionglobal.com.co\/en\/exploraventuraexpedicion\/","title":{"rendered":"Exploration and Adventure"},"content":{"rendered":"<div data-elementor-type=\"wp-page\" data-elementor-id=\"8204\" class=\"elementor elementor-8204\" data-elementor-post-type=\"page\">\n\t\t\t\t\t\t<section class=\"elementor-section elementor-top-section elementor-element elementor-element-9f64ee2 elementor-section-height-min-height elementor-section-boxed elementor-section-height-default elementor-section-items-middle\" data-id=\"9f64ee2\" data-element_type=\"section\" data-settings=\"{&quot;background_background&quot;:&quot;slideshow&quot;,&quot;background_slideshow_gallery&quot;:[{&quot;id&quot;:12676,&quot;url&quot;:&quot;https:\\\/\\\/expedicionglobal.com.co\\\/wp-content\\\/uploads\\\/2025\\\/06\\\/Col8.png&quot;},{&quot;id&quot;:12667,&quot;url&quot;:&quot;https:\\\/\\\/expedicionglobal.com.co\\\/wp-content\\\/uploads\\\/2025\\\/06\\\/Col2.png&quot;},{&quot;id&quot;:12649,&quot;url&quot;:&quot;https:\\\/\\\/expedicionglobal.com.co\\\/wp-content\\\/uploads\\\/2025\\\/06\\\/Lajuliacaj-5.png&quot;},{&quot;id&quot;:12661,&quot;url&quot;:&quot;https:\\\/\\\/expedicionglobal.com.co\\\/wp-content\\\/uploads\\\/2025\\\/06\\\/Prado-Tol4.png&quot;},{&quot;id&quot;:12613,&quot;url&quot;:&quot;https:\\\/\\\/expedicionglobal.com.co\\\/wp-content\\\/uploads\\\/2025\\\/06\\\/meraki9.png&quot;},{&quot;id&quot;:12641,&quot;url&quot;:&quot;https:\\\/\\\/expedicionglobal.com.co\\\/wp-content\\\/uploads\\\/2025\\\/06\\\/Pacifico.png&quot;}],&quot;background_slideshow_slide_duration&quot;:5500,&quot;background_slideshow_lazyload&quot;:&quot;yes&quot;,&quot;background_slideshow_ken_burns&quot;:&quot;yes&quot;,&quot;shape_divider_top&quot;:&quot;curve&quot;,&quot;background_slideshow_loop&quot;:&quot;yes&quot;,&quot;background_slideshow_slide_transition&quot;:&quot;fade&quot;,&quot;background_slideshow_transition_duration&quot;:500,&quot;background_slideshow_ken_burns_zoom_direction&quot;:&quot;in&quot;}\">\n\t\t\t\t\t\t\t<div class=\"elementor-background-overlay\"><\/div>\n\t\t\t\t\t\t<div class=\"elementor-shape elementor-shape-top\" aria-hidden=\"true\" data-negative=\"false\">\n\t\t\t<svg xmlns=\"http:\/\/www.w3.org\/2000\/svg\" viewbox=\"0 0 1000 100\" preserveaspectratio=\"none\">\n    <path class=\"elementor-shape-fill\" d=\"M1000,4.3V0H0v4.3C0.9,23.1,126.7,99.2,500,100S1000,22.7,1000,4.3z\"\/>\n<\/svg>\t\t<\/div>\n\t\t\t\t\t<div class=\"elementor-container elementor-column-gap-default\">\n\t\t\t\t\t<div class=\"elementor-column elementor-col-100 elementor-top-column elementor-element elementor-element-9367bc3\" data-id=\"9367bc3\" data-element_type=\"column\">\n\t\t\t<div class=\"elementor-widget-wrap elementor-element-populated\">\n\t\t\t\t\t\t<div class=\"elementor-element elementor-element-7a1b6ce elementor-invisible elementor-widget elementor-widget-tripgo_elementor_heading\" data-id=\"7a1b6ce\" data-element_type=\"widget\" data-settings=\"{&quot;_animation&quot;:&quot;ova-move-up&quot;,&quot;_animation_tablet&quot;:&quot;none&quot;,&quot;_animation_delay&quot;:100}\" data-widget_type=\"tripgo_elementor_heading.default\">\n\t\t\t\t<div class=\"elementor-widget-container\">\n\t\t\t\t\t\t\t<div class=\"ova-title\">\n\n\t\t\t\n\t\t\t\t\t\t\t\n\t\t\t\t\t<h2 class=\"title\">Exploracion y aventura<\/h2>\n\t\t\t\t\t\t\t\n\t\t\t\t\t\t\t<p class=\"description\"> Sustainable Tourism, Unforgettable Adventures. <\/p>\n\t\t\t\n\t\t<\/div> \n\t\t \t\n\t\t\t\t\t\t<\/div>\n\t\t\t\t<\/div>\n\t\t\t\t\t<\/div>\n\t\t<\/div>\n\t\t\t\t\t<\/div>\n\t\t<\/section>\n\t\t<div class=\"elementor-element elementor-element-eedb40c e-flex e-con-boxed e-con e-parent\" data-id=\"eedb40c\" data-element_type=\"container\">\n\t\t\t\t\t<div class=\"e-con-inner\">\n\t\t\t\t<div class=\"elementor-element elementor-element-0ccc62c elementor-align-center elementor-widget elementor-widget-button\" data-id=\"0ccc62c\" data-element_type=\"widget\" data-widget_type=\"button.default\">\n\t\t\t\t<div class=\"elementor-widget-container\">\n\t\t\t\t\t\t\t\t\t<div class=\"elementor-button-wrapper\">\n\t\t\t\t\t<a class=\"elementor-button elementor-button-link elementor-size-sm\" href=\"http:\/\/s\">\n\t\t\t\t\t\t<span class=\"elementor-button-content-wrapper\">\n\t\t\t\t\t\t\t\t\t<span class=\"elementor-button-text\">Live Experiences That Transform.<\/span>\n\t\t\t\t\t<\/span>\n\t\t\t\t\t<\/a>\n\t\t\t\t<\/div>\n\t\t\t\t\t\t\t\t<\/div>\n\t\t\t\t<\/div>\n\t\t\t\t\t<\/div>\n\t\t\t\t<\/div>\n\t\t<div class=\"elementor-element elementor-element-030ee97 e-flex e-con-boxed e-con e-parent\" data-id=\"030ee97\" data-element_type=\"container\">\n\t\t\t\t\t<div class=\"e-con-inner\">\n\t\t<div class=\"elementor-element elementor-element-740260e e-flex e-con-boxed e-con e-child\" data-id=\"740260e\" data-element_type=\"container\">\n\t\t\t\t\t<div class=\"e-con-inner\">\n\t\t<div class=\"elementor-element elementor-element-93d10fc e-flex e-con-boxed e-con e-child\" data-id=\"93d10fc\" data-element_type=\"container\">\n\t\t\t\t\t<div class=\"e-con-inner\">\n\t\t\t\t<div class=\"elementor-element elementor-element-61d3db0 elementor-widget__width-initial elementor-widget elementor-widget-ovabrw_product_category_ajax\" data-id=\"61d3db0\" data-element_type=\"widget\" data-widget_type=\"ovabrw_product_category_ajax.default\">\n\t\t\t\t<div class=\"elementor-widget-container\">\n\t\t\t\t\t\n<div class=\"ovabrw-category-ajax\">\n\t<ul class=\"ovabrw-category-list\">\n\t\t\t\t\t\t\t\t\t<li class=\"category-item active\" data-term-id=\"61\">\n\t\t\t\t\tExploration and Adventure\t\t\t\t<\/li>\n\t\t\t\t\t\t<\/ul>\n\t<div class=\"ovabrw-category-products\"><\/div>\n\t<!-- Load more -->\n\t<div class=\"wrap-load-more\">\n\t\t<svg class=\"loader\" width=\"50\" height=\"50\">\n\t\t\t<circle cx=\"25\" cy=\"25\" r=\"10\" \/>\n\t\t\t<circle cx=\"25\" cy=\"25\" r=\"20\" \/>\n\t\t<\/svg>\n\t<\/div>\n\t<input\n\t\ttype=\"hidden\"\n\t\tname=\"category-ajax-input\"\n\t\tdata-posts-per-page=\"6\"\n\t\tdata-paged=\"1\"\n\t\tdata-order=\"ASC\"\n\t\tdata-orderby=\"date\"\n\t\tdata-layout=\"grid\"\n\t\tdata-column=\"column3\"\n\t\tdata-thumbnail-type=\"image\"\n\t\tdata-pagination=\"yes\"\n\t\/>\n<\/div>\t\t\t\t<\/div>\n\t\t\t\t<\/div>\n\t\t\t\t<div class=\"elementor-element elementor-element-a71b70a elementor-widget-divider--view-line elementor-widget elementor-widget-divider\" data-id=\"a71b70a\" data-element_type=\"widget\" data-widget_type=\"divider.default\">\n\t\t\t\t<div class=\"elementor-widget-container\">\n\t\t\t\t\t\t\t<div class=\"elementor-divider\">\n\t\t\t<span class=\"elementor-divider-separator\">\n\t\t\t\t\t\t<\/span>\n\t\t<\/div>\n\t\t\t\t\t\t<\/div>\n\t\t\t\t<\/div>\n\t\t\t\t\t<\/div>\n\t\t\t\t<\/div>\n\t\t\t\t\t<\/div>\n\t\t\t\t<\/div>\n\t\t\t\t\t<\/div>\n\t\t\t\t<\/div>\n\t\t<div class=\"elementor-element elementor-element-cda5665 e-flex e-con-boxed e-con e-parent\" data-id=\"cda5665\" data-element_type=\"container\">\n\t\t\t\t\t<div class=\"e-con-inner\">\n\t\t<div class=\"elementor-element elementor-element-861df0c e-flex e-con-boxed e-con e-child\" data-id=\"861df0c\" data-element_type=\"container\">\n\t\t\t\t\t<div class=\"e-con-inner\">\n\t\t\t\t<div class=\"elementor-element elementor-element-ab20ebf elementor-align-center elementor-widget elementor-widget-button\" data-id=\"ab20ebf\" data-element_type=\"widget\" data-widget_type=\"button.default\">\n\t\t\t\t<div class=\"elementor-widget-container\">\n\t\t\t\t\t\t\t\t\t<div class=\"elementor-button-wrapper\">\n\t\t\t\t\t<a class=\"elementor-button elementor-button-link elementor-size-sm\" href=\"#\">\n\t\t\t\t\t\t<span class=\"elementor-button-content-wrapper\">\n\t\t\t\t\t\t\t\t\t<span class=\"elementor-button-text\">Nature, Culture, and Flavor \u2014 All in One Trip.<\/span>\n\t\t\t\t\t<\/span>\n\t\t\t\t\t<\/a>\n\t\t\t\t<\/div>\n\t\t\t\t\t\t\t\t<\/div>\n\t\t\t\t<\/div>\n\t\t\t\t\t<\/div>\n\t\t\t\t<\/div>\n\t\t\t\t\t<\/div>\n\t\t\t\t<\/div>\n\t\t\t\t<\/div>","protected":false},"excerpt":{"rendered":"<p>Exploracion y aventura Turismo sostenible, aventuras inolvidables. Vive experiencias que transforman. Exploraci\u00f3n y aventura Naturaleza, cultura y sabor en un solo viaje.<\/p>","protected":false},"author":4,"featured_media":0,"parent":0,"menu_order":0,"comment_status":"closed","ping_status":"closed","template":"elementor_header_footer","meta":{"_acf_changed":false,"_monsterinsights_skip_tracking":false,"_monsterinsights_sitenote_active":false,"_monsterinsights_sitenote_note":"","_monsterinsights_sitenote_category":0,"_joinchat":[],"footnotes":""},"class_list":["post-8204","page","type-page","status-publish","hentry"],"acf":[],"aioseo_notices":[],"yoast_head":"<!-- This site is optimized with the Yoast SEO plugin v25.3.1 - https:\/\/yoast.com\/wordpress\/plugins\/seo\/ -->\n<title>Exploraci\u00f3n y aventura - Expedici\u00f3n global, operadora de turismo<\/title>\n<meta name=\"robots\" content=\"index, follow, max-snippet:-1, max-image-preview:large, max-video-preview:-1\" \/>\n<link rel=\"canonical\" href=\"https:\/\/expedicionglobal.com.co\/en\/planes\/\" \/>\n<meta property=\"og:locale\" content=\"en_US\" \/>\n<meta property=\"og:type\" content=\"article\" \/>\n<meta property=\"og:title\" content=\"Exploraci\u00f3n y aventura - Expedici\u00f3n global, operadora de turismo\" \/>\n<meta property=\"og:description\" content=\"Exploracion y aventura Turismo sostenible, aventuras inolvidables. Vive experiencias que transforman. Exploraci\u00f3n y aventura Naturaleza, cultura y sabor en un solo viaje.\" \/>\n<meta property=\"og:url\" content=\"https:\/\/expedicionglobal.com.co\/en\/planes\/\" \/>\n<meta property=\"og:site_name\" content=\"Expedici\u00f3n global, operadora de turismo\" \/>\n<meta property=\"article:modified_time\" content=\"2025-07-11T17:16:51+00:00\" \/>\n<meta name=\"twitter:card\" content=\"summary_large_image\" \/>\n<meta name=\"twitter:label1\" content=\"Est. reading time\" \/>\n\t<meta name=\"twitter:data1\" content=\"1 minute\" \/>\n<script type=\"application\/ld+json\" class=\"yoast-schema-graph\">{\"@context\":\"https:\/\/schema.org\",\"@graph\":[{\"@type\":\"WebPage\",\"@id\":\"https:\/\/expedicionglobal.com.co\/exploraventuraexpedicion\/\",\"url\":\"https:\/\/expedicionglobal.com.co\/planes\/\",\"name\":\"Exploraci\u00f3n y aventura - Expedici\u00f3n global, operadora de turismo\",\"isPartOf\":{\"@id\":\"https:\/\/expedicionglobal.com.co\/#website\"},\"datePublished\":\"2023-07-21T07:25:36+00:00\",\"dateModified\":\"2025-07-11T17:16:51+00:00\",\"breadcrumb\":{\"@id\":\"https:\/\/expedicionglobal.com.co\/planes\/#breadcrumb\"},\"inLanguage\":\"en-US\",\"potentialAction\":[{\"@type\":\"ReadAction\",\"target\":[\"https:\/\/expedicionglobal.com.co\/planes\/\"]}]},{\"@type\":\"BreadcrumbList\",\"@id\":\"https:\/\/expedicionglobal.com.co\/planes\/#breadcrumb\",\"itemListElement\":[{\"@type\":\"ListItem\",\"position\":1,\"name\":\"Inicio\",\"item\":\"https:\/\/expedicionglobal.com.co\/\"},{\"@type\":\"ListItem\",\"position\":2,\"name\":\"Exploraci\u00f3n y aventura\"}]},{\"@type\":\"WebSite\",\"@id\":\"https:\/\/expedicionglobal.com.co\/#website\",\"url\":\"https:\/\/expedicionglobal.com.co\/\",\"name\":\"Expedici\u00f3n global, operadora de turismo\",\"description\":\"Expedici\u00f3n Global ofrece viajes sostenibles y aut\u00e9nticos que conectan con la esencia natural, cultural y gastron\u00f3mica de Colombia y el mundo. Explora con prop\u00f3sito, preserva su esencia.\",\"potentialAction\":[{\"@type\":\"SearchAction\",\"target\":{\"@type\":\"EntryPoint\",\"urlTemplate\":\"https:\/\/expedicionglobal.com.co\/?s={search_term_string}\"},\"query-input\":{\"@type\":\"PropertyValueSpecification\",\"valueRequired\":true,\"valueName\":\"search_term_string\"}}],\"inLanguage\":\"en-US\"}]}<\/script>\n<!-- \/ Yoast SEO plugin. -->","yoast_head_json":{"title":"Exploraci\u00f3n y aventura - Expedici\u00f3n global, operadora de turismo","robots":{"index":"index","follow":"follow","max-snippet":"max-snippet:-1","max-image-preview":"max-image-preview:large","max-video-preview":"max-video-preview:-1"},"canonical":"https:\/\/expedicionglobal.com.co\/en\/planes\/","og_locale":"en_US","og_type":"article","og_title":"Exploraci\u00f3n y aventura - Expedici\u00f3n global, operadora de turismo","og_description":"Exploracion y aventura Turismo sostenible, aventuras inolvidables. Vive experiencias que transforman. Exploraci\u00f3n y aventura Naturaleza, cultura y sabor en un solo viaje.","og_url":"https:\/\/expedicionglobal.com.co\/en\/planes\/","og_site_name":"Expedici\u00f3n global, operadora de turismo","article_modified_time":"2025-07-11T17:16:51+00:00","twitter_card":"summary_large_image","twitter_misc":{"Est. reading time":"1 minute"},"schema":{"@context":"https:\/\/schema.org","@graph":[{"@type":"WebPage","@id":"https:\/\/expedicionglobal.com.co\/exploraventuraexpedicion\/","url":"https:\/\/expedicionglobal.com.co\/planes\/","name":"Exploraci\u00f3n y aventura - Expedici\u00f3n global, operadora de turismo","isPartOf":{"@id":"https:\/\/expedicionglobal.com.co\/#website"},"datePublished":"2023-07-21T07:25:36+00:00","dateModified":"2025-07-11T17:16:51+00:00","breadcrumb":{"@id":"https:\/\/expedicionglobal.com.co\/planes\/#breadcrumb"},"inLanguage":"en-US","potentialAction":[{"@type":"ReadAction","target":["https:\/\/expedicionglobal.com.co\/planes\/"]}]},{"@type":"BreadcrumbList","@id":"https:\/\/expedicionglobal.com.co\/planes\/#breadcrumb","itemListElement":[{"@type":"ListItem","position":1,"name":"Inicio","item":"https:\/\/expedicionglobal.com.co\/"},{"@type":"ListItem","position":2,"name":"Exploraci\u00f3n y aventura"}]},{"@type":"WebSite","@id":"https:\/\/expedicionglobal.com.co\/#website","url":"https:\/\/expedicionglobal.com.co\/","name":"Expedici\u00f3n global, operadora de turismo","description":"Expedici\u00f3n Global ofrece viajes sostenibles y aut\u00e9nticos que conectan con la esencia natural, cultural y gastron\u00f3mica de Colombia y el mundo. Explora con prop\u00f3sito, preserva su esencia.","potentialAction":[{"@type":"SearchAction","target":{"@type":"EntryPoint","urlTemplate":"https:\/\/expedicionglobal.com.co\/?s={search_term_string}"},"query-input":{"@type":"PropertyValueSpecification","valueRequired":true,"valueName":"search_term_string"}}],"inLanguage":"en-US"}]}},"_links":{"self":[{"href":"https:\/\/expedicionglobal.com.co\/en\/wp-json\/wp\/v2\/pages\/8204","targetHints":{"allow":["GET"]}}],"collection":[{"href":"https:\/\/expedicionglobal.com.co\/en\/wp-json\/wp\/v2\/pages"}],"about":[{"href":"https:\/\/expedicionglobal.com.co\/en\/wp-json\/wp\/v2\/types\/page"}],"author":[{"embeddable":true,"href":"https:\/\/expedicionglobal.com.co\/en\/wp-json\/wp\/v2\/users\/4"}],"replies":[{"embeddable":true,"href":"https:\/\/expedicionglobal.com.co\/en\/wp-json\/wp\/v2\/comments?post=8204"}],"version-history":[{"count":50,"href":"https:\/\/expedicionglobal.com.co\/en\/wp-json\/wp\/v2\/pages\/8204\/revisions"}],"predecessor-version":[{"id":12836,"href":"https:\/\/expedicionglobal.com.co\/en\/wp-json\/wp\/v2\/pages\/8204\/revisions\/12836"}],"wp:attachment":[{"href":"https:\/\/expedicionglobal.com.co\/en\/wp-json\/wp\/v2\/media?parent=8204"}],"curies":[{"name":"wp","href":"https:\/\/api.w.org\/{rel}","templated":true}]}}