{"id":3886,"date":"2022-07-27T04:08:28","date_gmt":"2022-07-27T04:08:28","guid":{"rendered":"https:\/\/demo.ovatheme.com\/tripgo\/?page_id=3886"},"modified":"2025-12-19T16:23:54","modified_gmt":"2025-12-19T21:23:54","slug":"planes","status":"publish","type":"page","link":"https:\/\/expedicionglobal.com.co\/en\/planes\/","title":{"rendered":"Expedition Plans"},"content":{"rendered":"<div data-elementor-type=\"wp-page\" data-elementor-id=\"3886\" class=\"elementor elementor-3886\" data-elementor-post-type=\"page\">\n\t\t\t\t\t\t<section class=\"elementor-section elementor-top-section elementor-element elementor-element-f47776d elementor-section-height-min-height elementor-section-boxed elementor-section-height-default elementor-section-items-middle\" data-id=\"f47776d\" data-element_type=\"section\" data-settings=\"{&quot;background_background&quot;:&quot;video&quot;}\">\n\t\t\t\t\t\t\t<div class=\"elementor-background-overlay\"><\/div>\n\t\t\t\t\t\t\t<div class=\"elementor-container elementor-column-gap-narrow\">\n\t\t\t\t\t<div class=\"elementor-column elementor-col-50 elementor-top-column elementor-element elementor-element-110c2b5\" data-id=\"110c2b5\" data-element_type=\"column\">\n\t\t\t<div class=\"elementor-widget-wrap elementor-element-populated\">\n\t\t\t\t\t\t<div class=\"elementor-element elementor-element-ec014fa elementor-widget elementor-widget-tripgo_elementor_heading\" data-id=\"ec014fa\" data-element_type=\"widget\" data-widget_type=\"tripgo_elementor_heading.default\">\n\t\t\t\t<div class=\"elementor-widget-container\">\n\t\t\t\t\t\t\t<div class=\"ova-title\">\n\n\t\t\t\n\t\t\t\t\t\t\t\n\t\t\t\t\t<h2 class=\"title\">Explore the world and preserve its essence<\/h2>\n\t\t\t\t\t\t\t\n\t\t\t\n\t\t<\/div> \n\t\t \t\n\t\t\t\t\t\t<\/div>\n\t\t\t\t<\/div>\n\t\t\t\t<div class=\"elementor-element elementor-element-e002204 elementor-align-left elementor-mobile-align-center elementor-widget elementor-widget-button\" data-id=\"e002204\" data-element_type=\"widget\" data-widget_type=\"button.default\">\n\t\t\t\t<div class=\"elementor-widget-container\">\n\t\t\t\t\t\t\t\t\t<div class=\"elementor-button-wrapper\">\n\t\t\t\t\t<a class=\"elementor-button elementor-button-link elementor-size-sm\" href=\"http:\/\/-------\">\n\t\t\t\t\t\t<span class=\"elementor-button-content-wrapper\">\n\t\t\t\t\t\t\t\t\t<span class=\"elementor-button-text\">Live Experiences That Transform.<\/span>\n\t\t\t\t\t<\/span>\n\t\t\t\t\t<\/a>\n\t\t\t\t<\/div>\n\t\t\t\t\t\t\t\t<\/div>\n\t\t\t\t<\/div>\n\t\t\t\t\t<\/div>\n\t\t<\/div>\n\t\t\t\t<div class=\"elementor-column elementor-col-50 elementor-top-column elementor-element elementor-element-5e7f23d surancy_stretch_column_right elementor-hidden-tablet elementor-hidden-mobile\" data-id=\"5e7f23d\" data-element_type=\"column\">\n\t\t\t<div class=\"elementor-widget-wrap\">\n\t\t\t\t\t\t\t<\/div>\n\t\t<\/div>\n\t\t\t\t\t<\/div>\n\t\t<\/section>\n\t\t\t\t<section class=\"elementor-section elementor-top-section elementor-element elementor-element-9c7f214 elementor-section-boxed elementor-section-height-default elementor-section-height-default\" data-id=\"9c7f214\" data-element_type=\"section\">\n\t\t\t\t\t\t<div class=\"elementor-container elementor-column-gap-default\">\n\t\t\t\t\t<div class=\"elementor-column elementor-col-100 elementor-top-column elementor-element elementor-element-0c76b0d\" data-id=\"0c76b0d\" data-element_type=\"column\">\n\t\t\t<div class=\"elementor-widget-wrap elementor-element-populated\">\n\t\t\t\t\t\t<div class=\"elementor-element elementor-element-f140afa elementor-widget__width-initial elementor-widget elementor-widget-ovabrw_search_ajax_sidebar\" data-id=\"f140afa\" data-element_type=\"widget\" data-widget_type=\"ovabrw_search_ajax_sidebar.default\">\n\t\t\t\t<div class=\"elementor-widget-container\">\n\t\t\t\t\t\n<div class=\"ovabrw-search-ajax ovabrw-search-ajax-sidebar\">\n\t<div class=\"wrap-search-ajax wrap-search-ajax-sidebar left_sidebar\" \n\t    data-adults=\"2\"\n\t    data-childrens=\"0\" \n\t    data-babies=\"0\" \n\t    data-sort_by_default=\"id_desc\"\n\t    data-start-price=\"0\"\n\t    data-end-price=\"8500000\"\n\t    data-grid_column=\"column3\"\n\t    data-thumbnail-type=\"image\">\n\n\t\t<div class=\"search-main-content\">\n\t\t    <!-- Filter -->\n\t\t\t\n\t\t\t<!-- Load more -->\n\t\t\t<div class=\"wrap-load-more\" style=\"display: none;\">\n\t\t\t\t<svg class=\"loader\" width=\"50\" height=\"50\">\n\t\t\t\t\t<circle cx=\"25\" cy=\"25\" r=\"10\" \/>\n\t\t\t\t\t<circle cx=\"25\" cy=\"25\" r=\"20\" \/>\n\t\t\t\t<\/svg>\n\t\t\t<\/div>\n\t\t\t<!-- End load more -->\n\n\t\t\t<!-- Search result -->\n\t\t\t\t\t\t\t<div \n\t\t\t\t\tid=\"brw-search-ajax-result\" \n\t\t\t\t\tclass=\"brw-search-ajax-result\" \n\t\t\t\t\tdata-order=\"DESC\" \n\t\t\t\t\tdata-orderby=\"ID\" \n\t\t\t\t\tdata-defautl-category=\"[&quot;cajamarca-tolima&quot;,&quot;expediciones-por-colombia&quot;,&quot;exploracion-aventura&quot;,&quot;internacionales&quot;,&quot;playa-brisa-mar&quot;]\" \n\t\t\t\t\tdata-show-category=\"\" \n\t\t\t\t\tdata-orderby_meta_key=\"\" \n\t\t\t\t\tdata-posts-per-page=\"6\"\n\t\t\t\t>\n\t\t\t\t<\/div>\n\t\t\t\t\t<\/div>\n\n\t\t<!-- Search Sidebar -->\n\t\t<div class=\"search-ajax-sidebar\">\n            <!--Search -->\n\t\t\t<div class=\"ovabrw-search\">\n\t\t\t\t\t\t\t    \t<h4 class=\"search-title\">\n\t\t\t    \t\tSearch Tours\t\t\t    \t\t<i aria-hidden=\"true\" class=\"icomoon icomoon-chevron-up\"><\/i>\n\t\t\t    \t<\/h4>\n\t\t\t\t\t\t\t\t<form class=\"ovabrw-search-form\" method=\"POST\" autocomplete=\"off\" action=\"\">\t\n\t\t\t\t\t<div class=\"ovabrw-s-field\">\n\t\t\t\t\t\t<!-- destinations dropdown -->\n\t\t\t\t\t\t\n\t\t\t\t        \n\t\t\t\t\t\t<!-- Taxonomies -->\n\t\t\t\t\t\t\n\t\t\t            <!-- time check in -->\n\t\t\t            \n\t\t\t            <!-- guest -->\n\t\t\t            \t\t\t\t\t<\/div>\n\n\t\t\t\t\t<!-- Advanced Search -->\n\t\t\t\t\t\n\t\t\t\t    <!-- button -->\n\t\t\t\t\t<div class=\"ovabrw-search-btn\">\n\t\t\t\t\t\t<button class=\"ovabrw-btn\" type=\"submit\">\n\t\t\t\t\t\t\t<i aria-hidden=\"true\" class=\"icomoon icomoon-search\"><\/i>Search\t\t\t\t\t\t<\/button>\t\t\n\t\t\t\t\t<\/div>\n\t\t\t\t<input type=\"hidden\" name=\"trp-form-language\" value=\"en\"\/><\/form>\n\t\t\t<\/div>\n\t\t<\/div>\n\n    <\/div>\n<\/div>\t\t\t\t<\/div>\n\t\t\t\t<\/div>\n\t\t\t\t\t<\/div>\n\t\t<\/div>\n\t\t\t\t\t<\/div>\n\t\t<\/section>\n\t\t\t\t<section class=\"elementor-section elementor-top-section elementor-element elementor-element-c023f3a elementor-section-boxed elementor-section-height-default elementor-section-height-default\" data-id=\"c023f3a\" data-element_type=\"section\">\n\t\t\t\t\t\t<div class=\"elementor-container elementor-column-gap-default\">\n\t\t\t\t\t<div class=\"elementor-column elementor-col-100 elementor-top-column elementor-element elementor-element-8006d5d\" data-id=\"8006d5d\" data-element_type=\"column\">\n\t\t\t<div class=\"elementor-widget-wrap elementor-element-populated\">\n\t\t\t\t\t\t<section class=\"elementor-section elementor-inner-section elementor-element elementor-element-e729e0a elementor-section-full_width elementor-section-height-default elementor-section-height-default\" data-id=\"e729e0a\" data-element_type=\"section\">\n\t\t\t\t\t\t<div class=\"elementor-container elementor-column-gap-no\">\n\t\t\t\t\t<div class=\"elementor-column elementor-col-33 elementor-inner-column elementor-element elementor-element-af7e1ac\" data-id=\"af7e1ac\" data-element_type=\"column\" data-settings=\"{&quot;background_background&quot;:&quot;classic&quot;}\">\n\t\t\t<div class=\"elementor-widget-wrap elementor-element-populated\">\n\t\t\t\t\t\t<div class=\"elementor-element elementor-element-61b52c5 elementor-widget elementor-widget-tripgo_elementor_contact_info\" data-id=\"61b52c5\" data-element_type=\"widget\" data-widget_type=\"tripgo_elementor_contact_info.default\">\n\t\t\t\t<div class=\"elementor-widget-container\">\n\t\t\t\t\t\t\t\t<div class=\"ova-contact-info\">\n\t\t\t\t\n\t\t\t\t\t\t\t\t\t<div class=\"icon\">\n\t\t\t\t\t\t<i aria-hidden=\"true\" class=\"icomoon icomoon-location\"><\/i>\t\t\t\t\t<\/div>\t\n\t\t\t\t\t\t\t\t\n\n\t\t\t\t<div class=\"contact\">\n\t\t\t\t\t\n\t\t\t\t\t\t\t\t\t\t\t<div class=\"label\">\n\t\t\t\t\t\t\tBranch Location\t\t\t\t\t\t<\/div>\n\t\t\t\t\t\n\t\t\t\t\t<ul class=\"info\">\n\t\t\t\t\t\t\n\t\t\t\t\t\t\t\t<li class=\"item\">\n\n\t\t\t\t\t\t\t\t\tCajamarca, Tolima\t\t\t\t\t\t\t\t<\/li>\n\t\t\t\t\t\t\t\n\t\t\t\t\t\t\t\t\t\t\t<\/ul>\n\n\t\t\t\t<\/div>\n\n\t\t\t<\/div>\n\n\t\t\t\t\t\t<\/div>\n\t\t\t\t<\/div>\n\t\t\t\t<div class=\"elementor-element elementor-element-e1b2265 elementor-widget elementor-widget-tripgo_elementor_contact_info\" data-id=\"e1b2265\" data-element_type=\"widget\" data-widget_type=\"tripgo_elementor_contact_info.default\">\n\t\t\t\t<div class=\"elementor-widget-container\">\n\t\t\t\t\t\t\t\t<div class=\"ova-contact-info\">\n\t\t\t\t\n\t\t\t\t\t\t\t\t\t<div class=\"icon\">\n\t\t\t\t\t\t<i aria-hidden=\"true\" class=\"icomoon icomoon-call\"><\/i>\t\t\t\t\t<\/div>\t\n\t\t\t\t\t\t\t\t\n\n\t\t\t\t<div class=\"contact\">\n\t\t\t\t\t\n\t\t\t\t\t\t\t\t\t\t\t<div class=\"label\">\n\t\t\t\t\t\t\tPhone Number\t\t\t\t\t\t<\/div>\n\t\t\t\t\t\n\t\t\t\t\t<ul class=\"info\">\n\t\t\t\t\t\t\n\t\t\t\t\t\t\t\t<li class=\"item\">\n\n\t\t\t\t\t\t\t\t\t\t\t\t\t\t\t\t\t\t\t\t\t<a href=\"tel:3133891616\">\n\t\t\t\t\t\t\t\t\t\t\t\t\t3133891616\t\t\t\t\t\t\t\t\t\t\t\t<\/a>\n\t\t\t\t\t\t\t\t\t\t\t\t\t\t\t\t\t\t\t<\/li>\n\t\t\t\t\t\t\t\n\t\t\t\t\t\t\t\t\t\t\t<\/ul>\n\n\t\t\t\t<\/div>\n\n\t\t\t<\/div>\n\n\t\t\t\t\t\t<\/div>\n\t\t\t\t<\/div>\n\t\t\t\t<div class=\"elementor-element elementor-element-e09986c elementor-widget elementor-widget-tripgo_elementor_contact_info\" data-id=\"e09986c\" data-element_type=\"widget\" data-widget_type=\"tripgo_elementor_contact_info.default\">\n\t\t\t\t<div class=\"elementor-widget-container\">\n\t\t\t\t\t\t\t\t<div class=\"ova-contact-info\">\n\t\t\t\t\n\t\t\t\t\t\t\t\t\t<div class=\"icon\">\n\t\t\t\t\t\t<i aria-hidden=\"true\" class=\"icomoon icomoon-envelope\"><\/i>\t\t\t\t\t<\/div>\t\n\t\t\t\t\t\t\t\t\n\n\t\t\t\t<div class=\"contact\">\n\t\t\t\t\t\n\t\t\t\t\t\t\t\t\t\t\t<div class=\"label\">\n\t\t\t\t\t\t\tSend us an email\t\t\t\t\t\t<\/div>\n\t\t\t\t\t\n\t\t\t\t\t<ul class=\"info\">\n\t\t\t\t\t\t\n\t\t\t\t\t\t\t\t<li class=\"item\">\n\n\t\t\t\t\t\t\t\t\t\t\t\t\t\t\t\t\t\t\t\t\t<a href=\"mailto:expedicionglobal24@gmail.com\">\n\t\t\t\t\t\t\t\t\t\t\t\t\texpedicionglobal24@gmail.com\t\t\t\t\t\t\t\t\t\t\t\t<\/a>\n\t\t\t\t\t\t\t\t\t\t\t\t\t\t\t\t\t\t\t<\/li>\n\t\t\t\t\t\t\t\n\t\t\t\t\t\t\t\t\t\t\t<\/ul>\n\n\t\t\t\t<\/div>\n\n\t\t\t<\/div>\n\n\t\t\t\t\t\t<\/div>\n\t\t\t\t<\/div>\n\t\t\t\t\t<\/div>\n\t\t<\/div>\n\t\t\t\t<div class=\"elementor-column elementor-col-66 elementor-inner-column elementor-element elementor-element-fd960b1\" data-id=\"fd960b1\" data-element_type=\"column\">\n\t\t\t<div class=\"elementor-widget-wrap elementor-element-populated\">\n\t\t\t\t\t\t<div class=\"elementor-element elementor-element-42d43a5 elementor-widget elementor-widget-tripgo_elementor_heading\" data-id=\"42d43a5\" data-element_type=\"widget\" data-widget_type=\"tripgo_elementor_heading.default\">\n\t\t\t\t<div class=\"elementor-widget-container\">\n\t\t\t\t\t\t\t<div class=\"ova-title\">\n\n\t\t\t\n\t\t\t\t\t\t\t\n\t\t\t\t\t<h4 class=\"title\">Do you have any questions? <\/h4>\n\t\t\t\t\t\t\t\n\t\t\t\t\t\t\t<p class=\"description\"> Write to us here, or via WhatsApp, we will be attentive to everything you need. <\/p>\n\t\t\t\n\t\t<\/div> \n\t\t \t\n\t\t\t\t\t\t<\/div>\n\t\t\t\t<\/div>\n\t\t\t\t<div class=\"elementor-element elementor-element-c2b1a6f elementor-widget__width-initial elementor-widget elementor-widget-shortcode\" data-id=\"c2b1a6f\" data-element_type=\"widget\" data-widget_type=\"shortcode.default\">\n\t\t\t\t<div class=\"elementor-widget-container\">\n\t\t\t\t\t\t\t<div class=\"elementor-shortcode\">\n<div class=\"wpcf7 no-js\" id=\"wpcf7-f800-o1\" lang=\"en-US\" dir=\"ltr\" data-wpcf7-id=\"800\">\n<div class=\"screen-reader-response\"><p role=\"status\" aria-live=\"polite\" aria-atomic=\"true\"><\/p> <ul><\/ul><\/div>\n<form action=\"\/en\/wp-json\/wp\/v2\/pages\/3886#wpcf7-f800-o1\" method=\"post\" class=\"wpcf7-form init\" aria-label=\"Contact form\" novalidate=\"novalidate\" data-status=\"init\" data-trp-original-action=\"\/en\/wp-json\/wp\/v2\/pages\/3886#wpcf7-f800-o1\">\n<div style=\"display: none;\">\n<input type=\"hidden\" name=\"_wpcf7\" value=\"800\" \/>\n<input type=\"hidden\" name=\"_wpcf7_version\" value=\"6.0.6\" \/>\n<input type=\"hidden\" name=\"_wpcf7_locale\" value=\"en_US\" \/>\n<input type=\"hidden\" name=\"_wpcf7_unit_tag\" value=\"wpcf7-f800-o1\" \/>\n<input type=\"hidden\" name=\"_wpcf7_container_post\" value=\"0\" \/>\n<input type=\"hidden\" name=\"_wpcf7_posted_data_hash\" value=\"\" \/>\n<\/div>\n<div class=\"ova-wpcf7 ova-contact-page\">\n\t<div class=\"text-email\">\n\t\t<div class=\"ova-text\">\n\t\t\t<p><span class=\"wpcf7-form-control-wrap\" data-name=\"your-name\"><input size=\"40\" maxlength=\"400\" class=\"wpcf7-form-control wpcf7-text wpcf7-validates-as-required name\" aria-required=\"true\" aria-invalid=\"false\" placeholder=\"Name*\" value=\"\" type=\"text\" name=\"your-name\" \/><\/span>\n\t\t\t<\/p>\n\t\t<\/div>\n\t\t<div class=\"ova-email\">\n\t\t\t<p><span class=\"wpcf7-form-control-wrap\" data-name=\"your-email\"><input size=\"40\" maxlength=\"400\" class=\"wpcf7-form-control wpcf7-email wpcf7-validates-as-required wpcf7-text wpcf7-validates-as-email email\" aria-required=\"true\" aria-invalid=\"false\" placeholder=\"Email *\" value=\"\" type=\"email\" name=\"your-email\" \/><\/span>\n\t\t\t<\/p>\n\t\t<\/div>\n\t<\/div>\n\t<div class=\"ova-subject\">\n\t\t<p><span class=\"wpcf7-form-control-wrap\" data-name=\"your-subject\"><input size=\"40\" maxlength=\"400\" class=\"wpcf7-form-control wpcf7-text subject\" aria-invalid=\"false\" placeholder=\"Subject\" value=\"\" type=\"text\" name=\"your-subject\" \/><\/span>\n\t\t<\/p>\n\t<\/div>\n\t<div class=\"ova-textarea\">\n\t\t<p><span class=\"wpcf7-form-control-wrap\" data-name=\"your-message\"><textarea cols=\"40\" rows=\"10\" maxlength=\"2000\" class=\"wpcf7-form-control wpcf7-textarea comment\" aria-invalid=\"false\" placeholder=\"Comment\" name=\"your-message\"><\/textarea><\/span>\n\t\t<\/p>\n\t<\/div>\n\t<div class=\"ova-submit ova-contact-submit\">\n\t\t<p><button type=\"submit\" class=\"wpcf7-form-control has-spinner wpcf7-submit\"><span>Send<\/span><\/button>\n\t\t<\/p>\n\t<\/div>\n<\/div><div class=\"wpcf7-response-output\" aria-hidden=\"true\"><\/div>\n<input type=\"hidden\" name=\"trp-form-language\" value=\"en\"\/><\/form>\n<\/div>\n<\/div>\n\t\t\t\t\t\t<\/div>\n\t\t\t\t<\/div>\n\t\t\t\t\t<\/div>\n\t\t<\/div>\n\t\t\t\t\t<\/div>\n\t\t<\/section>\n\t\t\t\t\t<\/div>\n\t\t<\/div>\n\t\t\t\t\t<\/div>\n\t\t<\/section>\n\t\t\t\t<\/div>","protected":false},"excerpt":{"rendered":"<p>Explora el mundo y preserva su esencia Vive experiencias que transforman. Buscar Tours Buscar Ubicaci\u00f3n de La Sucursal Cajamarca Tolima N\u00famero de tel\u00e9fono 3133891616 Env\u00edanos un correo electr\u00f3nico expedicionglobal24@gmail.com \u00bfTe quedaste con alguna consulta? Ecr\u00edbenos en este espacio, o por Whats App, estaremos atentos a todo lo que necesites.<\/p>","protected":false},"author":4,"featured_media":0,"parent":0,"menu_order":0,"comment_status":"closed","ping_status":"closed","template":"elementor_header_footer","meta":{"_acf_changed":false,"_monsterinsights_skip_tracking":false,"_monsterinsights_sitenote_active":false,"_monsterinsights_sitenote_note":"","_monsterinsights_sitenote_category":0,"_joinchat":[],"footnotes":""},"class_list":["post-3886","page","type-page","status-publish","hentry"],"acf":[],"aioseo_notices":[],"yoast_head":"<!-- This site is optimized with the Yoast SEO plugin v25.3.1 - https:\/\/yoast.com\/wordpress\/plugins\/seo\/ -->\n<title>Planes Expedici\u00f3n - Expedici\u00f3n global, operadora de turismo<\/title>\n<meta name=\"robots\" content=\"index, follow, max-snippet:-1, max-image-preview:large, max-video-preview:-1\" \/>\n<link rel=\"canonical\" href=\"https:\/\/expedicionglobal.com.co\/en\/planes\/\" \/>\n<meta property=\"og:locale\" content=\"en_US\" \/>\n<meta property=\"og:type\" content=\"article\" \/>\n<meta property=\"og:title\" content=\"Planes Expedici\u00f3n - Expedici\u00f3n global, operadora de turismo\" \/>\n<meta property=\"og:description\" content=\"Explora el mundo y preserva su esencia Vive experiencias que transforman. Buscar Tours Buscar Ubicaci\u00f3n de La Sucursal Cajamarca Tolima N\u00famero de tel\u00e9fono 3133891616 Env\u00edanos un correo electr\u00f3nico expedicionglobal24@gmail.com \u00bfTe quedaste con alguna consulta? Ecr\u00edbenos en este espacio, o por Whats App, estaremos atentos a todo lo que necesites.\" \/>\n<meta property=\"og:url\" content=\"https:\/\/expedicionglobal.com.co\/en\/planes\/\" \/>\n<meta property=\"og:site_name\" content=\"Expedici\u00f3n global, operadora de turismo\" \/>\n<meta property=\"article:modified_time\" content=\"2025-12-19T21:23:54+00:00\" \/>\n<meta name=\"twitter:card\" content=\"summary_large_image\" \/>\n<meta name=\"twitter:label1\" content=\"Est. reading time\" \/>\n\t<meta name=\"twitter:data1\" content=\"1 minute\" \/>\n<script type=\"application\/ld+json\" class=\"yoast-schema-graph\">{\"@context\":\"https:\/\/schema.org\",\"@graph\":[{\"@type\":\"WebPage\",\"@id\":\"https:\/\/expedicionglobal.com.co\/planes\/\",\"url\":\"https:\/\/expedicionglobal.com.co\/planes\/\",\"name\":\"Planes Expedici\u00f3n - Expedici\u00f3n global, operadora de turismo\",\"isPartOf\":{\"@id\":\"https:\/\/expedicionglobal.com.co\/#website\"},\"datePublished\":\"2022-07-27T04:08:28+00:00\",\"dateModified\":\"2025-12-19T21:23:54+00:00\",\"breadcrumb\":{\"@id\":\"https:\/\/expedicionglobal.com.co\/planes\/#breadcrumb\"},\"inLanguage\":\"en-US\",\"potentialAction\":[{\"@type\":\"ReadAction\",\"target\":[\"https:\/\/expedicionglobal.com.co\/planes\/\"]}]},{\"@type\":\"BreadcrumbList\",\"@id\":\"https:\/\/expedicionglobal.com.co\/planes\/#breadcrumb\",\"itemListElement\":[{\"@type\":\"ListItem\",\"position\":1,\"name\":\"Inicio\",\"item\":\"https:\/\/expedicionglobal.com.co\/\"},{\"@type\":\"ListItem\",\"position\":2,\"name\":\"Planes Expedici\u00f3n\"}]},{\"@type\":\"WebSite\",\"@id\":\"https:\/\/expedicionglobal.com.co\/#website\",\"url\":\"https:\/\/expedicionglobal.com.co\/\",\"name\":\"Expedici\u00f3n global, operadora de turismo\",\"description\":\"Expedici\u00f3n Global ofrece viajes sostenibles y aut\u00e9nticos que conectan con la esencia natural, cultural y gastron\u00f3mica de Colombia y el mundo. Explora con prop\u00f3sito, preserva su esencia.\",\"potentialAction\":[{\"@type\":\"SearchAction\",\"target\":{\"@type\":\"EntryPoint\",\"urlTemplate\":\"https:\/\/expedicionglobal.com.co\/?s={search_term_string}\"},\"query-input\":{\"@type\":\"PropertyValueSpecification\",\"valueRequired\":true,\"valueName\":\"search_term_string\"}}],\"inLanguage\":\"en-US\"}]}<\/script>\n<!-- \/ Yoast SEO plugin. -->","yoast_head_json":{"title":"Planes Expedici\u00f3n - Expedici\u00f3n global, operadora de turismo","robots":{"index":"index","follow":"follow","max-snippet":"max-snippet:-1","max-image-preview":"max-image-preview:large","max-video-preview":"max-video-preview:-1"},"canonical":"https:\/\/expedicionglobal.com.co\/en\/planes\/","og_locale":"en_US","og_type":"article","og_title":"Planes Expedici\u00f3n - Expedici\u00f3n global, operadora de turismo","og_description":"Explora el mundo y preserva su esencia Vive experiencias que transforman. Buscar Tours Buscar Ubicaci\u00f3n de La Sucursal Cajamarca Tolima N\u00famero de tel\u00e9fono 3133891616 Env\u00edanos un correo electr\u00f3nico expedicionglobal24@gmail.com \u00bfTe quedaste con alguna consulta? Ecr\u00edbenos en este espacio, o por Whats App, estaremos atentos a todo lo que necesites.","og_url":"https:\/\/expedicionglobal.com.co\/en\/planes\/","og_site_name":"Expedici\u00f3n global, operadora de turismo","article_modified_time":"2025-12-19T21:23:54+00:00","twitter_card":"summary_large_image","twitter_misc":{"Est. reading time":"1 minute"},"schema":{"@context":"https:\/\/schema.org","@graph":[{"@type":"WebPage","@id":"https:\/\/expedicionglobal.com.co\/planes\/","url":"https:\/\/expedicionglobal.com.co\/planes\/","name":"Planes Expedici\u00f3n - Expedici\u00f3n global, operadora de turismo","isPartOf":{"@id":"https:\/\/expedicionglobal.com.co\/#website"},"datePublished":"2022-07-27T04:08:28+00:00","dateModified":"2025-12-19T21:23:54+00:00","breadcrumb":{"@id":"https:\/\/expedicionglobal.com.co\/planes\/#breadcrumb"},"inLanguage":"en-US","potentialAction":[{"@type":"ReadAction","target":["https:\/\/expedicionglobal.com.co\/planes\/"]}]},{"@type":"BreadcrumbList","@id":"https:\/\/expedicionglobal.com.co\/planes\/#breadcrumb","itemListElement":[{"@type":"ListItem","position":1,"name":"Inicio","item":"https:\/\/expedicionglobal.com.co\/"},{"@type":"ListItem","position":2,"name":"Planes Expedici\u00f3n"}]},{"@type":"WebSite","@id":"https:\/\/expedicionglobal.com.co\/#website","url":"https:\/\/expedicionglobal.com.co\/","name":"Expedici\u00f3n global, operadora de turismo","description":"Expedici\u00f3n Global ofrece viajes sostenibles y aut\u00e9nticos que conectan con la esencia natural, cultural y gastron\u00f3mica de Colombia y el mundo. Explora con prop\u00f3sito, preserva su esencia.","potentialAction":[{"@type":"SearchAction","target":{"@type":"EntryPoint","urlTemplate":"https:\/\/expedicionglobal.com.co\/?s={search_term_string}"},"query-input":{"@type":"PropertyValueSpecification","valueRequired":true,"valueName":"search_term_string"}}],"inLanguage":"en-US"}]}},"_links":{"self":[{"href":"https:\/\/expedicionglobal.com.co\/en\/wp-json\/wp\/v2\/pages\/3886","targetHints":{"allow":["GET"]}}],"collection":[{"href":"https:\/\/expedicionglobal.com.co\/en\/wp-json\/wp\/v2\/pages"}],"about":[{"href":"https:\/\/expedicionglobal.com.co\/en\/wp-json\/wp\/v2\/types\/page"}],"author":[{"embeddable":true,"href":"https:\/\/expedicionglobal.com.co\/en\/wp-json\/wp\/v2\/users\/4"}],"replies":[{"embeddable":true,"href":"https:\/\/expedicionglobal.com.co\/en\/wp-json\/wp\/v2\/comments?post=3886"}],"version-history":[{"count":103,"href":"https:\/\/expedicionglobal.com.co\/en\/wp-json\/wp\/v2\/pages\/3886\/revisions"}],"predecessor-version":[{"id":13424,"href":"https:\/\/expedicionglobal.com.co\/en\/wp-json\/wp\/v2\/pages\/3886\/revisions\/13424"}],"wp:attachment":[{"href":"https:\/\/expedicionglobal.com.co\/en\/wp-json\/wp\/v2\/media?parent=3886"}],"curies":[{"name":"wp","href":"https:\/\/api.w.org\/{rel}","templated":true}]}}