{"id":13583,"date":"2026-01-23T13:15:49","date_gmt":"2026-01-23T18:15:49","guid":{"rendered":"https:\/\/expedicionglobal.com.co\/?page_id=13583"},"modified":"2026-01-23T13:18:26","modified_gmt":"2026-01-23T18:18:26","slug":"artesanias_tolima","status":"publish","type":"page","link":"https:\/\/expedicionglobal.com.co\/en\/artesanias_tolima\/","title":{"rendered":"Artesan\u00edas"},"content":{"rendered":"<div data-elementor-type=\"wp-page\" data-elementor-id=\"13583\" class=\"elementor elementor-13583\" data-elementor-post-type=\"page\">\n\t\t\t\t<div class=\"elementor-element elementor-element-ce2e21f e-flex e-con-boxed e-con e-parent\" data-id=\"ce2e21f\" data-element_type=\"container\">\n\t\t\t\t\t<div class=\"e-con-inner\">\n\t\t\t\t<div class=\"elementor-element elementor-element-3a48c45 elementor-widget-divider--view-line elementor-widget elementor-widget-divider\" data-id=\"3a48c45\" data-element_type=\"widget\" data-widget_type=\"divider.default\">\n\t\t\t\t<div class=\"elementor-widget-container\">\n\t\t\t\t\t\t\t<div class=\"elementor-divider\">\n\t\t\t<span class=\"elementor-divider-separator\">\n\t\t\t\t\t\t<\/span>\n\t\t<\/div>\n\t\t\t\t\t\t<\/div>\n\t\t\t\t<\/div>\n\t\t\t\t\t<\/div>\n\t\t\t\t<\/div>\n\t\t<div class=\"elementor-element elementor-element-c8279a2 e-con-full e-flex e-con e-parent\" data-id=\"c8279a2\" data-element_type=\"container\">\n\t\t\t\t<div class=\"elementor-element elementor-element-6e86151 elementor-widget elementor-widget-heading\" data-id=\"6e86151\" data-element_type=\"widget\" data-widget_type=\"heading.default\">\n\t\t\t\t<div class=\"elementor-widget-container\">\n\t\t\t\t\t<h2 class=\"elementor-heading-title elementor-size-default\">Artesania del Tolima: <\/h2>\t\t\t\t<\/div>\n\t\t\t\t<\/div>\n\t\t\t\t<\/div>\n\t\t<div class=\"elementor-element elementor-element-0b81ddc e-flex e-con-boxed e-con e-parent\" data-id=\"0b81ddc\" data-element_type=\"container\">\n\t\t\t\t\t<div class=\"e-con-inner\">\n\t\t\t\t<div class=\"elementor-element elementor-element-92f4723 elementor-grid-3 elementor-grid-tablet-3 elementor-grid-mobile-2 elementor-products-grid elementor-wc-products elementor-widget elementor-widget-woocommerce-products\" data-id=\"92f4723\" data-element_type=\"widget\" data-widget_type=\"woocommerce-products.default\">\n\t\t\t\t<div class=\"elementor-widget-container\">\n\t\t\t\t\t<div class=\"woocommerce columns-3\"><ul class=\"products elementor-grid columns-3\">\n\n<div class=\"ova-product product type-product post-13464 status-publish first instock product_cat-cajamarca-empresas product_cat-empresas product_cat-productos has-post-thumbnail shipping-taxable product-type-simple\">\n\t\n<div class=\"ova_head_product\">\n\t\t\t\t<div class=\"ova-product-wishlist\">\n\t\t\t\n<div\n\tclass=\"yith-wcwl-add-to-wishlist add-to-wishlist-13464 yith-wcwl-add-to-wishlist--link-style wishlist-fragment on-first-load\"\n\tdata-fragment-ref=\"13464\"\n\tdata-fragment-options=\"{&quot;base_url&quot;:&quot;&quot;,&quot;product_id&quot;:13464,&quot;parent_product_id&quot;:0,&quot;product_type&quot;:&quot;simple&quot;,&quot;is_single&quot;:false,&quot;in_default_wishlist&quot;:false,&quot;show_view&quot;:false,&quot;browse_wishlist_text&quot;:&quot;Browse wishlist&quot;,&quot;already_in_wishslist_text&quot;:&quot;The product is already in your wishlist!&quot;,&quot;product_added_text&quot;:&quot;Product added!&quot;,&quot;available_multi_wishlist&quot;:false,&quot;disable_wishlist&quot;:false,&quot;show_count&quot;:false,&quot;ajax_loading&quot;:false,&quot;loop_position&quot;:&quot;after_add_to_cart&quot;,&quot;item&quot;:&quot;add_to_wishlist&quot;}\"\n>\n\t\t\t\n\t\t\t<!-- ADD TO WISHLIST -->\n\t\t\t\n<div class=\"yith-wcwl-add-button\">\n\t\t<a\n\t\thref=\"?add_to_wishlist=13464&#038;_wpnonce=747a940623\"\n\t\tclass=\"add_to_wishlist single_add_to_wishlist\"\n\t\tdata-product-id=\"13464\"\n\t\tdata-product-type=\"simple\"\n\t\tdata-original-product-id=\"0\"\n\t\tdata-title=\"Add to wishlist\"\n\t\trel=\"nofollow\"\n\t>\n\t\t<svg id=\"yith-wcwl-icon-heart-outline\" class=\"yith-wcwl-icon-svg\" fill=\"none\" stroke-width=\"1.5\" stroke=\"currentColor\" viewbox=\"0 0 24 24\" xmlns=\"http:\/\/www.w3.org\/2000\/svg\">\n  <path stroke-linecap=\"round\" stroke-linejoin=\"round\" d=\"M21 8.25c0-2.485-2.099-4.5-4.688-4.5-1.935 0-3.597 1.126-4.312 2.733-.715-1.607-2.377-2.733-4.313-2.733C5.1 3.75 3 5.765 3 8.25c0 7.22 9 12 9 12s9-4.78 9-12Z\"><\/path>\n<\/svg>\t\t<span>Add to wishlist<\/span>\n\t<\/a>\n<\/div>\n\n\t\t\t<!-- COUNT TEXT -->\n\t\t\t\n\t\t\t<\/div>\n\t\t<\/div>\n\t\t\t\t<a href=\"https:\/\/expedicionglobal.com.co\/en\/product\/asica-artesanias\/\" class=\"ova-product-thumbnail\">\n\t\t\t<img loading=\"lazy\" decoding=\"async\" width=\"636\" height=\"426\" src=\"https:\/\/expedicionglobal.com.co\/wp-content\/uploads\/2025\/12\/AOSICACION-MUJERES2-636x426.png\" class=\"attachment-tripgo_product_slider size-tripgo_product_slider\" alt=\"ASICA (Artesanias)\" srcset=\"https:\/\/expedicionglobal.com.co\/wp-content\/uploads\/2025\/12\/AOSICACION-MUJERES2-636x426.png 636w, https:\/\/expedicionglobal.com.co\/wp-content\/uploads\/2025\/12\/AOSICACION-MUJERES2-416x280.png 416w\" sizes=\"auto, (max-width: 636px) 100vw, 636px\" \/>\t\t<\/a>\n\t<\/div>\n\n<div class=\"ova_foot_product\">\n\n\t<div class=\"ova-product-day-title-location\">\n\n\t\t\t\t\n\t\t<h2 class=\"ova-product-title\">\n\t\t\t<a href=\"https:\/\/expedicionglobal.com.co\/en\/product\/asica-artesanias\/\">\n\t\t        ASICA (Artesanias)\t\t    <\/a>\n\t\t<\/h2>\n\t\t\n\t\t\t<\/div>\n\n    <div class=\"ova-product-review-and-price\">\n    \t\n\t\t<div class=\"ova-product-wrapper-price\">\n\t\t\t<div class=\"ova-product-price\">\n\t\t\t\t\t\t\t    \t\t\t\t    \t\t<span class=\"new-product-price\"><\/span>\n\t\t\t    \t\t\t\t\t\t\t\t<\/div>\n\t\t\t<a href=\"https:\/\/expedicionglobal.com.co\/en\/product\/asica-artesanias\/\" class=\"btn product-btn-book-now\">\n\t\t\t\tExplore\t\t\t<\/a>\n\t\t<\/div>\n\n    <\/div>\n\n<\/div><\/div><\/ul>\n<\/div>\t\t\t\t<\/div>\n\t\t\t\t<\/div>\n\t\t\t\t\t<\/div>\n\t\t\t\t<\/div>\n\t\t<div class=\"elementor-element elementor-element-939987f e-flex e-con-boxed e-con e-parent\" data-id=\"939987f\" data-element_type=\"container\">\n\t\t\t\t\t<div class=\"e-con-inner\">\n\t\t\t\t<div class=\"elementor-element elementor-element-cd65aa7 elementor-widget elementor-widget-heading\" data-id=\"cd65aa7\" data-element_type=\"widget\" data-widget_type=\"heading.default\">\n\t\t\t\t<div class=\"elementor-widget-container\">\n\t\t\t\t\t<h2 class=\"elementor-heading-title elementor-size-default\">Would you like to become one of our partners?<\/h2>\t\t\t\t<\/div>\n\t\t\t\t<\/div>\n\t\t\t\t\t<\/div>\n\t\t\t\t<\/div>\n\t\t<div class=\"elementor-element elementor-element-022abfe e-flex e-con-boxed e-con e-parent\" data-id=\"022abfe\" data-element_type=\"container\">\n\t\t\t\t\t<div class=\"e-con-inner\">\n\t\t\t\t<div class=\"elementor-element elementor-element-4ded41c elementor-widget elementor-widget-text-editor\" data-id=\"4ded41c\" data-element_type=\"widget\" data-widget_type=\"text-editor.default\">\n\t\t\t\t<div class=\"elementor-widget-container\">\n\t\t\t\t\t\t\t\t\t<p>If you are a local business or entrepreneur in Cajamarca, Tolima, and offer quality services that promote sustainable tourism and local culture, we invite you to contact us. At Expedici\u00f3n Global, we are always looking for new partners to enrich our travelers' experiences and strengthen the region\u2019s economy.<\/p>\t\t\t\t\t\t\t\t<\/div>\n\t\t\t\t<\/div>\n\t\t\t\t<div class=\"elementor-element elementor-element-499971f elementor-widget elementor-widget-heading\" data-id=\"499971f\" data-element_type=\"widget\" data-widget_type=\"heading.default\">\n\t\t\t\t<div class=\"elementor-widget-container\">\n\t\t\t\t\t<h2 class=\"elementor-heading-title elementor-size-default\">Descubre las artesan\u00edas emblem\u00e1ticas del Tolima, herencia viva de los ind\u00edgenas Pijaos y Panches que fusiona tradici\u00f3n y creatividad en cada pieza \u00fanica.<\/h2>\t\t\t\t<\/div>\n\t\t\t\t<\/div>\n\t\t\t\t\t<\/div>\n\t\t\t\t<\/div>\n\t\t<div class=\"elementor-element elementor-element-c80f43c e-flex e-con-boxed e-con e-parent\" data-id=\"c80f43c\" data-element_type=\"container\">\n\t\t\t\t\t<div class=\"e-con-inner\">\n\t\t\t\t<div class=\"elementor-element elementor-element-de704b8 elementor-widget elementor-widget-text-editor\" data-id=\"de704b8\" data-element_type=\"widget\" data-widget_type=\"text-editor.default\">\n\t\t\t\t<div class=\"elementor-widget-container\">\n\t\t\t\t\t\t\t\t\t<h2 id=\"esencia-artesanal\" class=\"mb-2 mt-4 font-sans font-semimedium visRefresh2026Fonts:font-bold text-base first:mt-0 md:text-lg [hr+&amp;]:mt-4\">Esencia artesanal<\/h2><p class=\"my-2 [&amp;+p]:mt-4 [&amp;_strong:has(+br)]:inline-block [&amp;_strong:has(+br)]:pb-2\">Tolima brilla con la\u00a0<strong>cer\u00e1mica de La Chamba<\/strong>\u00a0(Guamo), barro refractario moldeado por mujeres en vasijas, cazuelas y figuras ahumadas a negro profundo con bo\u00f1iga, resistentes al fuego ancestral. En el norte, calceta de pl\u00e1tano, lana, totumo y madera dan vida a bolsos, sombreros y esculturas; mientras Ibagu\u00e9 ofrece bisuter\u00eda, marroquiner\u00eda y textiles vibrantes.<\/p><h2 id=\"materiales-y-tcnicas-destacadas\" class=\"mb-2 mt-4 font-sans font-semimedium visRefresh2026Fonts:font-bold text-base first:mt-0 md:text-lg [hr+&amp;]:mt-4\">Materiales y t\u00e9cnicas destacadas<\/h2><ul class=\"marker:text-quiet list-disc\"><li class=\"py-0 my-0 prose-p:pt-0 prose-p:mb-2 prose-p:my-0 [&amp;&gt;p]:pt-0 [&amp;&gt;p]:mb-2 [&amp;&gt;p]:my-0\"><p class=\"my-2 [&amp;+p]:mt-4 [&amp;_strong:has(+br)]:inline-block [&amp;_strong:has(+br)]:pb-2\"><strong>Barro La Chamba<\/strong>: Tres arcillas (liso, arenoso, barniz) extra\u00eddas del r\u00edo Magdalena, cocidas en hornos de le\u00f1a a 950\u00b0C.<\/p><\/li><li class=\"py-0 my-0 prose-p:pt-0 prose-p:mb-2 prose-p:my-0 [&amp;&gt;p]:pt-0 [&amp;&gt;p]:mb-2 [&amp;&gt;p]:my-0\"><p class=\"my-2 [&amp;+p]:mt-4 [&amp;_strong:has(+br)]:inline-block [&amp;_strong:has(+br)]:pb-2\"><strong>Fibras y tejedur\u00eda<\/strong>: Bejuco, fique, palma iraca\/real\/pindo para canastas, mimbre y guadua en Ambalema, Ataco y Ortega.<\/p><\/li><li class=\"py-0 my-0 prose-p:pt-0 prose-p:mb-2 prose-p:my-0 [&amp;&gt;p]:pt-0 [&amp;&gt;p]:mb-2 [&amp;&gt;p]:my-0\"><p class=\"my-2 [&amp;+p]:mt-4 [&amp;_strong:has(+br)]:inline-block [&amp;_strong:has(+br)]:pb-2\"><strong>Otros<\/strong>: Tallas en madera (pilones, bateas), cuero, totumo y luther\u00eda en Armero y Mariquita.<\/p><\/li><\/ul><p class=\"my-2 [&amp;+p]:mt-4 [&amp;_strong:has(+br)]:inline-block [&amp;_strong:has(+br)]:pb-2\">Estas obras preservan la identidad tolimense, perfectas para souvenirs en tu ruta tur\u00edstica por Expedici\u00f3n Global.<span class=\"inline-flex\" aria-label=\"Ruta Tolima\" data-state=\"closed\">\u200b<\/span><\/p><p class=\"my-2 [&amp;+p]:mt-4 [&amp;_strong:has(+br)]:inline-block [&amp;_strong:has(+br)]:pb-2\">The partner establishments featured in this gastronomic showcase work with fresh ingredients from the territory: arracacha, corn, beans, coffee, vegetables, and bakery products that reflect the agricultural history of the region.\u200b\nMany of them offer emblematic Tolima dishes\u2014such as tamal, lechona, stews, arepas, and baked goods\u2014alongside contemporary menus, vegetarian options, creative desserts, and beverages made with local fruits.\u200b\nThis combination of traditional cuisine and modern proposals makes Cajamarca an ideal destination for foodies, families, and travelers who enjoy exploring authentic flavors.\u200b<span aria-label=\"image.jpg\" data-state=\"closed\">\u200b<\/span><\/p><p class=\"my-2 [&amp;+p]:mt-4 [&amp;_strong:has(+br)]:inline-block [&amp;_strong:has(+br)]:pb-2 translation-block\">In Cajamarca, specialty coffee shops and themed restaurants have also emerged as meeting points for both the local community and visitors.\u200b\nSpaces such as pizzerias with unique aesthetics, caf\u00e9s with artistic d\u00e9cor, and restaurants located on emblematic corners provide visual identity and complete sensory experiences: music, design, lighting, and friendly service, all designed to make sharing a meal a memorable moment.\u200b\nFrom breakfast before heading to the p\u00e1ramos to a quiet dinner after a day of adventure, you will always find a place to recharge with good food and good conversation.\u200b<\/p><p class=\"my-2 [&amp;+p]:mt-4 [&amp;_strong:has(+br)]:inline-block [&amp;_strong:has(+br)]:pb-2 translation-block\">This gastronomy in Cajamarca section also serves to showcase and connect local ventures with tourism and with customers who value responsible consumption.\u200b\nBy choosing to eat at the restaurants and caf\u00e9s featured in this digital showcase, you help strengthen the municipality\u2019s economy, support entrepreneurial families, and generate decent employment throughout the gastronomic chain.\u200b\nEach profile includes key information about the establishment, its culinary proposal, and its contact details, so you can plan your food routes, make reservations, or simply keep at hand the best options to enjoy the flavor of Cajamarca.\u200b<\/p>\t\t\t\t\t\t\t\t<\/div>\n\t\t\t\t<\/div>\n\t\t\t\t\t<\/div>\n\t\t\t\t<\/div>\n\t\t\t\t<\/div>","protected":false},"excerpt":{"rendered":"<p>Artesania del Tolima: \u00bfQuieres ser parte de nuestros aliados? Si eres una empresa o emprendimiento local en Cajamarca, Tolima, y ofreces servicios de calidad que promueven el turismo sostenible y la cultura local, te invitamos a contactarnos. En Expedici\u00f3n Global, estamos siempre buscando nuevos aliados para enriquecer la experiencia de nuestros viajeros y fortalecer la [&hellip;]<\/p>","protected":false},"author":4,"featured_media":0,"parent":0,"menu_order":0,"comment_status":"closed","ping_status":"closed","template":"elementor_header_footer","meta":{"_acf_changed":false,"_monsterinsights_skip_tracking":false,"_monsterinsights_sitenote_active":false,"_monsterinsights_sitenote_note":"","_monsterinsights_sitenote_category":0,"_joinchat":[],"footnotes":""},"class_list":["post-13583","page","type-page","status-publish","hentry"],"acf":[],"aioseo_notices":[],"yoast_head":"<!-- This site is optimized with the Yoast SEO plugin v25.3.1 - https:\/\/yoast.com\/wordpress\/plugins\/seo\/ -->\n<title>Artesan\u00edas - Expedici\u00f3n global, operadora de turismo<\/title>\n<meta name=\"description\" content=\"Explora Cajamarca Tolima: vive turismo sostenible, aventura, gastronom\u00eda y cultura. \u00bfQu\u00e9 hacer en Cajamarca?\" \/>\n<meta name=\"robots\" content=\"index, follow, max-snippet:-1, max-image-preview:large, max-video-preview:-1\" \/>\n<link rel=\"canonical\" href=\"https:\/\/expedicionglobal.com.co\/en\/cajamarca-tolima\/\" \/>\n<meta property=\"og:locale\" content=\"en_US\" \/>\n<meta property=\"og:type\" content=\"article\" \/>\n<meta property=\"og:title\" content=\"Artesan\u00edas - Expedici\u00f3n global, operadora de turismo\" \/>\n<meta property=\"og:description\" content=\"Explora Cajamarca Tolima: vive turismo sostenible, aventura, gastronom\u00eda y cultura. \u00bfQu\u00e9 hacer en Cajamarca?\" \/>\n<meta property=\"og:url\" content=\"https:\/\/expedicionglobal.com.co\/en\/cajamarca-tolima\/\" \/>\n<meta property=\"og:site_name\" content=\"Expedici\u00f3n global, operadora de turismo\" \/>\n<meta property=\"article:modified_time\" content=\"2026-01-23T18:18:26+00:00\" \/>\n<meta name=\"twitter:card\" content=\"summary_large_image\" \/>\n<meta name=\"twitter:label1\" content=\"Est. reading time\" \/>\n\t<meta name=\"twitter:data1\" content=\"3 minutes\" \/>\n<script type=\"application\/ld+json\" class=\"yoast-schema-graph\">{\"@context\":\"https:\/\/schema.org\",\"@graph\":[{\"@type\":\"WebPage\",\"@id\":\"https:\/\/expedicionglobal.com.co\/artesanias_tolima\/\",\"url\":\"https:\/\/expedicionglobal.com.co\/cajamarca-tolima\/\",\"name\":\"Artesan\u00edas - Expedici\u00f3n global, operadora de turismo\",\"isPartOf\":{\"@id\":\"https:\/\/expedicionglobal.com.co\/#website\"},\"datePublished\":\"2026-01-23T18:15:49+00:00\",\"dateModified\":\"2026-01-23T18:18:26+00:00\",\"description\":\"Explora Cajamarca Tolima: vive turismo sostenible, aventura, gastronom\u00eda y cultura. \u00bfQu\u00e9 hacer en Cajamarca?\",\"breadcrumb\":{\"@id\":\"https:\/\/expedicionglobal.com.co\/cajamarca-tolima\/#breadcrumb\"},\"inLanguage\":\"en-US\",\"potentialAction\":[{\"@type\":\"ReadAction\",\"target\":[\"https:\/\/expedicionglobal.com.co\/cajamarca-tolima\/\"]}]},{\"@type\":\"BreadcrumbList\",\"@id\":\"https:\/\/expedicionglobal.com.co\/cajamarca-tolima\/#breadcrumb\",\"itemListElement\":[{\"@type\":\"ListItem\",\"position\":1,\"name\":\"Inicio\",\"item\":\"https:\/\/expedicionglobal.com.co\/\"},{\"@type\":\"ListItem\",\"position\":2,\"name\":\"Artesan\u00edas\"}]},{\"@type\":\"WebSite\",\"@id\":\"https:\/\/expedicionglobal.com.co\/#website\",\"url\":\"https:\/\/expedicionglobal.com.co\/\",\"name\":\"Expedici\u00f3n global, operadora de turismo\",\"description\":\"Expedici\u00f3n Global ofrece viajes sostenibles y aut\u00e9nticos que conectan con la esencia natural, cultural y gastron\u00f3mica de Colombia y el mundo. Explora con prop\u00f3sito, preserva su esencia.\",\"potentialAction\":[{\"@type\":\"SearchAction\",\"target\":{\"@type\":\"EntryPoint\",\"urlTemplate\":\"https:\/\/expedicionglobal.com.co\/?s={search_term_string}\"},\"query-input\":{\"@type\":\"PropertyValueSpecification\",\"valueRequired\":true,\"valueName\":\"search_term_string\"}}],\"inLanguage\":\"en-US\"}]}<\/script>\n<!-- \/ Yoast SEO plugin. -->","yoast_head_json":{"title":"Artesan\u00edas - Expedici\u00f3n global, operadora de turismo","description":"Explora Cajamarca Tolima: vive turismo sostenible, aventura, gastronom\u00eda y cultura. \u00bfQu\u00e9 hacer en Cajamarca?","robots":{"index":"index","follow":"follow","max-snippet":"max-snippet:-1","max-image-preview":"max-image-preview:large","max-video-preview":"max-video-preview:-1"},"canonical":"https:\/\/expedicionglobal.com.co\/en\/cajamarca-tolima\/","og_locale":"en_US","og_type":"article","og_title":"Artesan\u00edas - Expedici\u00f3n global, operadora de turismo","og_description":"Explora Cajamarca Tolima: vive turismo sostenible, aventura, gastronom\u00eda y cultura. \u00bfQu\u00e9 hacer en Cajamarca?","og_url":"https:\/\/expedicionglobal.com.co\/en\/cajamarca-tolima\/","og_site_name":"Expedici\u00f3n global, operadora de turismo","article_modified_time":"2026-01-23T18:18:26+00:00","twitter_card":"summary_large_image","twitter_misc":{"Est. reading time":"3 minutes"},"schema":{"@context":"https:\/\/schema.org","@graph":[{"@type":"WebPage","@id":"https:\/\/expedicionglobal.com.co\/artesanias_tolima\/","url":"https:\/\/expedicionglobal.com.co\/cajamarca-tolima\/","name":"Artesan\u00edas - Expedici\u00f3n global, operadora de turismo","isPartOf":{"@id":"https:\/\/expedicionglobal.com.co\/#website"},"datePublished":"2026-01-23T18:15:49+00:00","dateModified":"2026-01-23T18:18:26+00:00","description":"Explora Cajamarca Tolima: vive turismo sostenible, aventura, gastronom\u00eda y cultura. \u00bfQu\u00e9 hacer en Cajamarca?","breadcrumb":{"@id":"https:\/\/expedicionglobal.com.co\/cajamarca-tolima\/#breadcrumb"},"inLanguage":"en-US","potentialAction":[{"@type":"ReadAction","target":["https:\/\/expedicionglobal.com.co\/cajamarca-tolima\/"]}]},{"@type":"BreadcrumbList","@id":"https:\/\/expedicionglobal.com.co\/cajamarca-tolima\/#breadcrumb","itemListElement":[{"@type":"ListItem","position":1,"name":"Inicio","item":"https:\/\/expedicionglobal.com.co\/"},{"@type":"ListItem","position":2,"name":"Artesan\u00edas"}]},{"@type":"WebSite","@id":"https:\/\/expedicionglobal.com.co\/#website","url":"https:\/\/expedicionglobal.com.co\/","name":"Expedici\u00f3n global, operadora de turismo","description":"Expedici\u00f3n Global ofrece viajes sostenibles y aut\u00e9nticos que conectan con la esencia natural, cultural y gastron\u00f3mica de Colombia y el mundo. Explora con prop\u00f3sito, preserva su esencia.","potentialAction":[{"@type":"SearchAction","target":{"@type":"EntryPoint","urlTemplate":"https:\/\/expedicionglobal.com.co\/?s={search_term_string}"},"query-input":{"@type":"PropertyValueSpecification","valueRequired":true,"valueName":"search_term_string"}}],"inLanguage":"en-US"}]}},"_links":{"self":[{"href":"https:\/\/expedicionglobal.com.co\/en\/wp-json\/wp\/v2\/pages\/13583","targetHints":{"allow":["GET"]}}],"collection":[{"href":"https:\/\/expedicionglobal.com.co\/en\/wp-json\/wp\/v2\/pages"}],"about":[{"href":"https:\/\/expedicionglobal.com.co\/en\/wp-json\/wp\/v2\/types\/page"}],"author":[{"embeddable":true,"href":"https:\/\/expedicionglobal.com.co\/en\/wp-json\/wp\/v2\/users\/4"}],"replies":[{"embeddable":true,"href":"https:\/\/expedicionglobal.com.co\/en\/wp-json\/wp\/v2\/comments?post=13583"}],"version-history":[{"count":4,"href":"https:\/\/expedicionglobal.com.co\/en\/wp-json\/wp\/v2\/pages\/13583\/revisions"}],"predecessor-version":[{"id":13587,"href":"https:\/\/expedicionglobal.com.co\/en\/wp-json\/wp\/v2\/pages\/13583\/revisions\/13587"}],"wp:attachment":[{"href":"https:\/\/expedicionglobal.com.co\/en\/wp-json\/wp\/v2\/media?parent=13583"}],"curies":[{"name":"wp","href":"https:\/\/api.w.org\/{rel}","templated":true}]}}