{"id":13475,"date":"2026-01-06T15:01:09","date_gmt":"2026-01-06T20:01:09","guid":{"rendered":"https:\/\/expedicionglobal.com.co\/?page_id=13475"},"modified":"2026-01-06T15:38:59","modified_gmt":"2026-01-06T20:38:59","slug":"trasporte","status":"publish","type":"page","link":"https:\/\/expedicionglobal.com.co\/en\/trasporte\/","title":{"rendered":"Transportation."},"content":{"rendered":"<div data-elementor-type=\"wp-page\" data-elementor-id=\"13475\" class=\"elementor elementor-13475\" data-elementor-post-type=\"page\">\n\t\t\t\t<div class=\"elementor-element elementor-element-a4b7063 e-flex e-con-boxed e-con e-parent\" data-id=\"a4b7063\" data-element_type=\"container\" data-settings=\"{&quot;background_background&quot;:&quot;slideshow&quot;,&quot;background_slideshow_gallery&quot;:[{&quot;id&quot;:13477,&quot;url&quot;:&quot;https:\\\/\\\/expedicionglobal.com.co\\\/wp-content\\\/uploads\\\/2026\\\/01\\\/trasporte.png&quot;}],&quot;background_slideshow_transition_duration&quot;:100,&quot;background_slideshow_loop&quot;:&quot;yes&quot;,&quot;background_slideshow_slide_duration&quot;:5000,&quot;background_slideshow_slide_transition&quot;:&quot;fade&quot;}\">\n\t\t\t\t\t<div class=\"e-con-inner\">\n\t\t<div class=\"elementor-element elementor-element-3e845bb e-flex e-con-boxed e-con e-child\" data-id=\"3e845bb\" data-element_type=\"container\">\n\t\t\t\t\t<div class=\"e-con-inner\">\n\t\t\t\t<div class=\"elementor-element elementor-element-7ffed5d elementor-widget-divider--view-line elementor-widget elementor-widget-divider\" data-id=\"7ffed5d\" data-element_type=\"widget\" data-widget_type=\"divider.default\">\n\t\t\t\t<div class=\"elementor-widget-container\">\n\t\t\t\t\t\t\t<div class=\"elementor-divider\">\n\t\t\t<span class=\"elementor-divider-separator\">\n\t\t\t\t\t\t<\/span>\n\t\t<\/div>\n\t\t\t\t\t\t<\/div>\n\t\t\t\t<\/div>\n\t\t\t\t\t<\/div>\n\t\t\t\t<\/div>\n\t\t\t\t\t<\/div>\n\t\t\t\t<\/div>\n\t\t<div class=\"elementor-element elementor-element-44ba3f1 e-flex e-con-boxed e-con e-parent\" data-id=\"44ba3f1\" data-element_type=\"container\">\n\t\t\t\t\t<div class=\"e-con-inner\">\n\t\t\t\t<div class=\"elementor-element elementor-element-4c8ce56 elementor-grid-3 elementor-grid-tablet-3 elementor-grid-mobile-2 elementor-products-grid elementor-wc-products elementor-widget elementor-widget-woocommerce-products\" data-id=\"4c8ce56\" data-element_type=\"widget\" data-widget_type=\"woocommerce-products.default\">\n\t\t\t\t<div class=\"elementor-widget-container\">\n\t\t\t\t\t<div class=\"woocommerce columns-3\"><ul class=\"products elementor-grid columns-3\">\n\n<div class=\"ova-product product type-product post-13250 status-publish first instock product_cat-cajamarca-empresas product_cat-empresas product_cat-servicios has-post-thumbnail shipping-taxable product-type-simple\">\n\t\n<div class=\"ova_head_product\">\n\t\t\t\t<div class=\"ova-product-wishlist\">\n\t\t\t\n<div\n\tclass=\"yith-wcwl-add-to-wishlist add-to-wishlist-13250 yith-wcwl-add-to-wishlist--link-style wishlist-fragment on-first-load\"\n\tdata-fragment-ref=\"13250\"\n\tdata-fragment-options=\"{&quot;base_url&quot;:&quot;&quot;,&quot;product_id&quot;:13250,&quot;parent_product_id&quot;:0,&quot;product_type&quot;:&quot;simple&quot;,&quot;is_single&quot;:false,&quot;in_default_wishlist&quot;:false,&quot;show_view&quot;:false,&quot;browse_wishlist_text&quot;:&quot;Browse wishlist&quot;,&quot;already_in_wishslist_text&quot;:&quot;The product is already in your wishlist!&quot;,&quot;product_added_text&quot;:&quot;Product added!&quot;,&quot;available_multi_wishlist&quot;:false,&quot;disable_wishlist&quot;:false,&quot;show_count&quot;:false,&quot;ajax_loading&quot;:false,&quot;loop_position&quot;:&quot;after_add_to_cart&quot;,&quot;item&quot;:&quot;add_to_wishlist&quot;}\"\n>\n\t\t\t\n\t\t\t<!-- ADD TO WISHLIST -->\n\t\t\t\n<div class=\"yith-wcwl-add-button\">\n\t\t<a\n\t\thref=\"?add_to_wishlist=13250&#038;_wpnonce=747a940623\"\n\t\tclass=\"add_to_wishlist single_add_to_wishlist\"\n\t\tdata-product-id=\"13250\"\n\t\tdata-product-type=\"simple\"\n\t\tdata-original-product-id=\"0\"\n\t\tdata-title=\"Add to wishlist\"\n\t\trel=\"nofollow\"\n\t>\n\t\t<svg id=\"yith-wcwl-icon-heart-outline\" class=\"yith-wcwl-icon-svg\" fill=\"none\" stroke-width=\"1.5\" stroke=\"currentColor\" viewbox=\"0 0 24 24\" xmlns=\"http:\/\/www.w3.org\/2000\/svg\">\n  <path stroke-linecap=\"round\" stroke-linejoin=\"round\" d=\"M21 8.25c0-2.485-2.099-4.5-4.688-4.5-1.935 0-3.597 1.126-4.312 2.733-.715-1.607-2.377-2.733-4.313-2.733C5.1 3.75 3 5.765 3 8.25c0 7.22 9 12 9 12s9-4.78 9-12Z\"><\/path>\n<\/svg>\t\t<span>Add to wishlist<\/span>\n\t<\/a>\n<\/div>\n\n\t\t\t<!-- COUNT TEXT -->\n\t\t\t\n\t\t\t<\/div>\n\t\t<\/div>\n\t\t\t\t<a href=\"https:\/\/expedicionglobal.com.co\/en\/product\/cootracaime-ltda\/\" class=\"ova-product-thumbnail\">\n\t\t\t<img loading=\"lazy\" decoding=\"async\" width=\"636\" height=\"426\" src=\"https:\/\/expedicionglobal.com.co\/wp-content\/uploads\/2025\/12\/Cootracaime-2-636x426.png\" class=\"attachment-tripgo_product_slider size-tripgo_product_slider\" alt=\"Cootracaime LTDA\" srcset=\"https:\/\/expedicionglobal.com.co\/wp-content\/uploads\/2025\/12\/Cootracaime-2-636x426.png 636w, https:\/\/expedicionglobal.com.co\/wp-content\/uploads\/2025\/12\/Cootracaime-2-416x280.png 416w\" sizes=\"auto, (max-width: 636px) 100vw, 636px\" \/>\t\t<\/a>\n\t<\/div>\n\n<div class=\"ova_foot_product\">\n\n\t<div class=\"ova-product-day-title-location\">\n\n\t\t\t\t\n\t\t<h2 class=\"ova-product-title\">\n\t\t\t<a href=\"https:\/\/expedicionglobal.com.co\/en\/product\/cootracaime-ltda\/\">\n\t\t        Cootracaime LTDA\t\t    <\/a>\n\t\t<\/h2>\n\t\t\n\t\t\t<\/div>\n\n    <div class=\"ova-product-review-and-price\">\n    \t\n\t\t<div class=\"ova-product-wrapper-price\">\n\t\t\t<div class=\"ova-product-price\">\n\t\t\t\t\t\t\t    \t\t\t\t    \t\t<span class=\"new-product-price\"><\/span>\n\t\t\t    \t\t\t\t\t\t\t\t<\/div>\n\t\t\t<a href=\"https:\/\/expedicionglobal.com.co\/en\/product\/cootracaime-ltda\/\" class=\"btn product-btn-book-now\">\n\t\t\t\tExplore\t\t\t<\/a>\n\t\t<\/div>\n\n    <\/div>\n\n<\/div><\/div><\/ul>\n<\/div>\t\t\t\t<\/div>\n\t\t\t\t<\/div>\n\t\t\t\t\t<\/div>\n\t\t\t\t<\/div>\n\t\t<div class=\"elementor-element elementor-element-70b25f6 e-flex e-con-boxed e-con e-parent\" data-id=\"70b25f6\" data-element_type=\"container\">\n\t\t\t\t\t<div class=\"e-con-inner\">\n\t\t<div class=\"elementor-element elementor-element-f9223a5 e-con-full e-flex e-con e-child\" data-id=\"f9223a5\" data-element_type=\"container\">\n\t\t<div class=\"elementor-element elementor-element-ded5d9d e-con-full e-flex e-con e-child\" data-id=\"ded5d9d\" data-element_type=\"container\">\n\t\t\t\t<div class=\"elementor-element elementor-element-c7df9bc elementor-widget elementor-widget-tripgo_elementor_heading\" data-id=\"c7df9bc\" data-element_type=\"widget\" data-widget_type=\"tripgo_elementor_heading.default\">\n\t\t\t\t<div class=\"elementor-widget-container\">\n\t\t\t\t\t\t\t<div class=\"ova-title\">\n\n\t\t\t\n\t\t\t\t\t\t\t\n\t\t\t\t\t<h2 class=\"title\">Our Partners and Recommended Services<\/h2>\n\t\t\t\t\t\t\t\n\t\t\t\t\t\t\t<p class=\"description\"> In this section, we present a curated selection of companies, professionals, and organizations offering diverse, high-quality services in our region and beyond. From cultural and sports experiences to business and design solutions, our goal is to connect you with the best in every sector. Explore our partners\u2019 offerings and discover reliable solutions and unique opportunities. <\/p>\n\t\t\t\n\t\t<\/div> \n\t\t \t\n\t\t\t\t\t\t<\/div>\n\t\t\t\t<\/div>\n\t\t\t\t<div class=\"elementor-element elementor-element-680e38e elementor-list-item-link-full_width elementor-widget elementor-widget-icon-list\" data-id=\"680e38e\" data-element_type=\"widget\" data-widget_type=\"icon-list.default\">\n\t\t\t\t<div class=\"elementor-widget-container\">\n\t\t\t\t\t\t\t<ul class=\"elementor-icon-list-items\">\n\t\t\t\t\t\t\t<li class=\"elementor-icon-list-item\">\n\t\t\t\t\t\t\t\t\t\t\t<span class=\"elementor-icon-list-icon\">\n\t\t\t\t\t\t\t<i aria-hidden=\"true\" class=\"fas fa-genderless\"><\/i>\t\t\t\t\t\t<\/span>\n\t\t\t\t\t\t\t\t\t\t<span class=\"elementor-icon-list-text\">Explore a Wide Range of Solutions<\/span>\n\t\t\t\t\t\t\t\t\t<\/li>\n\t\t\t\t\t\t\t\t<li class=\"elementor-icon-list-item\">\n\t\t\t\t\t\t\t\t\t\t\t<span class=\"elementor-icon-list-icon\">\n\t\t\t\t\t\t\t<i aria-hidden=\"true\" class=\"fas fa-genderless\"><\/i>\t\t\t\t\t\t<\/span>\n\t\t\t\t\t\t\t\t\t\t<span class=\"elementor-icon-list-text\">Connect Directly with Outstanding Professionals<\/span>\n\t\t\t\t\t\t\t\t\t<\/li>\n\t\t\t\t\t\t\t\t<li class=\"elementor-icon-list-item\">\n\t\t\t\t\t\t\t\t\t\t\t<span class=\"elementor-icon-list-icon\">\n\t\t\t\t\t\t\t<i aria-hidden=\"true\" class=\"fas fa-genderless\"><\/i>\t\t\t\t\t\t<\/span>\n\t\t\t\t\t\t\t\t\t\t<span class=\"elementor-icon-list-text\">Want to promote your business here? Contact us! <\/span>\n\t\t\t\t\t\t\t\t\t<\/li>\n\t\t\t\t\t\t<\/ul>\n\t\t\t\t\t\t<\/div>\n\t\t\t\t<\/div>\n\t\t\t\t<\/div>\n\t\t\t\t<\/div>\n\t\t<div class=\"elementor-element elementor-element-1c54298 e-con-full e-flex e-con e-child\" data-id=\"1c54298\" data-element_type=\"container\">\n\t\t\t\t<div class=\"elementor-element elementor-element-ccab3f4 elementor-widget elementor-widget-image\" data-id=\"ccab3f4\" data-element_type=\"widget\" data-widget_type=\"image.default\">\n\t\t\t\t<div class=\"elementor-widget-container\">\n\t\t\t\t\t\t\t\t\t\t\t\t\t\t\t<img loading=\"lazy\" decoding=\"async\" width=\"800\" height=\"1000\" src=\"https:\/\/expedicionglobal.com.co\/wp-content\/uploads\/2025\/07\/seccion-services-819x1024.png\" class=\"attachment-large size-large wp-image-12946\" alt=\"\" srcset=\"https:\/\/expedicionglobal.com.co\/wp-content\/uploads\/2025\/07\/seccion-services-819x1024.png 819w, https:\/\/expedicionglobal.com.co\/wp-content\/uploads\/2025\/07\/seccion-services-240x300.png 240w, https:\/\/expedicionglobal.com.co\/wp-content\/uploads\/2025\/07\/seccion-services-768x960.png 768w, https:\/\/expedicionglobal.com.co\/wp-content\/uploads\/2025\/07\/seccion-services-10x12.png 10w, https:\/\/expedicionglobal.com.co\/wp-content\/uploads\/2025\/07\/seccion-services-600x750.png 600w, https:\/\/expedicionglobal.com.co\/wp-content\/uploads\/2025\/07\/seccion-services.png 1080w\" sizes=\"auto, (max-width: 800px) 100vw, 800px\" \/>\t\t\t\t\t\t\t\t\t\t\t\t\t\t\t<\/div>\n\t\t\t\t<\/div>\n\t\t\t\t<\/div>\n\t\t\t\t\t<\/div>\n\t\t\t\t<\/div>\n\t\t<div class=\"elementor-element elementor-element-d519104 e-flex e-con-boxed e-con e-parent\" data-id=\"d519104\" data-element_type=\"container\">\n\t\t\t\t\t<div class=\"e-con-inner\">\n\t\t\t\t<div class=\"elementor-element elementor-element-7364396 elementor-widget elementor-widget-heading\" data-id=\"7364396\" data-element_type=\"widget\" data-widget_type=\"heading.default\">\n\t\t\t\t<div class=\"elementor-widget-container\">\n\t\t\t\t\t<h1 class=\"elementor-heading-title elementor-size-default\">Transport in Cajamarca and Tolima: reliable connections for travelers and goods\n\n\n\n<\/h1>\t\t\t\t<\/div>\n\t\t\t\t<\/div>\n\t\t\t\t\t<\/div>\n\t\t\t\t<\/div>\n\t\t<div class=\"elementor-element elementor-element-7d408e5 e-flex e-con-boxed e-con e-parent\" data-id=\"7d408e5\" data-element_type=\"container\">\n\t\t\t\t\t<div class=\"e-con-inner\">\n\t\t\t\t<div class=\"elementor-element elementor-element-0d13065 elementor-widget elementor-widget-heading\" data-id=\"0d13065\" data-element_type=\"widget\" data-widget_type=\"heading.default\">\n\t\t\t\t<div class=\"elementor-widget-container\">\n\t\t\t\t\t<h2 class=\"elementor-heading-title elementor-size-default\">Logistics operators, cooperatives and transport companies that connect Cajamarca with the rest of the department and the country.\n\n\n<\/h2>\t\t\t\t<\/div>\n\t\t\t\t<\/div>\n\t\t\t\t\t<\/div>\n\t\t\t\t<\/div>\n\t\t<div class=\"elementor-element elementor-element-cfc5d2a e-flex e-con-boxed e-con e-parent\" data-id=\"cfc5d2a\" data-element_type=\"container\">\n\t\t\t\t\t<div class=\"e-con-inner\">\n\t\t\t\t<div class=\"elementor-element elementor-element-9171487 elementor-widget elementor-widget-text-editor\" data-id=\"9171487\" data-element_type=\"widget\" data-widget_type=\"text-editor.default\">\n\t\t\t\t<div class=\"elementor-widget-container\">\n\t\t\t\t\t\t\t\t\t<p class=\"my-2 [&amp;+p]:mt-4 [&amp;_strong:has(+br)]:inline-block [&amp;_strong:has(+br)]:pb-2 translation-block\">The Transport section in Expedici\u00f3n Global brings together cooperatives, companies and logistics operators that facilitate the mobility of people and goods in Cajamarca, Tolima, and routes to other municipalities in the department. Here you will find intermunicipal transport companies, cargo and shipping services, tourism operators specialized in group transportation and logistics partners that guarantee safe, timely and reliable connections. The objective is that both travelers and entrepreneurs have access to professional transport options that meet safety, comfort and responsibility standards.<\/p><p class=\"my-2 [&amp;+p]:mt-4 [&amp;_strong:has(+br)]:inline-block [&amp;_strong:has(+br)]:pb-2 translation-block\">Transport is a fundamental pillar in the tourism and economic chain of Cajamarca. The cooperatives and companies that appear in this showcase operate consolidated routes to Ibagu\u00e9, Honda, Armenia, Manizales and other cities, allowing travelers to reach the municipality easily and allowing local products to find broader markets. Many of these companies have years of experience in the territory, know every route, have modern fleets and driver training, and are committed to road safety and punctuality.<\/p><p class=\"my-2 [&amp;+p]:mt-4 [&amp;_strong:has(+br)]:inline-block [&amp;_strong:has(+br)]:pb-2 translation-block\">This category also includes specialized services such as transport for tourist groups, transfers to and from regional airports, cargo services for small businesses and enterprises, and logistics solutions for hotels, restaurants and shops that require reliable suppliers. By choosing a transport operator that appears in Expedici\u00f3n Global, you gain access to companies that have already been validated, that comply with safety regulations and that understand the importance of the traveler's experience from the moment of transportation.<\/p><p class=\"my-2 [&amp;+p]:mt-4 [&amp;_strong:has(+br)]:inline-block [&amp;_strong:has(+br)]:pb-2 translation-block\">This Transport section also recognizes that mobility is key to driving rural tourism and the economy of territories like Cajamarca. Cooperatives such as Cootracaime LTDA, for example, not only connect the municipality with other regions, but also generate local employment, formalize workers and contribute to young people and rural families having income options. By using allied transport services, you are supporting initiatives that boost the Tolima economy and facilitate more people discovering and enjoying the experiences that Cajamarca offers. Each profile includes operated routes, schedules, contact information and options to schedule personalized services.<\/p><p class=\"my-2 [&amp;+p]:mt-4 [&amp;_strong:has(+br)]:inline-block [&amp;_strong:has(+br)]:pb-2\">\u200b<\/p>\t\t\t\t\t\t\t\t<\/div>\n\t\t\t\t<\/div>\n\t\t\t\t\t<\/div>\n\t\t\t\t<\/div>\n\t\t\t\t<\/div>","protected":false},"excerpt":{"rendered":"<p>Nuestros aliados y servicios recomendados En esta secci\u00f3n, te presentamos una cuidadosa selecci\u00f3n de empresas, profesionales y organizaciones que ofrecen servicios diversos y de calidad en nuestra regi\u00f3n y m\u00e1s all\u00e1. Desde experiencias culturales y deportivas hasta soluciones de negocios y dise\u00f1o, nuestro objetivo es conectarte con lo mejor en cada sector. Explora las propuestas [&hellip;]<\/p>","protected":false},"author":4,"featured_media":0,"parent":0,"menu_order":0,"comment_status":"closed","ping_status":"closed","template":"elementor_header_footer","meta":{"_acf_changed":false,"_monsterinsights_skip_tracking":false,"_monsterinsights_sitenote_active":false,"_monsterinsights_sitenote_note":"","_monsterinsights_sitenote_category":0,"_joinchat":[],"footnotes":""},"class_list":["post-13475","page","type-page","status-publish","hentry"],"acf":[],"aioseo_notices":[],"yoast_head":"<!-- This site is optimized with the Yoast SEO plugin v25.3.1 - https:\/\/yoast.com\/wordpress\/plugins\/seo\/ -->\n<title>Trasporte - Expedici\u00f3n global, operadora de turismo<\/title>\n<meta name=\"robots\" content=\"index, follow, max-snippet:-1, max-image-preview:large, max-video-preview:-1\" \/>\n<link rel=\"canonical\" href=\"https:\/\/expedicionglobal.com.co\/en\/empresas-y-servicios\/\" \/>\n<meta property=\"og:locale\" content=\"en_US\" \/>\n<meta property=\"og:type\" content=\"article\" \/>\n<meta property=\"og:title\" content=\"Trasporte - Expedici\u00f3n global, operadora de turismo\" \/>\n<meta property=\"og:description\" content=\"Nuestros aliados y servicios recomendados En esta secci\u00f3n, te presentamos una cuidadosa selecci\u00f3n de empresas, profesionales y organizaciones que ofrecen servicios diversos y de calidad en nuestra regi\u00f3n y m\u00e1s all\u00e1. Desde experiencias culturales y deportivas hasta soluciones de negocios y dise\u00f1o, nuestro objetivo es conectarte con lo mejor en cada sector. Explora las propuestas [&hellip;]\" \/>\n<meta property=\"og:url\" content=\"https:\/\/expedicionglobal.com.co\/en\/empresas-y-servicios\/\" \/>\n<meta property=\"og:site_name\" content=\"Expedici\u00f3n global, operadora de turismo\" \/>\n<meta property=\"article:modified_time\" content=\"2026-01-06T20:38:59+00:00\" \/>\n<meta property=\"og:image\" content=\"https:\/\/expedicionglobal.com.co\/wp-content\/uploads\/2025\/07\/seccion-services-819x1024.png\" \/>\n<meta name=\"twitter:card\" content=\"summary_large_image\" \/>\n<meta name=\"twitter:label1\" content=\"Est. reading time\" \/>\n\t<meta name=\"twitter:data1\" content=\"3 minutes\" \/>\n<script type=\"application\/ld+json\" class=\"yoast-schema-graph\">{\"@context\":\"https:\/\/schema.org\",\"@graph\":[{\"@type\":\"WebPage\",\"@id\":\"https:\/\/expedicionglobal.com.co\/trasporte\/\",\"url\":\"https:\/\/expedicionglobal.com.co\/empresas-y-servicios\/\",\"name\":\"Trasporte - Expedici\u00f3n global, operadora de turismo\",\"isPartOf\":{\"@id\":\"https:\/\/expedicionglobal.com.co\/#website\"},\"primaryImageOfPage\":{\"@id\":\"https:\/\/expedicionglobal.com.co\/empresas-y-servicios\/#primaryimage\"},\"image\":{\"@id\":\"https:\/\/expedicionglobal.com.co\/empresas-y-servicios\/#primaryimage\"},\"thumbnailUrl\":\"https:\/\/expedicionglobal.com.co\/wp-content\/uploads\/2025\/07\/seccion-services-819x1024.png\",\"datePublished\":\"2026-01-06T20:01:09+00:00\",\"dateModified\":\"2026-01-06T20:38:59+00:00\",\"breadcrumb\":{\"@id\":\"https:\/\/expedicionglobal.com.co\/empresas-y-servicios\/#breadcrumb\"},\"inLanguage\":\"en-US\",\"potentialAction\":[{\"@type\":\"ReadAction\",\"target\":[\"https:\/\/expedicionglobal.com.co\/empresas-y-servicios\/\"]}]},{\"@type\":\"ImageObject\",\"inLanguage\":\"en-US\",\"@id\":\"https:\/\/expedicionglobal.com.co\/empresas-y-servicios\/#primaryimage\",\"url\":\"https:\/\/expedicionglobal.com.co\/wp-content\/uploads\/2025\/07\/seccion-services-819x1024.png\",\"contentUrl\":\"https:\/\/expedicionglobal.com.co\/wp-content\/uploads\/2025\/07\/seccion-services-819x1024.png\"},{\"@type\":\"BreadcrumbList\",\"@id\":\"https:\/\/expedicionglobal.com.co\/empresas-y-servicios\/#breadcrumb\",\"itemListElement\":[{\"@type\":\"ListItem\",\"position\":1,\"name\":\"Inicio\",\"item\":\"https:\/\/expedicionglobal.com.co\/\"},{\"@type\":\"ListItem\",\"position\":2,\"name\":\"Trasporte\"}]},{\"@type\":\"WebSite\",\"@id\":\"https:\/\/expedicionglobal.com.co\/#website\",\"url\":\"https:\/\/expedicionglobal.com.co\/\",\"name\":\"Expedici\u00f3n global, operadora de turismo\",\"description\":\"Expedici\u00f3n Global ofrece viajes sostenibles y aut\u00e9nticos que conectan con la esencia natural, cultural y gastron\u00f3mica de Colombia y el mundo. Explora con prop\u00f3sito, preserva su esencia.\",\"potentialAction\":[{\"@type\":\"SearchAction\",\"target\":{\"@type\":\"EntryPoint\",\"urlTemplate\":\"https:\/\/expedicionglobal.com.co\/?s={search_term_string}\"},\"query-input\":{\"@type\":\"PropertyValueSpecification\",\"valueRequired\":true,\"valueName\":\"search_term_string\"}}],\"inLanguage\":\"en-US\"}]}<\/script>\n<!-- \/ Yoast SEO plugin. -->","yoast_head_json":{"title":"Trasporte - Expedici\u00f3n global, operadora de turismo","robots":{"index":"index","follow":"follow","max-snippet":"max-snippet:-1","max-image-preview":"max-image-preview:large","max-video-preview":"max-video-preview:-1"},"canonical":"https:\/\/expedicionglobal.com.co\/en\/empresas-y-servicios\/","og_locale":"en_US","og_type":"article","og_title":"Trasporte - Expedici\u00f3n global, operadora de turismo","og_description":"Nuestros aliados y servicios recomendados En esta secci\u00f3n, te presentamos una cuidadosa selecci\u00f3n de empresas, profesionales y organizaciones que ofrecen servicios diversos y de calidad en nuestra regi\u00f3n y m\u00e1s all\u00e1. Desde experiencias culturales y deportivas hasta soluciones de negocios y dise\u00f1o, nuestro objetivo es conectarte con lo mejor en cada sector. Explora las propuestas [&hellip;]","og_url":"https:\/\/expedicionglobal.com.co\/en\/empresas-y-servicios\/","og_site_name":"Expedici\u00f3n global, operadora de turismo","article_modified_time":"2026-01-06T20:38:59+00:00","og_image":[{"url":"https:\/\/expedicionglobal.com.co\/wp-content\/uploads\/2025\/07\/seccion-services-819x1024.png","type":"","width":"","height":""}],"twitter_card":"summary_large_image","twitter_misc":{"Est. reading time":"3 minutes"},"schema":{"@context":"https:\/\/schema.org","@graph":[{"@type":"WebPage","@id":"https:\/\/expedicionglobal.com.co\/trasporte\/","url":"https:\/\/expedicionglobal.com.co\/empresas-y-servicios\/","name":"Trasporte - Expedici\u00f3n global, operadora de turismo","isPartOf":{"@id":"https:\/\/expedicionglobal.com.co\/#website"},"primaryImageOfPage":{"@id":"https:\/\/expedicionglobal.com.co\/empresas-y-servicios\/#primaryimage"},"image":{"@id":"https:\/\/expedicionglobal.com.co\/empresas-y-servicios\/#primaryimage"},"thumbnailUrl":"https:\/\/expedicionglobal.com.co\/wp-content\/uploads\/2025\/07\/seccion-services-819x1024.png","datePublished":"2026-01-06T20:01:09+00:00","dateModified":"2026-01-06T20:38:59+00:00","breadcrumb":{"@id":"https:\/\/expedicionglobal.com.co\/empresas-y-servicios\/#breadcrumb"},"inLanguage":"en-US","potentialAction":[{"@type":"ReadAction","target":["https:\/\/expedicionglobal.com.co\/empresas-y-servicios\/"]}]},{"@type":"ImageObject","inLanguage":"en-US","@id":"https:\/\/expedicionglobal.com.co\/empresas-y-servicios\/#primaryimage","url":"https:\/\/expedicionglobal.com.co\/wp-content\/uploads\/2025\/07\/seccion-services-819x1024.png","contentUrl":"https:\/\/expedicionglobal.com.co\/wp-content\/uploads\/2025\/07\/seccion-services-819x1024.png"},{"@type":"BreadcrumbList","@id":"https:\/\/expedicionglobal.com.co\/empresas-y-servicios\/#breadcrumb","itemListElement":[{"@type":"ListItem","position":1,"name":"Inicio","item":"https:\/\/expedicionglobal.com.co\/"},{"@type":"ListItem","position":2,"name":"Trasporte"}]},{"@type":"WebSite","@id":"https:\/\/expedicionglobal.com.co\/#website","url":"https:\/\/expedicionglobal.com.co\/","name":"Expedici\u00f3n global, operadora de turismo","description":"Expedici\u00f3n Global ofrece viajes sostenibles y aut\u00e9nticos que conectan con la esencia natural, cultural y gastron\u00f3mica de Colombia y el mundo. Explora con prop\u00f3sito, preserva su esencia.","potentialAction":[{"@type":"SearchAction","target":{"@type":"EntryPoint","urlTemplate":"https:\/\/expedicionglobal.com.co\/?s={search_term_string}"},"query-input":{"@type":"PropertyValueSpecification","valueRequired":true,"valueName":"search_term_string"}}],"inLanguage":"en-US"}]}},"_links":{"self":[{"href":"https:\/\/expedicionglobal.com.co\/en\/wp-json\/wp\/v2\/pages\/13475","targetHints":{"allow":["GET"]}}],"collection":[{"href":"https:\/\/expedicionglobal.com.co\/en\/wp-json\/wp\/v2\/pages"}],"about":[{"href":"https:\/\/expedicionglobal.com.co\/en\/wp-json\/wp\/v2\/types\/page"}],"author":[{"embeddable":true,"href":"https:\/\/expedicionglobal.com.co\/en\/wp-json\/wp\/v2\/users\/4"}],"replies":[{"embeddable":true,"href":"https:\/\/expedicionglobal.com.co\/en\/wp-json\/wp\/v2\/comments?post=13475"}],"version-history":[{"count":4,"href":"https:\/\/expedicionglobal.com.co\/en\/wp-json\/wp\/v2\/pages\/13475\/revisions"}],"predecessor-version":[{"id":13481,"href":"https:\/\/expedicionglobal.com.co\/en\/wp-json\/wp\/v2\/pages\/13475\/revisions\/13481"}],"wp:attachment":[{"href":"https:\/\/expedicionglobal.com.co\/en\/wp-json\/wp\/v2\/media?parent=13475"}],"curies":[{"name":"wp","href":"https:\/\/api.w.org\/{rel}","templated":true}]}}