{"id":13300,"date":"2025-12-19T11:50:48","date_gmt":"2025-12-19T16:50:48","guid":{"rendered":"https:\/\/expedicionglobal.com.co\/?page_id=13300"},"modified":"2025-12-19T14:41:08","modified_gmt":"2025-12-19T19:41:08","slug":"turismo-y-experiencias","status":"publish","type":"page","link":"https:\/\/expedicionglobal.com.co\/en\/turismo-y-experiencias\/","title":{"rendered":"Tourism and experiences"},"content":{"rendered":"<div data-elementor-type=\"wp-page\" data-elementor-id=\"13300\" class=\"elementor elementor-13300\" data-elementor-post-type=\"page\">\n\t\t\t\t<div class=\"elementor-element elementor-element-ce2e21f e-flex e-con-boxed e-con e-parent\" data-id=\"ce2e21f\" data-element_type=\"container\">\n\t\t\t\t\t<div class=\"e-con-inner\">\n\t\t\t\t<div class=\"elementor-element elementor-element-3a48c45 elementor-widget-divider--view-line elementor-widget elementor-widget-divider\" data-id=\"3a48c45\" data-element_type=\"widget\" data-widget_type=\"divider.default\">\n\t\t\t\t<div class=\"elementor-widget-container\">\n\t\t\t\t\t\t\t<div class=\"elementor-divider\">\n\t\t\t<span class=\"elementor-divider-separator\">\n\t\t\t\t\t\t<\/span>\n\t\t<\/div>\n\t\t\t\t\t\t<\/div>\n\t\t\t\t<\/div>\n\t\t\t\t\t<\/div>\n\t\t\t\t<\/div>\n\t\t<div class=\"elementor-element elementor-element-c8279a2 e-con-full e-flex e-con e-parent\" data-id=\"c8279a2\" data-element_type=\"container\">\n\t\t\t\t<div class=\"elementor-element elementor-element-6e86151 elementor-widget elementor-widget-heading\" data-id=\"6e86151\" data-element_type=\"widget\" data-widget_type=\"heading.default\">\n\t\t\t\t<div class=\"elementor-widget-container\">\n\t\t\t\t\t<h2 class=\"elementor-heading-title elementor-size-default\">Trusted Businesses and Partners in Cajamarca, Tolima: The Best Services and Products!<\/h2>\t\t\t\t<\/div>\n\t\t\t\t<\/div>\n\t\t<div class=\"elementor-element elementor-element-6c2d376 e-flex e-con-boxed e-con e-child\" data-id=\"6c2d376\" data-element_type=\"container\">\n\t\t\t\t\t<div class=\"e-con-inner\">\n\t\t\t\t<div class=\"elementor-element elementor-element-b058298 elementor-grid-3 elementor-grid-tablet-3 elementor-grid-mobile-2 elementor-products-grid elementor-wc-products elementor-widget elementor-widget-woocommerce-products\" data-id=\"b058298\" data-element_type=\"widget\" data-widget_type=\"woocommerce-products.default\">\n\t\t\t\t<div class=\"elementor-widget-container\">\n\t\t\t\t\t<div class=\"woocommerce columns-3\"><ul class=\"products elementor-grid columns-3\">\n\n<div class=\"ova-product product type-product post-13238 status-publish first instock product_cat-alojamiento product_cat-cajamarca-empresas product_cat-empresas product_cat-turismo-y-experiencias has-post-thumbnail shipping-taxable product-type-simple\">\n\t\n<div class=\"ova_head_product\">\n\t\t\t\t<div class=\"ova-product-wishlist\">\n\t\t\t\n<div\n\tclass=\"yith-wcwl-add-to-wishlist add-to-wishlist-13238 yith-wcwl-add-to-wishlist--link-style wishlist-fragment on-first-load\"\n\tdata-fragment-ref=\"13238\"\n\tdata-fragment-options=\"{&quot;base_url&quot;:&quot;&quot;,&quot;product_id&quot;:13238,&quot;parent_product_id&quot;:0,&quot;product_type&quot;:&quot;simple&quot;,&quot;is_single&quot;:false,&quot;in_default_wishlist&quot;:false,&quot;show_view&quot;:false,&quot;browse_wishlist_text&quot;:&quot;Browse wishlist&quot;,&quot;already_in_wishslist_text&quot;:&quot;The product is already in your wishlist!&quot;,&quot;product_added_text&quot;:&quot;Product added!&quot;,&quot;available_multi_wishlist&quot;:false,&quot;disable_wishlist&quot;:false,&quot;show_count&quot;:false,&quot;ajax_loading&quot;:false,&quot;loop_position&quot;:&quot;after_add_to_cart&quot;,&quot;item&quot;:&quot;add_to_wishlist&quot;}\"\n>\n\t\t\t\n\t\t\t<!-- ADD TO WISHLIST -->\n\t\t\t\n<div class=\"yith-wcwl-add-button\">\n\t\t<a\n\t\thref=\"?add_to_wishlist=13238&#038;_wpnonce=747a940623\"\n\t\tclass=\"add_to_wishlist single_add_to_wishlist\"\n\t\tdata-product-id=\"13238\"\n\t\tdata-product-type=\"simple\"\n\t\tdata-original-product-id=\"0\"\n\t\tdata-title=\"Add to wishlist\"\n\t\trel=\"nofollow\"\n\t>\n\t\t<svg id=\"yith-wcwl-icon-heart-outline\" class=\"yith-wcwl-icon-svg\" fill=\"none\" stroke-width=\"1.5\" stroke=\"currentColor\" viewbox=\"0 0 24 24\" xmlns=\"http:\/\/www.w3.org\/2000\/svg\">\n  <path stroke-linecap=\"round\" stroke-linejoin=\"round\" d=\"M21 8.25c0-2.485-2.099-4.5-4.688-4.5-1.935 0-3.597 1.126-4.312 2.733-.715-1.607-2.377-2.733-4.313-2.733C5.1 3.75 3 5.765 3 8.25c0 7.22 9 12 9 12s9-4.78 9-12Z\"><\/path>\n<\/svg>\t\t<span>Add to wishlist<\/span>\n\t<\/a>\n<\/div>\n\n\t\t\t<!-- COUNT TEXT -->\n\t\t\t\n\t\t\t<\/div>\n\t\t<\/div>\n\t\t\t\t<a href=\"https:\/\/expedicionglobal.com.co\/en\/product\/eco-hotel-cantos-del-rio\/\" class=\"ova-product-thumbnail\">\n\t\t\t<img loading=\"lazy\" decoding=\"async\" width=\"636\" height=\"426\" src=\"https:\/\/expedicionglobal.com.co\/wp-content\/uploads\/2025\/12\/Cantos-del-rio-636x426.png\" class=\"attachment-tripgo_product_slider size-tripgo_product_slider\" alt=\"Eco hotel Cantos del R\u00edo\" srcset=\"https:\/\/expedicionglobal.com.co\/wp-content\/uploads\/2025\/12\/Cantos-del-rio-636x426.png 636w, https:\/\/expedicionglobal.com.co\/wp-content\/uploads\/2025\/12\/Cantos-del-rio-416x280.png 416w\" sizes=\"auto, (max-width: 636px) 100vw, 636px\" \/>\t\t<\/a>\n\t<\/div>\n\n<div class=\"ova_foot_product\">\n\n\t<div class=\"ova-product-day-title-location\">\n\n\t\t\t\t\n\t\t<h2 class=\"ova-product-title\">\n\t\t\t<a href=\"https:\/\/expedicionglobal.com.co\/en\/product\/eco-hotel-cantos-del-rio\/\">\n\t\t        Eco hotel Cantos del R\u00edo\t\t    <\/a>\n\t\t<\/h2>\n\t\t\n\t\t\t<\/div>\n\n    <div class=\"ova-product-review-and-price\">\n    \t\n\t\t<div class=\"ova-product-wrapper-price\">\n\t\t\t<div class=\"ova-product-price\">\n\t\t\t\t\t\t\t    \t\t\t\t    \t\t<span class=\"new-product-price\"><\/span>\n\t\t\t    \t\t\t\t\t\t\t\t<\/div>\n\t\t\t<a href=\"https:\/\/expedicionglobal.com.co\/en\/product\/eco-hotel-cantos-del-rio\/\" class=\"btn product-btn-book-now\">\n\t\t\t\tExplore\t\t\t<\/a>\n\t\t<\/div>\n\n    <\/div>\n\n<\/div><\/div>\n<div class=\"ova-product product type-product post-12992 status-publish instock product_cat-cajamarca-empresas product_cat-empresas product_cat-turismo-y-experiencias has-post-thumbnail shipping-taxable product-type-simple\">\n\t\n<div class=\"ova_head_product\">\n\t\t\t\t<div class=\"ova-product-wishlist\">\n\t\t\t\n<div\n\tclass=\"yith-wcwl-add-to-wishlist add-to-wishlist-12992 yith-wcwl-add-to-wishlist--link-style wishlist-fragment on-first-load\"\n\tdata-fragment-ref=\"12992\"\n\tdata-fragment-options=\"{&quot;base_url&quot;:&quot;&quot;,&quot;product_id&quot;:12992,&quot;parent_product_id&quot;:0,&quot;product_type&quot;:&quot;simple&quot;,&quot;is_single&quot;:false,&quot;in_default_wishlist&quot;:false,&quot;show_view&quot;:false,&quot;browse_wishlist_text&quot;:&quot;Browse wishlist&quot;,&quot;already_in_wishslist_text&quot;:&quot;The product is already in your wishlist!&quot;,&quot;product_added_text&quot;:&quot;Product added!&quot;,&quot;available_multi_wishlist&quot;:false,&quot;disable_wishlist&quot;:false,&quot;show_count&quot;:false,&quot;ajax_loading&quot;:false,&quot;loop_position&quot;:&quot;after_add_to_cart&quot;,&quot;item&quot;:&quot;add_to_wishlist&quot;}\"\n>\n\t\t\t\n\t\t\t<!-- ADD TO WISHLIST -->\n\t\t\t\n<div class=\"yith-wcwl-add-button\">\n\t\t<a\n\t\thref=\"?add_to_wishlist=12992&#038;_wpnonce=747a940623\"\n\t\tclass=\"add_to_wishlist single_add_to_wishlist\"\n\t\tdata-product-id=\"12992\"\n\t\tdata-product-type=\"simple\"\n\t\tdata-original-product-id=\"0\"\n\t\tdata-title=\"Add to wishlist\"\n\t\trel=\"nofollow\"\n\t>\n\t\t<svg id=\"yith-wcwl-icon-heart-outline\" class=\"yith-wcwl-icon-svg\" fill=\"none\" stroke-width=\"1.5\" stroke=\"currentColor\" viewbox=\"0 0 24 24\" xmlns=\"http:\/\/www.w3.org\/2000\/svg\">\n  <path stroke-linecap=\"round\" stroke-linejoin=\"round\" d=\"M21 8.25c0-2.485-2.099-4.5-4.688-4.5-1.935 0-3.597 1.126-4.312 2.733-.715-1.607-2.377-2.733-4.313-2.733C5.1 3.75 3 5.765 3 8.25c0 7.22 9 12 9 12s9-4.78 9-12Z\"><\/path>\n<\/svg>\t\t<span>Add to wishlist<\/span>\n\t<\/a>\n<\/div>\n\n\t\t\t<!-- COUNT TEXT -->\n\t\t\t\n\t\t\t<\/div>\n\t\t<\/div>\n\t\t\t\t<a href=\"https:\/\/expedicionglobal.com.co\/en\/product\/hacienda-campo-pequeno\/\" class=\"ova-product-thumbnail\">\n\t\t\t<img loading=\"lazy\" decoding=\"async\" width=\"636\" height=\"426\" src=\"https:\/\/expedicionglobal.com.co\/wp-content\/uploads\/2025\/06\/Museopp4-636x426.png\" class=\"attachment-tripgo_product_slider size-tripgo_product_slider\" alt=\"Hacienda campo peque\u00f1o\" srcset=\"https:\/\/expedicionglobal.com.co\/wp-content\/uploads\/2025\/06\/Museopp4-636x426.png 636w, https:\/\/expedicionglobal.com.co\/wp-content\/uploads\/2025\/06\/Museopp4-416x280.png 416w\" sizes=\"auto, (max-width: 636px) 100vw, 636px\" \/>\t\t<\/a>\n\t<\/div>\n\n<div class=\"ova_foot_product\">\n\n\t<div class=\"ova-product-day-title-location\">\n\n\t\t\t\t\n\t\t<h2 class=\"ova-product-title\">\n\t\t\t<a href=\"https:\/\/expedicionglobal.com.co\/en\/product\/hacienda-campo-pequeno\/\">\n\t\t        Campo Peque\u00f1o Hacienda\t\t    <\/a>\n\t\t<\/h2>\n\t\t\n\t\t\t<\/div>\n\n    <div class=\"ova-product-review-and-price\">\n    \t\n\t\t<div class=\"ova-product-wrapper-price\">\n\t\t\t<div class=\"ova-product-price\">\n\t\t\t\t\t\t\t    \t\t\t\t    \t\t<span class=\"new-product-price\"><\/span>\n\t\t\t    \t\t\t\t\t\t\t\t<\/div>\n\t\t\t<a href=\"https:\/\/expedicionglobal.com.co\/en\/product\/hacienda-campo-pequeno\/\" class=\"btn product-btn-book-now\">\n\t\t\t\tExplore\t\t\t<\/a>\n\t\t<\/div>\n\n    <\/div>\n\n<\/div><\/div><\/ul>\n<\/div>\t\t\t\t<\/div>\n\t\t\t\t<\/div>\n\t\t\t\t\t<\/div>\n\t\t\t\t<\/div>\n\t\t\t\t<\/div>\n\t\t<div class=\"elementor-element elementor-element-1c90952 e-flex e-con-boxed e-con e-parent\" data-id=\"1c90952\" data-element_type=\"container\">\n\t\t\t\t\t<div class=\"e-con-inner\">\n\t\t\t\t<div class=\"elementor-element elementor-element-f844445 elementor-widget elementor-widget-heading\" data-id=\"f844445\" data-element_type=\"widget\" data-widget_type=\"heading.default\">\n\t\t\t\t<div class=\"elementor-widget-container\">\n\t\t\t\t\t<h1 class=\"elementor-heading-title elementor-size-default\">Tourism and experiences in Cajamarca, Tolima: nature, culture, and adventure.<\/h1>\t\t\t\t<\/div>\n\t\t\t\t<\/div>\n\t\t\t\t<div class=\"elementor-element elementor-element-e9f69e4 elementor-hidden-desktop elementor-hidden-tablet elementor-hidden-mobile elementor-widget elementor-widget-text-editor\" data-id=\"e9f69e4\" data-element_type=\"widget\" data-widget_type=\"text-editor.default\">\n\t\t\t\t<div class=\"elementor-widget-container\">\n\t\t\t\t\t\t\t\t\t<p>Descubre el Encanto del Turismo en Cajamarca, Tolima con Expedici\u00f3n Global<\/p>\t\t\t\t\t\t\t\t<\/div>\n\t\t\t\t<\/div>\n\t\t\t\t\t<\/div>\n\t\t\t\t<\/div>\n\t\t<div class=\"elementor-element elementor-element-022abfe e-flex e-con-boxed e-con e-parent\" data-id=\"022abfe\" data-element_type=\"container\">\n\t\t\t\t\t<div class=\"e-con-inner\">\n\t\t\t\t<div class=\"elementor-element elementor-element-499971f elementor-widget elementor-widget-heading\" data-id=\"499971f\" data-element_type=\"widget\" data-widget_type=\"heading.default\">\n\t\t\t\t<div class=\"elementor-widget-container\">\n\t\t\t\t\t<h2 class=\"elementor-heading-title elementor-size-default\">Live unforgettable experiences in Cajamarca: mountain trails, rural tourism, and activities that connect you with the rural essence of Tolima.<\/h2>\t\t\t\t<\/div>\n\t\t\t\t<\/div>\n\t\t\t\t\t<\/div>\n\t\t\t\t<\/div>\n\t\t<div class=\"elementor-element elementor-element-c80f43c e-flex e-con-boxed e-con e-parent\" data-id=\"c80f43c\" data-element_type=\"container\">\n\t\t\t\t\t<div class=\"e-con-inner\">\n\t\t\t\t<div class=\"elementor-element elementor-element-de704b8 elementor-widget elementor-widget-text-editor\" data-id=\"de704b8\" data-element_type=\"widget\" data-widget_type=\"text-editor.default\">\n\t\t\t\t<div class=\"elementor-widget-container\">\n\t\t\t\t\t\t\t\t\t<p class=\"my-2 [&amp;+p]:mt-4 [&amp;_strong:has(+br)]:inline-block [&amp;_strong:has(+br)]:pb-2 translation-block\">Cajamarca, Tolima, is an ideal territory for those seeking authentic experiences, far from mass tourism and close to rural life, nature, and farming culture.\u200b\nMisty mountains, canyons, crystal-clear rivers, agricultural landscapes, and routes that connect with the magic of the Andean p\u00e1ramos come together here, making the municipality a strategic point for ecotourism, hiking, and observing the natural environment.\u200b<\/p><p class=\"my-2 [&amp;+p]:mt-4 [&amp;_strong:has(+br)]:inline-block [&amp;_strong:has(+br)]:pb-2 translation-block\">From Expedici\u00f3n Global, we design and coordinate tourism experiences in Cajamarca that go beyond a simple visit: walks along rural trails, birdwatching outings, mountain bike trips, tours of producing farms, visits to natural viewpoints, and routes that highlight arracacha, coffee, and other emblematic products of the region.\u200b\nEach activity is designed so that travelers connect with the territory\u2019s history, understand its agricultural importance, and enjoy unique landscapes in the heart of the Andes.\u200b<\/p><p class=\"my-2 [&amp;+p]:mt-4 [&amp;_strong:has(+br)]:inline-block [&amp;_strong:has(+br)]:pb-2 translation-block\">Our experiences always include direct contact with local communities, guides who know the territory, and partner ventures that share a vision of responsible tourism.\u200b\nIn this way, visitors not only enjoy outdoor adventures but also help strengthen the rural economy, recognize the work of farming families, and support the conservation of the ecosystems that make Cajamarca, Tolima, a special destination.\u200b\nWhether you are looking for a gentle nature plan, a cultural tour, or a high-mountain expedition, in this section you will find options for every experience level and type of traveler.\u200b<\/p>\t\t\t\t\t\t\t\t<\/div>\n\t\t\t\t<\/div>\n\t\t\t\t\t<\/div>\n\t\t\t\t<\/div>\n\t\t<div class=\"elementor-element elementor-element-939987f e-flex e-con-boxed e-con e-parent\" data-id=\"939987f\" data-element_type=\"container\">\n\t\t\t\t\t<div class=\"e-con-inner\">\n\t\t\t\t<div class=\"elementor-element elementor-element-cd65aa7 elementor-widget elementor-widget-heading\" data-id=\"cd65aa7\" data-element_type=\"widget\" data-widget_type=\"heading.default\">\n\t\t\t\t<div class=\"elementor-widget-container\">\n\t\t\t\t\t<h2 class=\"elementor-heading-title elementor-size-default\">Would you like to become one of our partners?<\/h2>\t\t\t\t<\/div>\n\t\t\t\t<\/div>\n\t\t\t\t\t<\/div>\n\t\t\t\t<\/div>\n\t\t<div class=\"elementor-element elementor-element-481950a e-flex e-con-boxed e-con e-parent\" data-id=\"481950a\" data-element_type=\"container\">\n\t\t\t\t\t<div class=\"e-con-inner\">\n\t\t\t\t<div class=\"elementor-element elementor-element-4ded41c elementor-widget elementor-widget-text-editor\" data-id=\"4ded41c\" data-element_type=\"widget\" data-widget_type=\"text-editor.default\">\n\t\t\t\t<div class=\"elementor-widget-container\">\n\t\t\t\t\t\t\t\t\t<p>If you are a local business or entrepreneur in Cajamarca, Tolima, and offer quality services that promote sustainable tourism and local culture, we invite you to contact us. At Expedici\u00f3n Global, we are always looking for new partners to enrich our travelers' experiences and strengthen the region\u2019s economy.<\/p>\t\t\t\t\t\t\t\t<\/div>\n\t\t\t\t<\/div>\n\t\t\t\t\t<\/div>\n\t\t\t\t<\/div>\n\t\t\t\t<\/div>","protected":false},"excerpt":{"rendered":"<p>Empresas y aliados confiables en Cajamarca, Tolima: \u00a1los mejores servicios y productos! Turismo y experiencias en Cajamarca, Tolima: naturaleza, cultura y aventura Descubre el Encanto del Turismo en Cajamarca, Tolima con Expedici\u00f3n Global Vive experiencias inolvidables en Cajamarca: rutas de monta\u00f1a, turismo rural y actividades que conectan con la esencia campesina del Tolima. Cajamarca, Tolima, [&hellip;]<\/p>","protected":false},"author":4,"featured_media":0,"parent":0,"menu_order":0,"comment_status":"closed","ping_status":"closed","template":"elementor_header_footer","meta":{"_acf_changed":false,"_monsterinsights_skip_tracking":false,"_monsterinsights_sitenote_active":false,"_monsterinsights_sitenote_note":"","_monsterinsights_sitenote_category":0,"_joinchat":[],"footnotes":""},"class_list":["post-13300","page","type-page","status-publish","hentry"],"acf":[],"aioseo_notices":[],"yoast_head":"<!-- This site is optimized with the Yoast SEO plugin v25.3.1 - https:\/\/yoast.com\/wordpress\/plugins\/seo\/ -->\n<title>Turismo y experiencias - Expedici\u00f3n global, operadora de turismo<\/title>\n<meta name=\"description\" content=\"Explora Cajamarca Tolima: vive turismo sostenible, aventura, gastronom\u00eda y cultura. \u00bfQu\u00e9 hacer en Cajamarca?\" \/>\n<meta name=\"robots\" content=\"index, follow, max-snippet:-1, max-image-preview:large, max-video-preview:-1\" \/>\n<link rel=\"canonical\" href=\"https:\/\/expedicionglobal.com.co\/en\/cajamarca-tolima\/\" \/>\n<meta property=\"og:locale\" content=\"en_US\" \/>\n<meta property=\"og:type\" content=\"article\" \/>\n<meta property=\"og:title\" content=\"Turismo y experiencias - Expedici\u00f3n global, operadora de turismo\" \/>\n<meta property=\"og:description\" content=\"Explora Cajamarca Tolima: vive turismo sostenible, aventura, gastronom\u00eda y cultura. \u00bfQu\u00e9 hacer en Cajamarca?\" \/>\n<meta property=\"og:url\" content=\"https:\/\/expedicionglobal.com.co\/en\/cajamarca-tolima\/\" \/>\n<meta property=\"og:site_name\" content=\"Expedici\u00f3n global, operadora de turismo\" \/>\n<meta property=\"article:modified_time\" content=\"2025-12-19T19:41:08+00:00\" \/>\n<meta name=\"twitter:card\" content=\"summary_large_image\" \/>\n<meta name=\"twitter:label1\" content=\"Est. reading time\" \/>\n\t<meta name=\"twitter:data1\" content=\"5 minutes\" \/>\n<script type=\"application\/ld+json\" class=\"yoast-schema-graph\">{\"@context\":\"https:\/\/schema.org\",\"@graph\":[{\"@type\":\"WebPage\",\"@id\":\"https:\/\/expedicionglobal.com.co\/turismo-y-experiencias\/\",\"url\":\"https:\/\/expedicionglobal.com.co\/cajamarca-tolima\/\",\"name\":\"Turismo y experiencias - Expedici\u00f3n global, operadora de turismo\",\"isPartOf\":{\"@id\":\"https:\/\/expedicionglobal.com.co\/#website\"},\"datePublished\":\"2025-12-19T16:50:48+00:00\",\"dateModified\":\"2025-12-19T19:41:08+00:00\",\"description\":\"Explora Cajamarca Tolima: vive turismo sostenible, aventura, gastronom\u00eda y cultura. \u00bfQu\u00e9 hacer en Cajamarca?\",\"breadcrumb\":{\"@id\":\"https:\/\/expedicionglobal.com.co\/cajamarca-tolima\/#breadcrumb\"},\"inLanguage\":\"en-US\",\"potentialAction\":[{\"@type\":\"ReadAction\",\"target\":[\"https:\/\/expedicionglobal.com.co\/cajamarca-tolima\/\"]}]},{\"@type\":\"BreadcrumbList\",\"@id\":\"https:\/\/expedicionglobal.com.co\/cajamarca-tolima\/#breadcrumb\",\"itemListElement\":[{\"@type\":\"ListItem\",\"position\":1,\"name\":\"Inicio\",\"item\":\"https:\/\/expedicionglobal.com.co\/\"},{\"@type\":\"ListItem\",\"position\":2,\"name\":\"Turismo y experiencias\"}]},{\"@type\":\"WebSite\",\"@id\":\"https:\/\/expedicionglobal.com.co\/#website\",\"url\":\"https:\/\/expedicionglobal.com.co\/\",\"name\":\"Expedici\u00f3n global, operadora de turismo\",\"description\":\"Expedici\u00f3n Global ofrece viajes sostenibles y aut\u00e9nticos que conectan con la esencia natural, cultural y gastron\u00f3mica de Colombia y el mundo. Explora con prop\u00f3sito, preserva su esencia.\",\"potentialAction\":[{\"@type\":\"SearchAction\",\"target\":{\"@type\":\"EntryPoint\",\"urlTemplate\":\"https:\/\/expedicionglobal.com.co\/?s={search_term_string}\"},\"query-input\":{\"@type\":\"PropertyValueSpecification\",\"valueRequired\":true,\"valueName\":\"search_term_string\"}}],\"inLanguage\":\"en-US\"}]}<\/script>\n<!-- \/ Yoast SEO plugin. -->","yoast_head_json":{"title":"Turismo y experiencias - Expedici\u00f3n global, operadora de turismo","description":"Explora Cajamarca Tolima: vive turismo sostenible, aventura, gastronom\u00eda y cultura. \u00bfQu\u00e9 hacer en Cajamarca?","robots":{"index":"index","follow":"follow","max-snippet":"max-snippet:-1","max-image-preview":"max-image-preview:large","max-video-preview":"max-video-preview:-1"},"canonical":"https:\/\/expedicionglobal.com.co\/en\/cajamarca-tolima\/","og_locale":"en_US","og_type":"article","og_title":"Turismo y experiencias - Expedici\u00f3n global, operadora de turismo","og_description":"Explora Cajamarca Tolima: vive turismo sostenible, aventura, gastronom\u00eda y cultura. \u00bfQu\u00e9 hacer en Cajamarca?","og_url":"https:\/\/expedicionglobal.com.co\/en\/cajamarca-tolima\/","og_site_name":"Expedici\u00f3n global, operadora de turismo","article_modified_time":"2025-12-19T19:41:08+00:00","twitter_card":"summary_large_image","twitter_misc":{"Est. reading time":"5 minutes"},"schema":{"@context":"https:\/\/schema.org","@graph":[{"@type":"WebPage","@id":"https:\/\/expedicionglobal.com.co\/turismo-y-experiencias\/","url":"https:\/\/expedicionglobal.com.co\/cajamarca-tolima\/","name":"Turismo y experiencias - Expedici\u00f3n global, operadora de turismo","isPartOf":{"@id":"https:\/\/expedicionglobal.com.co\/#website"},"datePublished":"2025-12-19T16:50:48+00:00","dateModified":"2025-12-19T19:41:08+00:00","description":"Explora Cajamarca Tolima: vive turismo sostenible, aventura, gastronom\u00eda y cultura. \u00bfQu\u00e9 hacer en Cajamarca?","breadcrumb":{"@id":"https:\/\/expedicionglobal.com.co\/cajamarca-tolima\/#breadcrumb"},"inLanguage":"en-US","potentialAction":[{"@type":"ReadAction","target":["https:\/\/expedicionglobal.com.co\/cajamarca-tolima\/"]}]},{"@type":"BreadcrumbList","@id":"https:\/\/expedicionglobal.com.co\/cajamarca-tolima\/#breadcrumb","itemListElement":[{"@type":"ListItem","position":1,"name":"Inicio","item":"https:\/\/expedicionglobal.com.co\/"},{"@type":"ListItem","position":2,"name":"Turismo y experiencias"}]},{"@type":"WebSite","@id":"https:\/\/expedicionglobal.com.co\/#website","url":"https:\/\/expedicionglobal.com.co\/","name":"Expedici\u00f3n global, operadora de turismo","description":"Expedici\u00f3n Global ofrece viajes sostenibles y aut\u00e9nticos que conectan con la esencia natural, cultural y gastron\u00f3mica de Colombia y el mundo. Explora con prop\u00f3sito, preserva su esencia.","potentialAction":[{"@type":"SearchAction","target":{"@type":"EntryPoint","urlTemplate":"https:\/\/expedicionglobal.com.co\/?s={search_term_string}"},"query-input":{"@type":"PropertyValueSpecification","valueRequired":true,"valueName":"search_term_string"}}],"inLanguage":"en-US"}]}},"_links":{"self":[{"href":"https:\/\/expedicionglobal.com.co\/en\/wp-json\/wp\/v2\/pages\/13300","targetHints":{"allow":["GET"]}}],"collection":[{"href":"https:\/\/expedicionglobal.com.co\/en\/wp-json\/wp\/v2\/pages"}],"about":[{"href":"https:\/\/expedicionglobal.com.co\/en\/wp-json\/wp\/v2\/types\/page"}],"author":[{"embeddable":true,"href":"https:\/\/expedicionglobal.com.co\/en\/wp-json\/wp\/v2\/users\/4"}],"replies":[{"embeddable":true,"href":"https:\/\/expedicionglobal.com.co\/en\/wp-json\/wp\/v2\/comments?post=13300"}],"version-history":[{"count":10,"href":"https:\/\/expedicionglobal.com.co\/en\/wp-json\/wp\/v2\/pages\/13300\/revisions"}],"predecessor-version":[{"id":13364,"href":"https:\/\/expedicionglobal.com.co\/en\/wp-json\/wp\/v2\/pages\/13300\/revisions\/13364"}],"wp:attachment":[{"href":"https:\/\/expedicionglobal.com.co\/en\/wp-json\/wp\/v2\/media?parent=13300"}],"curies":[{"name":"wp","href":"https:\/\/api.w.org\/{rel}","templated":true}]}}